{"id":4451,"date":"2021-07-11T19:01:32","date_gmt":"2021-07-11T17:01:32","guid":{"rendered":"https:\/\/www.sophygeneva.eu\/?post_type=product&#038;p=4451"},"modified":"2022-05-08T17:12:17","modified_gmt":"2022-05-08T15:12:17","slug":"lucky-clover-ring-in-18k-yellow-gold-2","status":"publish","type":"product","link":"https:\/\/www.sophygeneva.eu\/it\/item\/lucky-clover-ring-in-18k-yellow-gold-2\/","title":{"rendered":"Anello trifoglio fortunato in oro giallo 18 carati"},"content":{"rendered":"","protected":false},"excerpt":{"rendered":"<p>La rara perfezione di un quadrifoglio \u00e8 racchiusa in questo anello portafortuna! Un delicato anello a quadrifoglio \u00e8 un modo adorabile per portare fortuna con te ovunque tu vada, uno splendido gioiello che sar\u00e0 il regalo perfetto per ogni occasione speciale o semplicemente per regalarti, te lo meriti!<\/p>","protected":false},"featured_media":4413,"template":"","meta":[],"product_cat":[297,264],"product_tag":[48,52,316,386],"class_list":{"0":"post-4451","1":"product","2":"type-product","3":"status-publish","4":"has-post-thumbnail","6":"product_cat-rings","7":"product_cat-exclusive-collections","8":"product_tag-18k-gold-jewellery","9":"product_tag-diamond-jewellery","10":"product_tag-rose-gold","11":"product_tag-white-diamond","12":"pa_color-yellow-gold","13":"pa_estimated-time-of-dispatch-4-to-5-weeks","14":"pa_jewellery-art-ring","15":"pa_jewellery-material-gold-18k-750","16":"pa_made-for-ladies","17":"pa_product-brand-fine-jewellery-by-sophy-geneva","18":"pa_product-gemstone-diamond","19":"pa_product-ring-size-50-o-159mm","20":"pa_product-ring-size-52-o-165mm","21":"pa_product-ring-size-377","22":"pa_product-ring-size-378","23":"pa_product-ring-size-379","24":"pa_product-ring-size-380","26":"first","27":"instock","28":"purchasable","29":"product-type-variable","30":"has-default-attributes"},"yoast_head":"<!-- This site is optimized with the Yoast SEO Premium plugin v18.1 (Yoast SEO v24.1) - https:\/\/yoast.com\/wordpress\/plugins\/seo\/ -->\n<title>Lucky clover Ring in 18k Yellow-gold - Sophy Geneva Jewellery<\/title>\n<meta name=\"description\" content=\"The perfection of a four-leaf clover is encapsulated in this lucky necklace! Check out our Swiss Design lucky clover jewelry selection\" \/>\n<meta name=\"robots\" content=\"index, follow, max-snippet:-1, max-image-preview:large, max-video-preview:-1\" \/>\n<link rel=\"canonical\" href=\"https:\/\/www.sophygeneva.eu\/it\/item\/lucky-clover-ring-in-18k-yellow-gold-2\/\" \/>\n<meta property=\"og:locale\" content=\"it_IT\" \/>\n<meta property=\"og:type\" content=\"article\" \/>\n<meta property=\"og:title\" content=\"Lucky clover Ring in 18k Yellow-gold - Sophy Geneva Jewellery\" \/>\n<meta property=\"og:description\" content=\"Sophy Geneva presents you its Iconic, Glamorous Fine jewelry &amp; watches. Discover our fabulous collections, with a possibility to Virtually try on. Let&#039;s shine\" \/>\n<meta property=\"og:url\" content=\"https:\/\/www.sophygeneva.eu\/it\/item\/lucky-clover-ring-in-18k-yellow-gold-2\/\" \/>\n<meta property=\"og:site_name\" content=\"Sophy Geneva Jewellery\" \/>\n<meta property=\"article:publisher\" content=\"https:\/\/facebook.com\/sophygeneva\" \/>\n<meta property=\"article:modified_time\" content=\"2022-05-08T15:12:17+00:00\" \/>\n<meta property=\"og:image\" content=\"https:\/\/www.sophygeneva.eu\/web\/wp-content\/uploads\/2021\/07\/WP-R-121217-y18.png\" \/>\n\t<meta property=\"og:image:width\" content=\"650\" \/>\n\t<meta property=\"og:image:height\" content=\"650\" \/>\n\t<meta property=\"og:image:type\" content=\"image\/png\" \/>\n<meta name=\"twitter:card\" content=\"summary_large_image\" \/>\n<meta name=\"twitter:site\" content=\"@sophygeneva\" \/>\n<meta name=\"twitter:label1\" content=\"Availability\" \/>\n\t<meta name=\"twitter:data1\" content=\"In stock\" \/>\n<script type=\"application\/ld+json\" class=\"yoast-schema-graph\">{\"@context\":\"https:\/\/schema.org\",\"@graph\":[{\"@type\":[\"WebPage\",\"ItemPage\"],\"@id\":\"https:\/\/www.sophygeneva.eu\/item\/lucky-clover-ring-in-18k-yellow-gold-2\/\",\"url\":\"https:\/\/www.sophygeneva.eu\/item\/lucky-clover-ring-in-18k-yellow-gold-2\/\",\"name\":\"Lucky clover Ring in 18k Yellow-gold - Sophy Geneva Jewellery\",\"isPartOf\":{\"@id\":\"https:\/\/www.sophygeneva.eu\/ru\/#website\"},\"primaryImageOfPage\":{\"@id\":\"https:\/\/www.sophygeneva.eu\/item\/lucky-clover-ring-in-18k-yellow-gold-2\/#primaryimage\"},\"image\":{\"@id\":\"https:\/\/www.sophygeneva.eu\/item\/lucky-clover-ring-in-18k-yellow-gold-2\/#primaryimage\"},\"thumbnailUrl\":\"https:\/\/www.sophygeneva.eu\/web\/wp-content\/uploads\/2021\/07\/WP-R-121217-y18.png\",\"datePublished\":\"2021-07-11T17:01:32+00:00\",\"dateModified\":\"2022-05-08T15:12:17+00:00\",\"description\":\"The perfection of a four-leaf clover is encapsulated in this lucky necklace! Check out our Swiss Design lucky clover jewelry selection\",\"breadcrumb\":{\"@id\":\"https:\/\/www.sophygeneva.eu\/item\/lucky-clover-ring-in-18k-yellow-gold-2\/#breadcrumb\"},\"inLanguage\":\"it-IT\",\"potentialAction\":[{\"@type\":\"ReadAction\",\"target\":[\"https:\/\/www.sophygeneva.eu\/item\/lucky-clover-ring-in-18k-yellow-gold-2\/\"]}]},{\"@type\":\"ImageObject\",\"inLanguage\":\"it-IT\",\"@id\":\"https:\/\/www.sophygeneva.eu\/item\/lucky-clover-ring-in-18k-yellow-gold-2\/#primaryimage\",\"url\":\"https:\/\/www.sophygeneva.eu\/web\/wp-content\/uploads\/2021\/07\/WP-R-121217-y18.png\",\"contentUrl\":\"https:\/\/www.sophygeneva.eu\/web\/wp-content\/uploads\/2021\/07\/WP-R-121217-y18.png\",\"width\":650,\"height\":650},{\"@type\":\"BreadcrumbList\",\"@id\":\"https:\/\/www.sophygeneva.eu\/item\/lucky-clover-ring-in-18k-yellow-gold-2\/#breadcrumb\",\"itemListElement\":[{\"@type\":\"ListItem\",\"position\":1,\"name\":\"Home\",\"item\":\"https:\/\/www.sophygeneva.eu\/\"},{\"@type\":\"ListItem\",\"position\":2,\"name\":\"Shop\",\"item\":\"https:\/\/www.sophygeneva.eu\/shop\/\"},{\"@type\":\"ListItem\",\"position\":3,\"name\":\"Women Jewelry\",\"item\":\"https:\/\/www.sophygeneva.eu\/products\/women-jewelry\/\"},{\"@type\":\"ListItem\",\"position\":4,\"name\":\"Rings\",\"item\":\"https:\/\/www.sophygeneva.eu\/products\/women-jewelry\/rings\/\"},{\"@type\":\"ListItem\",\"position\":5,\"name\":\"Lucky clover Ring in 18k Yellow-gold\"}]},{\"@type\":\"WebSite\",\"@id\":\"https:\/\/www.sophygeneva.eu\/ru\/#website\",\"url\":\"https:\/\/www.sophygeneva.eu\/ru\/\",\"name\":\"Sophy Geneva Jewellery\",\"description\":\"Fine Gold, Diamond, Gems &amp; Watches - Online Swiss Store | Be Wise\",\"publisher\":{\"@id\":\"https:\/\/www.sophygeneva.eu\/ru\/#organization\"},\"potentialAction\":[{\"@type\":\"SearchAction\",\"target\":{\"@type\":\"EntryPoint\",\"urlTemplate\":\"https:\/\/www.sophygeneva.eu\/ru\/?s={search_term_string}\"},\"query-input\":{\"@type\":\"PropertyValueSpecification\",\"valueRequired\":true,\"valueName\":\"search_term_string\"}}],\"inLanguage\":\"it-IT\"},{\"@type\":\"Organization\",\"@id\":\"https:\/\/www.sophygeneva.eu\/ru\/#organization\",\"name\":\"Sophy Geneva\",\"url\":\"https:\/\/www.sophygeneva.eu\/ru\/\",\"logo\":{\"@type\":\"ImageObject\",\"inLanguage\":\"it-IT\",\"@id\":\"https:\/\/www.sophygeneva.eu\/ru\/#\/schema\/logo\/image\/\",\"url\":\"https:\/\/www.sophygeneva.eu\/web\/wp-content\/uploads\/2021\/07\/sophy-geneva-logo-full.png\",\"contentUrl\":\"https:\/\/www.sophygeneva.eu\/web\/wp-content\/uploads\/2021\/07\/sophy-geneva-logo-full.png\",\"width\":2525,\"height\":673,\"caption\":\"Sophy Geneva\"},\"image\":{\"@id\":\"https:\/\/www.sophygeneva.eu\/ru\/#\/schema\/logo\/image\/\"},\"sameAs\":[\"https:\/\/facebook.com\/sophygeneva\",\"https:\/\/x.com\/sophygeneva\",\"https:\/\/instagram.com\/sophygeneva\",\"https:\/\/pinterest.com\/sophygeneva\",\"https:\/\/www.youtube.com\/channel\/UCHd7DXSLnPG1SngLqMh4cAA\"]}]}<\/script>\n<meta property=\"product:brand\" content=\"Fine Jewellery by Sophy Geneva\" \/>\n<meta property=\"og:availability\" content=\"instock\" \/>\n<meta property=\"product:availability\" content=\"instock\" \/>\n<meta property=\"product:retailer_item_id\" content=\"WPR121217-Y18\" \/>\n<meta property=\"product:condition\" content=\"new\" \/>\n<!-- \/ Yoast SEO Premium plugin. -->","yoast_head_json":{"title":"Lucky clover Ring in 18k Yellow-gold - Sophy Geneva Jewellery","description":"The perfection of a four-leaf clover is encapsulated in this lucky necklace! Check out our Swiss Design lucky clover jewelry selection","robots":{"index":"index","follow":"follow","max-snippet":"max-snippet:-1","max-image-preview":"max-image-preview:large","max-video-preview":"max-video-preview:-1"},"canonical":"https:\/\/www.sophygeneva.eu\/it\/item\/lucky-clover-ring-in-18k-yellow-gold-2\/","og_locale":"it_IT","og_type":"article","og_title":"Lucky clover Ring in 18k Yellow-gold - Sophy Geneva Jewellery","og_description":"Sophy Geneva presents you its Iconic, Glamorous Fine jewelry & watches. Discover our fabulous collections, with a possibility to Virtually try on. Let's shine","og_url":"https:\/\/www.sophygeneva.eu\/it\/item\/lucky-clover-ring-in-18k-yellow-gold-2\/","og_site_name":"Sophy Geneva Jewellery","article_publisher":"https:\/\/facebook.com\/sophygeneva","article_modified_time":"2022-05-08T15:12:17+00:00","og_image":[{"width":650,"height":650,"url":"https:\/\/www.sophygeneva.eu\/web\/wp-content\/uploads\/2021\/07\/WP-R-121217-y18.png","type":"image\/png"}],"twitter_card":"summary_large_image","twitter_site":"@sophygeneva","twitter_misc":{"Availability":"In stock"},"schema":{"@context":"https:\/\/schema.org","@graph":[{"@type":["WebPage","ItemPage"],"@id":"https:\/\/www.sophygeneva.eu\/item\/lucky-clover-ring-in-18k-yellow-gold-2\/","url":"https:\/\/www.sophygeneva.eu\/item\/lucky-clover-ring-in-18k-yellow-gold-2\/","name":"Lucky clover Ring in 18k Yellow-gold - Sophy Geneva Jewellery","isPartOf":{"@id":"https:\/\/www.sophygeneva.eu\/ru\/#website"},"primaryImageOfPage":{"@id":"https:\/\/www.sophygeneva.eu\/item\/lucky-clover-ring-in-18k-yellow-gold-2\/#primaryimage"},"image":{"@id":"https:\/\/www.sophygeneva.eu\/item\/lucky-clover-ring-in-18k-yellow-gold-2\/#primaryimage"},"thumbnailUrl":"https:\/\/www.sophygeneva.eu\/web\/wp-content\/uploads\/2021\/07\/WP-R-121217-y18.png","datePublished":"2021-07-11T17:01:32+00:00","dateModified":"2022-05-08T15:12:17+00:00","description":"The perfection of a four-leaf clover is encapsulated in this lucky necklace! Check out our Swiss Design lucky clover jewelry selection","breadcrumb":{"@id":"https:\/\/www.sophygeneva.eu\/item\/lucky-clover-ring-in-18k-yellow-gold-2\/#breadcrumb"},"inLanguage":"it-IT","potentialAction":[{"@type":"ReadAction","target":["https:\/\/www.sophygeneva.eu\/item\/lucky-clover-ring-in-18k-yellow-gold-2\/"]}]},{"@type":"ImageObject","inLanguage":"it-IT","@id":"https:\/\/www.sophygeneva.eu\/item\/lucky-clover-ring-in-18k-yellow-gold-2\/#primaryimage","url":"https:\/\/www.sophygeneva.eu\/web\/wp-content\/uploads\/2021\/07\/WP-R-121217-y18.png","contentUrl":"https:\/\/www.sophygeneva.eu\/web\/wp-content\/uploads\/2021\/07\/WP-R-121217-y18.png","width":650,"height":650},{"@type":"BreadcrumbList","@id":"https:\/\/www.sophygeneva.eu\/item\/lucky-clover-ring-in-18k-yellow-gold-2\/#breadcrumb","itemListElement":[{"@type":"ListItem","position":1,"name":"Home","item":"https:\/\/www.sophygeneva.eu\/"},{"@type":"ListItem","position":2,"name":"Shop","item":"https:\/\/www.sophygeneva.eu\/shop\/"},{"@type":"ListItem","position":3,"name":"Women Jewelry","item":"https:\/\/www.sophygeneva.eu\/products\/women-jewelry\/"},{"@type":"ListItem","position":4,"name":"Rings","item":"https:\/\/www.sophygeneva.eu\/products\/women-jewelry\/rings\/"},{"@type":"ListItem","position":5,"name":"Lucky clover Ring in 18k Yellow-gold"}]},{"@type":"WebSite","@id":"https:\/\/www.sophygeneva.eu\/ru\/#website","url":"https:\/\/www.sophygeneva.eu\/ru\/","name":"Sophy Geneva Jewellery","description":"Fine Gold, Diamond, Gems &amp; Watches - Online Swiss Store | Be Wise","publisher":{"@id":"https:\/\/www.sophygeneva.eu\/ru\/#organization"},"potentialAction":[{"@type":"SearchAction","target":{"@type":"EntryPoint","urlTemplate":"https:\/\/www.sophygeneva.eu\/ru\/?s={search_term_string}"},"query-input":{"@type":"PropertyValueSpecification","valueRequired":true,"valueName":"search_term_string"}}],"inLanguage":"it-IT"},{"@type":"Organization","@id":"https:\/\/www.sophygeneva.eu\/ru\/#organization","name":"Sophy Geneva","url":"https:\/\/www.sophygeneva.eu\/ru\/","logo":{"@type":"ImageObject","inLanguage":"it-IT","@id":"https:\/\/www.sophygeneva.eu\/ru\/#\/schema\/logo\/image\/","url":"https:\/\/www.sophygeneva.eu\/web\/wp-content\/uploads\/2021\/07\/sophy-geneva-logo-full.png","contentUrl":"https:\/\/www.sophygeneva.eu\/web\/wp-content\/uploads\/2021\/07\/sophy-geneva-logo-full.png","width":2525,"height":673,"caption":"Sophy Geneva"},"image":{"@id":"https:\/\/www.sophygeneva.eu\/ru\/#\/schema\/logo\/image\/"},"sameAs":["https:\/\/facebook.com\/sophygeneva","https:\/\/x.com\/sophygeneva","https:\/\/instagram.com\/sophygeneva","https:\/\/pinterest.com\/sophygeneva","https:\/\/www.youtube.com\/channel\/UCHd7DXSLnPG1SngLqMh4cAA"]}]},"product_brand":"Fine Jewellery by Sophy Geneva","og_availability":"instock","product_availability":"instock","product_retailer_item_id":"WPR121217-Y18","product_condition":"new"},"jetpack_sharing_enabled":true,"jetpack-related-posts":[],"_links":{"self":[{"href":"https:\/\/www.sophygeneva.eu\/it\/wp-json\/wp\/v2\/product\/4451","targetHints":{"allow":["GET"]}}],"collection":[{"href":"https:\/\/www.sophygeneva.eu\/it\/wp-json\/wp\/v2\/product"}],"about":[{"href":"https:\/\/www.sophygeneva.eu\/it\/wp-json\/wp\/v2\/types\/product"}],"version-history":[{"count":1,"href":"https:\/\/www.sophygeneva.eu\/it\/wp-json\/wp\/v2\/product\/4451\/revisions"}],"predecessor-version":[{"id":4459,"href":"https:\/\/www.sophygeneva.eu\/it\/wp-json\/wp\/v2\/product\/4451\/revisions\/4459"}],"wp:featuredmedia":[{"embeddable":true,"href":"https:\/\/www.sophygeneva.eu\/it\/wp-json\/wp\/v2\/media\/4413"}],"wp:attachment":[{"href":"https:\/\/www.sophygeneva.eu\/it\/wp-json\/wp\/v2\/media?parent=4451"}],"wp:term":[{"taxonomy":"product_cat","embeddable":true,"href":"https:\/\/www.sophygeneva.eu\/it\/wp-json\/wp\/v2\/product_cat?post=4451"},{"taxonomy":"product_tag","embeddable":true,"href":"https:\/\/www.sophygeneva.eu\/it\/wp-json\/wp\/v2\/product_tag?post=4451"}],"curies":[{"name":"wp","href":"https:\/\/api.w.org\/{rel}","templated":true}]}}