{"id":5731,"date":"2021-07-20T17:26:51","date_gmt":"2021-07-20T15:26:51","guid":{"rendered":"https:\/\/www.sophygeneva.eu\/?post_type=product&#038;p=5731"},"modified":"2022-05-08T17:11:25","modified_gmt":"2022-05-08T15:11:25","slug":"double-x-criss-cross-trendy-diamond-ring-in-18k-white-gold","status":"publish","type":"product","link":"https:\/\/www.sophygeneva.eu\/fr\/item\/double-x-criss-cross-trendy-diamond-ring-in-18k-white-gold\/","title":{"rendered":"Bague diamant tendance Double X Criss Cross en or blanc 18 carats"},"content":{"rendered":"","protected":false},"excerpt":{"rendered":"<p>Une fa\u00e7on brillante de dire que l&#039;amour est \u00e9ternel, cette bague Double X Criss Cross Trendy en or fin 18 carats accentu\u00e9e de diamants gagnera certainement n&#039;importe quel c\u0153ur. Habilement con\u00e7ue, cette bague pr\u00e9sente des accents de diamants scintillants Double X qui ont un centre ouvert du symbole math\u00e9matique pour X. Un look qu&#039;elle\/vous ch\u00e9rirez pour toujours, ce 0,36 ct. bague de diamant. <br \/>\nil va avec tout ce avec quoi vous l&#039;associez. Que ce soit votre t-shirt blanc uni ou votre robe longue \u00e0 volants, allez en solo avec cette bague \u00e0 votre doigt ou lancez quelques bagues suppl\u00e9mentaires. Les jolies bagues ne manquent pas pour vous.<\/p>\n<link rel=\"stylesheet\" id=\"elementor-post-4866-css\" href=\"https:\/\/www.sophygeneva.eu\/web\/wp-content\/uploads\/elementor\/css\/post-4866.css?ver=1777170829\" type=\"text\/css\" media=\"all\">\n<div data-elementor-type=\"wp-post\" data-elementor-id=\"4866\" class=\"elementor elementor-4866\" data-elementor-post-type=\"cms_block\">\n<section class=\"elementor-section elementor-top-section elementor-element elementor-element-7353354 elementor-section-content-middle elementor-section-full_width elementor-hidden-phone elementor-section-height-default elementor-section-height-default\" data-id=\"7353354\" data-element_type=\"section\" data-e-type=\"section\" data-settings=\"{&quot;jet_parallax_layout_list&quot;:[{&quot;jet_parallax_layout_image&quot;:{&quot;url&quot;:&quot;&quot;,&quot;id&quot;:&quot;&quot;,&quot;size&quot;:&quot;&quot;},&quot;_id&quot;:&quot;dbc0d88&quot;,&quot;jet_parallax_layout_image_tablet&quot;:{&quot;url&quot;:&quot;&quot;,&quot;id&quot;:&quot;&quot;,&quot;size&quot;:&quot;&quot;},&quot;jet_parallax_layout_image_mobile&quot;:{&quot;url&quot;:&quot;&quot;,&quot;id&quot;:&quot;&quot;,&quot;size&quot;:&quot;&quot;},&quot;jet_parallax_layout_speed&quot;:{&quot;unit&quot;:&quot;%&quot;,&quot;size&quot;:50,&quot;sizes&quot;:[]},&quot;jet_parallax_layout_type&quot;:&quot;scroll&quot;,&quot;jet_parallax_layout_direction&quot;:null,&quot;jet_parallax_layout_fx_direction&quot;:null,&quot;jet_parallax_layout_z_index&quot;:&quot;&quot;,&quot;jet_parallax_layout_bg_x&quot;:50,&quot;jet_parallax_layout_bg_x_tablet&quot;:&quot;&quot;,&quot;jet_parallax_layout_bg_x_mobile&quot;:&quot;&quot;,&quot;jet_parallax_layout_bg_y&quot;:50,&quot;jet_parallax_layout_bg_y_tablet&quot;:&quot;&quot;,&quot;jet_parallax_layout_bg_y_mobile&quot;:&quot;&quot;,&quot;jet_parallax_layout_bg_size&quot;:&quot;auto&quot;,&quot;jet_parallax_layout_bg_size_tablet&quot;:&quot;&quot;,&quot;jet_parallax_layout_bg_size_mobile&quot;:&quot;&quot;,&quot;jet_parallax_layout_animation_prop&quot;:&quot;transform&quot;,&quot;jet_parallax_layout_on&quot;:[&quot;desktop&quot;,&quot;tablet&quot;]}],&quot;background_background&quot;:&quot;classic&quot;}\">\n<div class=\"elementor-container elementor-column-gap-no\">\n<div class=\"elementor-column elementor-col-25 elementor-top-column elementor-element elementor-element-b7cb3a2\" data-id=\"b7cb3a2\" data-element_type=\"column\" data-e-type=\"column\">\n<div class=\"elementor-widget-wrap\">\n\t\t\t\t\t\t\t<\/div>\n<\/p><\/div>\n<div class=\"elementor-column elementor-col-25 elementor-top-column elementor-element elementor-element-bf203cd\" data-id=\"bf203cd\" data-element_type=\"column\" data-e-type=\"column\">\n<div class=\"elementor-widget-wrap elementor-element-populated\">\n<div class=\"elementor-element elementor-element-2494b51 wd-animation-slide-from-left elementor-widget__width-initial wd-animation-normal wd_delay_100 elementor-widget elementor-widget-image\" data-id=\"2494b51\" data-element_type=\"widget\" data-e-type=\"widget\" data-widget_type=\"image.default\">\n<div class=\"elementor-widget-container\">\n\t\t\t\t\t\t\t\t\t\t\t\t\t\t\t<img decoding=\"async\" width=\"128\" height=\"128\" src=\"https:\/\/www.sophygeneva.eu\/web\/wp-content\/uploads\/2021\/07\/free-delivery.png\" class=\"attachment-large size-large wp-image-4932\" alt=\"\" \/>\t\t\t\t\t\t\t\t\t\t\t\t\t\t\t<\/div>\n<\/p><\/div>\n<\/p><\/div>\n<\/p><\/div>\n<div class=\"elementor-column elementor-col-25 elementor-top-column elementor-element elementor-element-73f033d\" data-id=\"73f033d\" data-element_type=\"column\" data-e-type=\"column\">\n<div class=\"elementor-widget-wrap\">\n\t\t\t\t\t\t\t<\/div>\n<\/p><\/div>\n<div class=\"elementor-column elementor-col-25 elementor-top-column elementor-element elementor-element-e936c56\" data-id=\"e936c56\" data-element_type=\"column\" data-e-type=\"column\">\n<div class=\"elementor-widget-wrap elementor-element-populated\">\n<div class=\"elementor-element elementor-element-e92426f color-scheme-inherit text-left elementor-widget elementor-widget-text-editor\" data-id=\"e92426f\" data-element_type=\"widget\" data-e-type=\"widget\" data-widget_type=\"text-editor.default\">\n<div class=\"elementor-widget-container\">\n<p><strong>De Livraison Estim\u00e9:<\/strong> Ce produit doit \u00eatre exp\u00e9di\u00e9 \u00e0 l&#039;int\u00e9rieur de <strong>4<\/strong> &amp; <strong>6<\/strong> semaines<\/p>\n<\/p><\/div>\n<\/p><\/div>\n<\/p><\/div>\n<\/p><\/div>\n<\/p><\/div>\n<\/section>\n<section class=\"elementor-section elementor-top-section elementor-element elementor-element-98ed7a7 elementor-section-content-middle elementor-section-full_width elementor-hidden-desktop elementor-hidden-tablet elementor-section-height-default elementor-section-height-default\" data-id=\"98ed7a7\" data-element_type=\"section\" data-e-type=\"section\" data-settings=\"{&quot;jet_parallax_layout_list&quot;:[{&quot;jet_parallax_layout_image&quot;:{&quot;url&quot;:&quot;&quot;,&quot;id&quot;:&quot;&quot;,&quot;size&quot;:&quot;&quot;},&quot;_id&quot;:&quot;dbc0d88&quot;,&quot;jet_parallax_layout_image_tablet&quot;:{&quot;url&quot;:&quot;&quot;,&quot;id&quot;:&quot;&quot;,&quot;size&quot;:&quot;&quot;},&quot;jet_parallax_layout_image_mobile&quot;:{&quot;url&quot;:&quot;&quot;,&quot;id&quot;:&quot;&quot;,&quot;size&quot;:&quot;&quot;},&quot;jet_parallax_layout_speed&quot;:{&quot;unit&quot;:&quot;%&quot;,&quot;size&quot;:50,&quot;sizes&quot;:[]},&quot;jet_parallax_layout_type&quot;:&quot;scroll&quot;,&quot;jet_parallax_layout_direction&quot;:null,&quot;jet_parallax_layout_fx_direction&quot;:null,&quot;jet_parallax_layout_z_index&quot;:&quot;&quot;,&quot;jet_parallax_layout_bg_x&quot;:50,&quot;jet_parallax_layout_bg_x_tablet&quot;:&quot;&quot;,&quot;jet_parallax_layout_bg_x_mobile&quot;:&quot;&quot;,&quot;jet_parallax_layout_bg_y&quot;:50,&quot;jet_parallax_layout_bg_y_tablet&quot;:&quot;&quot;,&quot;jet_parallax_layout_bg_y_mobile&quot;:&quot;&quot;,&quot;jet_parallax_layout_bg_size&quot;:&quot;auto&quot;,&quot;jet_parallax_layout_bg_size_tablet&quot;:&quot;&quot;,&quot;jet_parallax_layout_bg_size_mobile&quot;:&quot;&quot;,&quot;jet_parallax_layout_animation_prop&quot;:&quot;transform&quot;,&quot;jet_parallax_layout_on&quot;:[&quot;desktop&quot;,&quot;tablet&quot;]}],&quot;background_background&quot;:&quot;classic&quot;}\">\n<div class=\"elementor-container elementor-column-gap-no\">\n<div class=\"elementor-column elementor-col-100 elementor-top-column elementor-element elementor-element-f7d16b2\" data-id=\"f7d16b2\" data-element_type=\"column\" data-e-type=\"column\">\n<div class=\"elementor-widget-wrap elementor-element-populated\">\n<div class=\"elementor-element elementor-element-adef7e3 color-scheme-inherit text-left elementor-widget elementor-widget-text-editor\" data-id=\"adef7e3\" data-element_type=\"widget\" data-e-type=\"widget\" data-widget_type=\"text-editor.default\">\n<div class=\"elementor-widget-container\">\n<p><b>D&#039;Exp\u00e9dition Estim\u00e9e:<\/b> Entre <span style=\"font-family: Lora, Arial, Helvetica, sans-serif; font-size: 14px; font-style: normal; font-variant-ligatures: normal; font-variant-caps: normal; font-weight: 400;\"><strong>4<\/strong> et <strong>6<\/strong> semaines<\/span><\/p>\n<\/p><\/div>\n<\/p><\/div>\n<\/p><\/div>\n<\/p><\/div>\n<\/p><\/div>\n<\/section><\/div><\/p>","protected":false},"featured_media":5718,"template":"","meta":[],"product_cat":[297],"product_tag":[48,52,386,317],"class_list":{"0":"post-5731","1":"product","2":"type-product","3":"status-publish","4":"has-post-thumbnail","6":"product_cat-rings","7":"product_tag-18k-gold-jewellery","8":"product_tag-diamond-jewellery","9":"product_tag-white-diamond","10":"product_tag-white-gold","11":"pa_estimated-time-of-dispatch-4-to-5-weeks","12":"pa_jewellery-art-ring","13":"pa_jewellery-material-gold-18k-750","14":"pa_made-for-ladies","15":"pa_product-brand-fine-jewellery-by-sophy-geneva","16":"pa_product-gemstone-diamond","17":"pa_product-ring-size-50-o-159mm","18":"pa_product-ring-size-52-o-165mm","19":"pa_product-ring-size-377","20":"pa_product-ring-size-378","21":"pa_product-ring-size-379","22":"pa_product-ring-size-380","24":"first","25":"instock","26":"purchasable","27":"product-type-variable"},"yoast_head":"<!-- This site is optimized with the Yoast SEO Premium plugin v18.1 (Yoast SEO v24.1) - https:\/\/yoast.com\/wordpress\/plugins\/seo\/ -->\n<title>Double X Criss Cross Trendy Diamond Ring in 18k white gold - Sophy Geneva Jewellery<\/title>\n<meta name=\"description\" content=\"Update any outfit with this super trendy diamond Ring V Shape Ring design of 18k Yellow gold with as a solo or companied with your engagement ring, Forever stylish.\" \/>\n<meta name=\"robots\" content=\"index, follow, max-snippet:-1, max-image-preview:large, max-video-preview:-1\" \/>\n<link rel=\"canonical\" href=\"https:\/\/www.sophygeneva.eu\/fr\/item\/double-x-criss-cross-trendy-diamond-ring-in-18k-white-gold\/\" \/>\n<meta property=\"og:locale\" content=\"fr_FR\" \/>\n<meta property=\"og:type\" content=\"article\" \/>\n<meta property=\"og:title\" content=\"Double X Criss Cross Trendy Diamond Ring in 18k white gold - Sophy Geneva Jewellery\" \/>\n<meta property=\"og:description\" content=\"Sophy Geneva presents you its Iconic, Glamorous Fine jewelry &amp; watches. Discover our fabulous collections, with a possibility to Virtually try on. Let&#039;s shine\" \/>\n<meta property=\"og:url\" content=\"https:\/\/www.sophygeneva.eu\/fr\/item\/double-x-criss-cross-trendy-diamond-ring-in-18k-white-gold\/\" \/>\n<meta property=\"og:site_name\" content=\"Sophy Geneva Jewellery\" \/>\n<meta property=\"article:publisher\" content=\"https:\/\/facebook.com\/sophygeneva\" \/>\n<meta property=\"article:modified_time\" content=\"2022-05-08T15:11:25+00:00\" \/>\n<meta property=\"og:image\" content=\"https:\/\/www.sophygeneva.eu\/web\/wp-content\/uploads\/2021\/07\/WP-R-122616-white-gold-18k-4.jpg\" \/>\n\t<meta property=\"og:image:width\" content=\"570\" \/>\n\t<meta property=\"og:image:height\" content=\"570\" \/>\n\t<meta property=\"og:image:type\" content=\"image\/jpeg\" \/>\n<meta name=\"twitter:card\" content=\"summary_large_image\" \/>\n<meta name=\"twitter:site\" content=\"@sophygeneva\" \/>\n<meta name=\"twitter:label1\" content=\"Availability\" \/>\n\t<meta name=\"twitter:data1\" content=\"In stock\" \/>\n<script type=\"application\/ld+json\" class=\"yoast-schema-graph\">{\"@context\":\"https:\/\/schema.org\",\"@graph\":[{\"@type\":[\"WebPage\",\"ItemPage\"],\"@id\":\"https:\/\/www.sophygeneva.eu\/item\/double-x-criss-cross-trendy-diamond-ring-in-18k-white-gold\/\",\"url\":\"https:\/\/www.sophygeneva.eu\/item\/double-x-criss-cross-trendy-diamond-ring-in-18k-white-gold\/\",\"name\":\"Double X Criss Cross Trendy Diamond Ring in 18k white gold - Sophy Geneva Jewellery\",\"isPartOf\":{\"@id\":\"https:\/\/www.sophygeneva.eu\/ru\/#website\"},\"primaryImageOfPage\":{\"@id\":\"https:\/\/www.sophygeneva.eu\/item\/double-x-criss-cross-trendy-diamond-ring-in-18k-white-gold\/#primaryimage\"},\"image\":{\"@id\":\"https:\/\/www.sophygeneva.eu\/item\/double-x-criss-cross-trendy-diamond-ring-in-18k-white-gold\/#primaryimage\"},\"thumbnailUrl\":\"https:\/\/www.sophygeneva.eu\/web\/wp-content\/uploads\/2021\/07\/WP-R-122616-white-gold-18k-4.jpg\",\"datePublished\":\"2021-07-20T15:26:51+00:00\",\"dateModified\":\"2022-05-08T15:11:25+00:00\",\"description\":\"Update any outfit with this super trendy diamond Ring V Shape Ring design of 18k Yellow gold with as a solo or companied with your engagement ring, Forever stylish.\",\"breadcrumb\":{\"@id\":\"https:\/\/www.sophygeneva.eu\/item\/double-x-criss-cross-trendy-diamond-ring-in-18k-white-gold\/#breadcrumb\"},\"inLanguage\":\"fr-FR\",\"potentialAction\":[{\"@type\":\"ReadAction\",\"target\":[\"https:\/\/www.sophygeneva.eu\/item\/double-x-criss-cross-trendy-diamond-ring-in-18k-white-gold\/\"]}]},{\"@type\":\"ImageObject\",\"inLanguage\":\"fr-FR\",\"@id\":\"https:\/\/www.sophygeneva.eu\/item\/double-x-criss-cross-trendy-diamond-ring-in-18k-white-gold\/#primaryimage\",\"url\":\"https:\/\/www.sophygeneva.eu\/web\/wp-content\/uploads\/2021\/07\/WP-R-122616-white-gold-18k-4.jpg\",\"contentUrl\":\"https:\/\/www.sophygeneva.eu\/web\/wp-content\/uploads\/2021\/07\/WP-R-122616-white-gold-18k-4.jpg\",\"width\":570,\"height\":570},{\"@type\":\"BreadcrumbList\",\"@id\":\"https:\/\/www.sophygeneva.eu\/item\/double-x-criss-cross-trendy-diamond-ring-in-18k-white-gold\/#breadcrumb\",\"itemListElement\":[{\"@type\":\"ListItem\",\"position\":1,\"name\":\"Home\",\"item\":\"https:\/\/www.sophygeneva.eu\/\"},{\"@type\":\"ListItem\",\"position\":2,\"name\":\"Shop\",\"item\":\"https:\/\/www.sophygeneva.eu\/shop\/\"},{\"@type\":\"ListItem\",\"position\":3,\"name\":\"Women Jewelry\",\"item\":\"https:\/\/www.sophygeneva.eu\/products\/women-jewelry\/\"},{\"@type\":\"ListItem\",\"position\":4,\"name\":\"Rings\",\"item\":\"https:\/\/www.sophygeneva.eu\/products\/women-jewelry\/rings\/\"},{\"@type\":\"ListItem\",\"position\":5,\"name\":\"Double X Criss Cross Trendy Diamond Ring in 18k white gold\"}]},{\"@type\":\"WebSite\",\"@id\":\"https:\/\/www.sophygeneva.eu\/ru\/#website\",\"url\":\"https:\/\/www.sophygeneva.eu\/ru\/\",\"name\":\"Sophy Geneva Jewellery\",\"description\":\"Fine Gold, Diamond, Gems &amp; Watches - Online Swiss Store | Be Wise\",\"publisher\":{\"@id\":\"https:\/\/www.sophygeneva.eu\/ru\/#organization\"},\"potentialAction\":[{\"@type\":\"SearchAction\",\"target\":{\"@type\":\"EntryPoint\",\"urlTemplate\":\"https:\/\/www.sophygeneva.eu\/ru\/?s={search_term_string}\"},\"query-input\":{\"@type\":\"PropertyValueSpecification\",\"valueRequired\":true,\"valueName\":\"search_term_string\"}}],\"inLanguage\":\"fr-FR\"},{\"@type\":\"Organization\",\"@id\":\"https:\/\/www.sophygeneva.eu\/ru\/#organization\",\"name\":\"Sophy Geneva\",\"url\":\"https:\/\/www.sophygeneva.eu\/ru\/\",\"logo\":{\"@type\":\"ImageObject\",\"inLanguage\":\"fr-FR\",\"@id\":\"https:\/\/www.sophygeneva.eu\/ru\/#\/schema\/logo\/image\/\",\"url\":\"https:\/\/www.sophygeneva.eu\/web\/wp-content\/uploads\/2021\/07\/sophy-geneva-logo-full.png\",\"contentUrl\":\"https:\/\/www.sophygeneva.eu\/web\/wp-content\/uploads\/2021\/07\/sophy-geneva-logo-full.png\",\"width\":2525,\"height\":673,\"caption\":\"Sophy Geneva\"},\"image\":{\"@id\":\"https:\/\/www.sophygeneva.eu\/ru\/#\/schema\/logo\/image\/\"},\"sameAs\":[\"https:\/\/facebook.com\/sophygeneva\",\"https:\/\/x.com\/sophygeneva\",\"https:\/\/instagram.com\/sophygeneva\",\"https:\/\/pinterest.com\/sophygeneva\",\"https:\/\/www.youtube.com\/channel\/UCHd7DXSLnPG1SngLqMh4cAA\"]}]}<\/script>\n<meta property=\"product:brand\" content=\"Fine Jewellery by Sophy Geneva\" \/>\n<meta property=\"og:availability\" content=\"instock\" \/>\n<meta property=\"product:availability\" content=\"instock\" \/>\n<meta property=\"product:retailer_item_id\" content=\"WPR.122616.18KW\" \/>\n<meta property=\"product:condition\" content=\"new\" \/>\n<!-- \/ Yoast SEO Premium plugin. -->","yoast_head_json":{"title":"Double X Criss Cross Trendy Diamond Ring in 18k white gold - Sophy Geneva Jewellery","description":"Update any outfit with this super trendy diamond Ring V Shape Ring design of 18k Yellow gold with as a solo or companied with your engagement ring, Forever stylish.","robots":{"index":"index","follow":"follow","max-snippet":"max-snippet:-1","max-image-preview":"max-image-preview:large","max-video-preview":"max-video-preview:-1"},"canonical":"https:\/\/www.sophygeneva.eu\/fr\/item\/double-x-criss-cross-trendy-diamond-ring-in-18k-white-gold\/","og_locale":"fr_FR","og_type":"article","og_title":"Double X Criss Cross Trendy Diamond Ring in 18k white gold - Sophy Geneva Jewellery","og_description":"Sophy Geneva presents you its Iconic, Glamorous Fine jewelry & watches. Discover our fabulous collections, with a possibility to Virtually try on. Let's shine","og_url":"https:\/\/www.sophygeneva.eu\/fr\/item\/double-x-criss-cross-trendy-diamond-ring-in-18k-white-gold\/","og_site_name":"Sophy Geneva Jewellery","article_publisher":"https:\/\/facebook.com\/sophygeneva","article_modified_time":"2022-05-08T15:11:25+00:00","og_image":[{"width":570,"height":570,"url":"https:\/\/www.sophygeneva.eu\/web\/wp-content\/uploads\/2021\/07\/WP-R-122616-white-gold-18k-4.jpg","type":"image\/jpeg"}],"twitter_card":"summary_large_image","twitter_site":"@sophygeneva","twitter_misc":{"Availability":"In stock"},"schema":{"@context":"https:\/\/schema.org","@graph":[{"@type":["WebPage","ItemPage"],"@id":"https:\/\/www.sophygeneva.eu\/item\/double-x-criss-cross-trendy-diamond-ring-in-18k-white-gold\/","url":"https:\/\/www.sophygeneva.eu\/item\/double-x-criss-cross-trendy-diamond-ring-in-18k-white-gold\/","name":"Double X Criss Cross Trendy Diamond Ring in 18k white gold - Sophy Geneva Jewellery","isPartOf":{"@id":"https:\/\/www.sophygeneva.eu\/ru\/#website"},"primaryImageOfPage":{"@id":"https:\/\/www.sophygeneva.eu\/item\/double-x-criss-cross-trendy-diamond-ring-in-18k-white-gold\/#primaryimage"},"image":{"@id":"https:\/\/www.sophygeneva.eu\/item\/double-x-criss-cross-trendy-diamond-ring-in-18k-white-gold\/#primaryimage"},"thumbnailUrl":"https:\/\/www.sophygeneva.eu\/web\/wp-content\/uploads\/2021\/07\/WP-R-122616-white-gold-18k-4.jpg","datePublished":"2021-07-20T15:26:51+00:00","dateModified":"2022-05-08T15:11:25+00:00","description":"Update any outfit with this super trendy diamond Ring V Shape Ring design of 18k Yellow gold with as a solo or companied with your engagement ring, Forever stylish.","breadcrumb":{"@id":"https:\/\/www.sophygeneva.eu\/item\/double-x-criss-cross-trendy-diamond-ring-in-18k-white-gold\/#breadcrumb"},"inLanguage":"fr-FR","potentialAction":[{"@type":"ReadAction","target":["https:\/\/www.sophygeneva.eu\/item\/double-x-criss-cross-trendy-diamond-ring-in-18k-white-gold\/"]}]},{"@type":"ImageObject","inLanguage":"fr-FR","@id":"https:\/\/www.sophygeneva.eu\/item\/double-x-criss-cross-trendy-diamond-ring-in-18k-white-gold\/#primaryimage","url":"https:\/\/www.sophygeneva.eu\/web\/wp-content\/uploads\/2021\/07\/WP-R-122616-white-gold-18k-4.jpg","contentUrl":"https:\/\/www.sophygeneva.eu\/web\/wp-content\/uploads\/2021\/07\/WP-R-122616-white-gold-18k-4.jpg","width":570,"height":570},{"@type":"BreadcrumbList","@id":"https:\/\/www.sophygeneva.eu\/item\/double-x-criss-cross-trendy-diamond-ring-in-18k-white-gold\/#breadcrumb","itemListElement":[{"@type":"ListItem","position":1,"name":"Home","item":"https:\/\/www.sophygeneva.eu\/"},{"@type":"ListItem","position":2,"name":"Shop","item":"https:\/\/www.sophygeneva.eu\/shop\/"},{"@type":"ListItem","position":3,"name":"Women Jewelry","item":"https:\/\/www.sophygeneva.eu\/products\/women-jewelry\/"},{"@type":"ListItem","position":4,"name":"Rings","item":"https:\/\/www.sophygeneva.eu\/products\/women-jewelry\/rings\/"},{"@type":"ListItem","position":5,"name":"Double X Criss Cross Trendy Diamond Ring in 18k white gold"}]},{"@type":"WebSite","@id":"https:\/\/www.sophygeneva.eu\/ru\/#website","url":"https:\/\/www.sophygeneva.eu\/ru\/","name":"Sophy Geneva Jewellery","description":"Fine Gold, Diamond, Gems &amp; Watches - Online Swiss Store | Be Wise","publisher":{"@id":"https:\/\/www.sophygeneva.eu\/ru\/#organization"},"potentialAction":[{"@type":"SearchAction","target":{"@type":"EntryPoint","urlTemplate":"https:\/\/www.sophygeneva.eu\/ru\/?s={search_term_string}"},"query-input":{"@type":"PropertyValueSpecification","valueRequired":true,"valueName":"search_term_string"}}],"inLanguage":"fr-FR"},{"@type":"Organization","@id":"https:\/\/www.sophygeneva.eu\/ru\/#organization","name":"Sophy Geneva","url":"https:\/\/www.sophygeneva.eu\/ru\/","logo":{"@type":"ImageObject","inLanguage":"fr-FR","@id":"https:\/\/www.sophygeneva.eu\/ru\/#\/schema\/logo\/image\/","url":"https:\/\/www.sophygeneva.eu\/web\/wp-content\/uploads\/2021\/07\/sophy-geneva-logo-full.png","contentUrl":"https:\/\/www.sophygeneva.eu\/web\/wp-content\/uploads\/2021\/07\/sophy-geneva-logo-full.png","width":2525,"height":673,"caption":"Sophy Geneva"},"image":{"@id":"https:\/\/www.sophygeneva.eu\/ru\/#\/schema\/logo\/image\/"},"sameAs":["https:\/\/facebook.com\/sophygeneva","https:\/\/x.com\/sophygeneva","https:\/\/instagram.com\/sophygeneva","https:\/\/pinterest.com\/sophygeneva","https:\/\/www.youtube.com\/channel\/UCHd7DXSLnPG1SngLqMh4cAA"]}]},"product_brand":"Fine Jewellery by Sophy Geneva","og_availability":"instock","product_availability":"instock","product_retailer_item_id":"WPR.122616.18KW","product_condition":"new"},"jetpack_sharing_enabled":true,"jetpack-related-posts":[],"_links":{"self":[{"href":"https:\/\/www.sophygeneva.eu\/fr\/wp-json\/wp\/v2\/product\/5731","targetHints":{"allow":["GET"]}}],"collection":[{"href":"https:\/\/www.sophygeneva.eu\/fr\/wp-json\/wp\/v2\/product"}],"about":[{"href":"https:\/\/www.sophygeneva.eu\/fr\/wp-json\/wp\/v2\/types\/product"}],"version-history":[{"count":1,"href":"https:\/\/www.sophygeneva.eu\/fr\/wp-json\/wp\/v2\/product\/5731\/revisions"}],"predecessor-version":[{"id":5739,"href":"https:\/\/www.sophygeneva.eu\/fr\/wp-json\/wp\/v2\/product\/5731\/revisions\/5739"}],"wp:featuredmedia":[{"embeddable":true,"href":"https:\/\/www.sophygeneva.eu\/fr\/wp-json\/wp\/v2\/media\/5718"}],"wp:attachment":[{"href":"https:\/\/www.sophygeneva.eu\/fr\/wp-json\/wp\/v2\/media?parent=5731"}],"wp:term":[{"taxonomy":"product_cat","embeddable":true,"href":"https:\/\/www.sophygeneva.eu\/fr\/wp-json\/wp\/v2\/product_cat?post=5731"},{"taxonomy":"product_tag","embeddable":true,"href":"https:\/\/www.sophygeneva.eu\/fr\/wp-json\/wp\/v2\/product_tag?post=5731"}],"curies":[{"name":"wp","href":"https:\/\/api.w.org\/{rel}","templated":true}]}}