{"id":4490,"date":"2021-07-11T23:43:59","date_gmt":"2021-07-11T21:43:59","guid":{"rendered":"https:\/\/www.sophygeneva.eu\/?post_type=product&#038;p=4490"},"modified":"2022-04-28T12:04:41","modified_gmt":"2022-04-28T10:04:41","slug":"shiny-open-square-diamond-pendant-necklace-in-18k-yellow-gold","status":"publish","type":"product","link":"https:\/\/www.sophygeneva.eu\/fr\/item\/shiny-open-square-diamond-pendant-necklace-in-18k-yellow-gold\/","title":{"rendered":"Collier pendentif diamant carr\u00e9 ouvert brillant en or jaune 18 carats"},"content":{"rendered":"","protected":false},"excerpt":{"rendered":"<p>Ce collier pendentif mode Shiny Open Square en diamant est un bijou moderne et \u00e9l\u00e9gant. Il y a 20 magnifiques diamants ronds presque incolores, fabriqu\u00e9s de mani\u00e8re experte et fabriqu\u00e9s en or blanc 18 carats exquis, ce collier pendentif tendance en diamant Open Square (direct) est absolument \u00e9blouissant,\u00a0<\/p>","protected":false},"featured_media":4493,"template":"","meta":[],"product_cat":[273,269,264],"product_tag":[48,52,386],"class_list":{"0":"post-4490","1":"product","2":"type-product","3":"status-publish","4":"has-post-thumbnail","6":"product_cat-necklaces","7":"product_cat-pendants","8":"product_cat-exclusive-collections","9":"product_tag-18k-gold-jewellery","10":"product_tag-diamond-jewellery","11":"product_tag-white-diamond","12":"pa_color-yellow-gold","13":"pa_estimated-time-of-dispatch-4-to-5-weeks","14":"pa_jewellery-art-necklace","15":"pa_jewellery-art-pendants","16":"pa_jewellery-material-gold-18k-750","17":"pa_made-for-ladies","18":"pa_product-brand-fine-jewellery-by-sophy-geneva","19":"pa_product-gemstone-diamond","21":"first","22":"instock","23":"purchasable","24":"product-type-simple"},"yoast_head":"<!-- This site is optimized with the Yoast SEO Premium plugin v18.1 (Yoast SEO v24.1) - https:\/\/yoast.com\/wordpress\/plugins\/seo\/ -->\n<title>Shiny Open Square Diamond Pendant Necklace in 18k yellow gold - Sophy Geneva Jewellery<\/title>\n<meta name=\"description\" content=\"we present you with our Iconic, Glamorous Fine jewelry &amp; watches. Discover our fabulous collections, with a possibility to Virtually try on\" \/>\n<meta name=\"robots\" content=\"index, follow, max-snippet:-1, max-image-preview:large, max-video-preview:-1\" \/>\n<link rel=\"canonical\" href=\"https:\/\/www.sophygeneva.eu\/fr\/item\/shiny-open-square-diamond-pendant-necklace-in-18k-yellow-gold\/\" \/>\n<meta property=\"og:locale\" content=\"fr_FR\" \/>\n<meta property=\"og:type\" content=\"article\" \/>\n<meta property=\"og:title\" content=\"Shiny Open Square Diamond Pendant Necklace in 18k yellow gold - Sophy Geneva Jewellery\" \/>\n<meta property=\"og:description\" content=\"Sophy Geneva presents you its Iconic, Glamorous Fine jewelry &amp; watches. Discover our fabulous collections, with a possibility to Virtually try on. Let&#039;s shine\" \/>\n<meta property=\"og:url\" content=\"https:\/\/www.sophygeneva.eu\/fr\/item\/shiny-open-square-diamond-pendant-necklace-in-18k-yellow-gold\/\" \/>\n<meta property=\"og:site_name\" content=\"Sophy Geneva Jewellery\" \/>\n<meta property=\"article:publisher\" content=\"https:\/\/facebook.com\/sophygeneva\" \/>\n<meta property=\"article:modified_time\" content=\"2022-04-28T10:04:41+00:00\" \/>\n<meta property=\"og:image\" content=\"https:\/\/www.sophygeneva.eu\/web\/wp-content\/uploads\/2021\/07\/WP-N-111839-Y-18K.png\" \/>\n\t<meta property=\"og:image:width\" content=\"930\" \/>\n\t<meta property=\"og:image:height\" content=\"1030\" \/>\n\t<meta property=\"og:image:type\" content=\"image\/png\" \/>\n<meta name=\"twitter:card\" content=\"summary_large_image\" \/>\n<meta name=\"twitter:site\" content=\"@sophygeneva\" \/>\n<meta name=\"twitter:label1\" content=\"Prix\" \/>\n\t<meta name=\"twitter:data1\" content=\"&#067;&#072;&#070;&nbsp;748.00\" \/>\n\t<meta name=\"twitter:label2\" content=\"Availability\" \/>\n\t<meta name=\"twitter:data2\" content=\"In stock\" \/>\n<script type=\"application\/ld+json\" class=\"yoast-schema-graph\">{\"@context\":\"https:\/\/schema.org\",\"@graph\":[{\"@type\":[\"WebPage\",\"ItemPage\"],\"@id\":\"https:\/\/www.sophygeneva.eu\/item\/shiny-open-square-diamond-pendant-necklace-in-18k-yellow-gold\/\",\"url\":\"https:\/\/www.sophygeneva.eu\/item\/shiny-open-square-diamond-pendant-necklace-in-18k-yellow-gold\/\",\"name\":\"Shiny Open Square Diamond Pendant Necklace in 18k yellow gold - Sophy Geneva Jewellery\",\"isPartOf\":{\"@id\":\"https:\/\/www.sophygeneva.eu\/ru\/#website\"},\"primaryImageOfPage\":{\"@id\":\"https:\/\/www.sophygeneva.eu\/item\/shiny-open-square-diamond-pendant-necklace-in-18k-yellow-gold\/#primaryimage\"},\"image\":{\"@id\":\"https:\/\/www.sophygeneva.eu\/item\/shiny-open-square-diamond-pendant-necklace-in-18k-yellow-gold\/#primaryimage\"},\"thumbnailUrl\":\"https:\/\/www.sophygeneva.eu\/web\/wp-content\/uploads\/2021\/07\/WP-N-111839-Y-18K.png\",\"datePublished\":\"2021-07-11T21:43:59+00:00\",\"dateModified\":\"2022-04-28T10:04:41+00:00\",\"description\":\"we present you with our Iconic, Glamorous Fine jewelry & watches. Discover our fabulous collections, with a possibility to Virtually try on\",\"breadcrumb\":{\"@id\":\"https:\/\/www.sophygeneva.eu\/item\/shiny-open-square-diamond-pendant-necklace-in-18k-yellow-gold\/#breadcrumb\"},\"inLanguage\":\"fr-FR\",\"potentialAction\":[{\"@type\":\"ReadAction\",\"target\":[\"https:\/\/www.sophygeneva.eu\/item\/shiny-open-square-diamond-pendant-necklace-in-18k-yellow-gold\/\"]}]},{\"@type\":\"ImageObject\",\"inLanguage\":\"fr-FR\",\"@id\":\"https:\/\/www.sophygeneva.eu\/item\/shiny-open-square-diamond-pendant-necklace-in-18k-yellow-gold\/#primaryimage\",\"url\":\"https:\/\/www.sophygeneva.eu\/web\/wp-content\/uploads\/2021\/07\/WP-N-111839-Y-18K.png\",\"contentUrl\":\"https:\/\/www.sophygeneva.eu\/web\/wp-content\/uploads\/2021\/07\/WP-N-111839-Y-18K.png\",\"width\":930,\"height\":1030},{\"@type\":\"BreadcrumbList\",\"@id\":\"https:\/\/www.sophygeneva.eu\/item\/shiny-open-square-diamond-pendant-necklace-in-18k-yellow-gold\/#breadcrumb\",\"itemListElement\":[{\"@type\":\"ListItem\",\"position\":1,\"name\":\"Home\",\"item\":\"https:\/\/www.sophygeneva.eu\/\"},{\"@type\":\"ListItem\",\"position\":2,\"name\":\"Shop\",\"item\":\"https:\/\/www.sophygeneva.eu\/shop\/\"},{\"@type\":\"ListItem\",\"position\":3,\"name\":\"Women Jewelry\",\"item\":\"https:\/\/www.sophygeneva.eu\/products\/women-jewelry\/\"},{\"@type\":\"ListItem\",\"position\":4,\"name\":\"Necklaces\",\"item\":\"https:\/\/www.sophygeneva.eu\/products\/women-jewelry\/necklaces\/\"},{\"@type\":\"ListItem\",\"position\":5,\"name\":\"Shiny Open Square Diamond Pendant Necklace in 18k yellow gold\"}]},{\"@type\":\"WebSite\",\"@id\":\"https:\/\/www.sophygeneva.eu\/ru\/#website\",\"url\":\"https:\/\/www.sophygeneva.eu\/ru\/\",\"name\":\"Sophy Geneva Jewellery\",\"description\":\"Fine Gold, Diamond, Gems &amp; Watches - Online Swiss Store | Be Wise\",\"publisher\":{\"@id\":\"https:\/\/www.sophygeneva.eu\/ru\/#organization\"},\"potentialAction\":[{\"@type\":\"SearchAction\",\"target\":{\"@type\":\"EntryPoint\",\"urlTemplate\":\"https:\/\/www.sophygeneva.eu\/ru\/?s={search_term_string}\"},\"query-input\":{\"@type\":\"PropertyValueSpecification\",\"valueRequired\":true,\"valueName\":\"search_term_string\"}}],\"inLanguage\":\"fr-FR\"},{\"@type\":\"Organization\",\"@id\":\"https:\/\/www.sophygeneva.eu\/ru\/#organization\",\"name\":\"Sophy Geneva\",\"url\":\"https:\/\/www.sophygeneva.eu\/ru\/\",\"logo\":{\"@type\":\"ImageObject\",\"inLanguage\":\"fr-FR\",\"@id\":\"https:\/\/www.sophygeneva.eu\/ru\/#\/schema\/logo\/image\/\",\"url\":\"https:\/\/www.sophygeneva.eu\/web\/wp-content\/uploads\/2021\/07\/sophy-geneva-logo-full.png\",\"contentUrl\":\"https:\/\/www.sophygeneva.eu\/web\/wp-content\/uploads\/2021\/07\/sophy-geneva-logo-full.png\",\"width\":2525,\"height\":673,\"caption\":\"Sophy Geneva\"},\"image\":{\"@id\":\"https:\/\/www.sophygeneva.eu\/ru\/#\/schema\/logo\/image\/\"},\"sameAs\":[\"https:\/\/facebook.com\/sophygeneva\",\"https:\/\/x.com\/sophygeneva\",\"https:\/\/instagram.com\/sophygeneva\",\"https:\/\/pinterest.com\/sophygeneva\",\"https:\/\/www.youtube.com\/channel\/UCHd7DXSLnPG1SngLqMh4cAA\"]}]}<\/script>\n<meta property=\"product:brand\" content=\"Fine Jewellery by Sophy Geneva\" \/>\n<meta property=\"product:price:amount\" content=\"748.00\" \/>\n<meta property=\"product:price:currency\" content=\"CHF\" \/>\n<meta property=\"og:availability\" content=\"instock\" \/>\n<meta property=\"product:availability\" content=\"instock\" \/>\n<meta property=\"product:retailer_item_id\" content=\"WPN111839-Y18k\" \/>\n<meta property=\"product:condition\" content=\"new\" \/>\n<!-- \/ Yoast SEO Premium plugin. -->","yoast_head_json":{"title":"Shiny Open Square Diamond Pendant Necklace in 18k yellow gold - Sophy Geneva Jewellery","description":"we present you with our Iconic, Glamorous Fine jewelry & watches. Discover our fabulous collections, with a possibility to Virtually try on","robots":{"index":"index","follow":"follow","max-snippet":"max-snippet:-1","max-image-preview":"max-image-preview:large","max-video-preview":"max-video-preview:-1"},"canonical":"https:\/\/www.sophygeneva.eu\/fr\/item\/shiny-open-square-diamond-pendant-necklace-in-18k-yellow-gold\/","og_locale":"fr_FR","og_type":"article","og_title":"Shiny Open Square Diamond Pendant Necklace in 18k yellow gold - Sophy Geneva Jewellery","og_description":"Sophy Geneva presents you its Iconic, Glamorous Fine jewelry & watches. Discover our fabulous collections, with a possibility to Virtually try on. Let's shine","og_url":"https:\/\/www.sophygeneva.eu\/fr\/item\/shiny-open-square-diamond-pendant-necklace-in-18k-yellow-gold\/","og_site_name":"Sophy Geneva Jewellery","article_publisher":"https:\/\/facebook.com\/sophygeneva","article_modified_time":"2022-04-28T10:04:41+00:00","og_image":[{"width":930,"height":1030,"url":"https:\/\/www.sophygeneva.eu\/web\/wp-content\/uploads\/2021\/07\/WP-N-111839-Y-18K.png","type":"image\/png"}],"twitter_card":"summary_large_image","twitter_site":"@sophygeneva","twitter_misc":{"Prix":"&#67;&#72;&#70;&nbsp;748.00","Availability":"In stock"},"schema":{"@context":"https:\/\/schema.org","@graph":[{"@type":["WebPage","ItemPage"],"@id":"https:\/\/www.sophygeneva.eu\/item\/shiny-open-square-diamond-pendant-necklace-in-18k-yellow-gold\/","url":"https:\/\/www.sophygeneva.eu\/item\/shiny-open-square-diamond-pendant-necklace-in-18k-yellow-gold\/","name":"Shiny Open Square Diamond Pendant Necklace in 18k yellow gold - Sophy Geneva Jewellery","isPartOf":{"@id":"https:\/\/www.sophygeneva.eu\/ru\/#website"},"primaryImageOfPage":{"@id":"https:\/\/www.sophygeneva.eu\/item\/shiny-open-square-diamond-pendant-necklace-in-18k-yellow-gold\/#primaryimage"},"image":{"@id":"https:\/\/www.sophygeneva.eu\/item\/shiny-open-square-diamond-pendant-necklace-in-18k-yellow-gold\/#primaryimage"},"thumbnailUrl":"https:\/\/www.sophygeneva.eu\/web\/wp-content\/uploads\/2021\/07\/WP-N-111839-Y-18K.png","datePublished":"2021-07-11T21:43:59+00:00","dateModified":"2022-04-28T10:04:41+00:00","description":"we present you with our Iconic, Glamorous Fine jewelry & watches. Discover our fabulous collections, with a possibility to Virtually try on","breadcrumb":{"@id":"https:\/\/www.sophygeneva.eu\/item\/shiny-open-square-diamond-pendant-necklace-in-18k-yellow-gold\/#breadcrumb"},"inLanguage":"fr-FR","potentialAction":[{"@type":"ReadAction","target":["https:\/\/www.sophygeneva.eu\/item\/shiny-open-square-diamond-pendant-necklace-in-18k-yellow-gold\/"]}]},{"@type":"ImageObject","inLanguage":"fr-FR","@id":"https:\/\/www.sophygeneva.eu\/item\/shiny-open-square-diamond-pendant-necklace-in-18k-yellow-gold\/#primaryimage","url":"https:\/\/www.sophygeneva.eu\/web\/wp-content\/uploads\/2021\/07\/WP-N-111839-Y-18K.png","contentUrl":"https:\/\/www.sophygeneva.eu\/web\/wp-content\/uploads\/2021\/07\/WP-N-111839-Y-18K.png","width":930,"height":1030},{"@type":"BreadcrumbList","@id":"https:\/\/www.sophygeneva.eu\/item\/shiny-open-square-diamond-pendant-necklace-in-18k-yellow-gold\/#breadcrumb","itemListElement":[{"@type":"ListItem","position":1,"name":"Home","item":"https:\/\/www.sophygeneva.eu\/"},{"@type":"ListItem","position":2,"name":"Shop","item":"https:\/\/www.sophygeneva.eu\/shop\/"},{"@type":"ListItem","position":3,"name":"Women Jewelry","item":"https:\/\/www.sophygeneva.eu\/products\/women-jewelry\/"},{"@type":"ListItem","position":4,"name":"Necklaces","item":"https:\/\/www.sophygeneva.eu\/products\/women-jewelry\/necklaces\/"},{"@type":"ListItem","position":5,"name":"Shiny Open Square Diamond Pendant Necklace in 18k yellow gold"}]},{"@type":"WebSite","@id":"https:\/\/www.sophygeneva.eu\/ru\/#website","url":"https:\/\/www.sophygeneva.eu\/ru\/","name":"Sophy Geneva Jewellery","description":"Fine Gold, Diamond, Gems &amp; Watches - Online Swiss Store | Be Wise","publisher":{"@id":"https:\/\/www.sophygeneva.eu\/ru\/#organization"},"potentialAction":[{"@type":"SearchAction","target":{"@type":"EntryPoint","urlTemplate":"https:\/\/www.sophygeneva.eu\/ru\/?s={search_term_string}"},"query-input":{"@type":"PropertyValueSpecification","valueRequired":true,"valueName":"search_term_string"}}],"inLanguage":"fr-FR"},{"@type":"Organization","@id":"https:\/\/www.sophygeneva.eu\/ru\/#organization","name":"Sophy Geneva","url":"https:\/\/www.sophygeneva.eu\/ru\/","logo":{"@type":"ImageObject","inLanguage":"fr-FR","@id":"https:\/\/www.sophygeneva.eu\/ru\/#\/schema\/logo\/image\/","url":"https:\/\/www.sophygeneva.eu\/web\/wp-content\/uploads\/2021\/07\/sophy-geneva-logo-full.png","contentUrl":"https:\/\/www.sophygeneva.eu\/web\/wp-content\/uploads\/2021\/07\/sophy-geneva-logo-full.png","width":2525,"height":673,"caption":"Sophy Geneva"},"image":{"@id":"https:\/\/www.sophygeneva.eu\/ru\/#\/schema\/logo\/image\/"},"sameAs":["https:\/\/facebook.com\/sophygeneva","https:\/\/x.com\/sophygeneva","https:\/\/instagram.com\/sophygeneva","https:\/\/pinterest.com\/sophygeneva","https:\/\/www.youtube.com\/channel\/UCHd7DXSLnPG1SngLqMh4cAA"]}]},"product_brand":"Fine Jewellery by Sophy Geneva","product_price_amount":"748.00","product_price_currency":"CHF","og_availability":"instock","product_availability":"instock","product_retailer_item_id":"WPN111839-Y18k","product_condition":"new"},"jetpack_sharing_enabled":true,"jetpack-related-posts":[],"_links":{"self":[{"href":"https:\/\/www.sophygeneva.eu\/fr\/wp-json\/wp\/v2\/product\/4490","targetHints":{"allow":["GET"]}}],"collection":[{"href":"https:\/\/www.sophygeneva.eu\/fr\/wp-json\/wp\/v2\/product"}],"about":[{"href":"https:\/\/www.sophygeneva.eu\/fr\/wp-json\/wp\/v2\/types\/product"}],"version-history":[{"count":1,"href":"https:\/\/www.sophygeneva.eu\/fr\/wp-json\/wp\/v2\/product\/4490\/revisions"}],"predecessor-version":[{"id":4501,"href":"https:\/\/www.sophygeneva.eu\/fr\/wp-json\/wp\/v2\/product\/4490\/revisions\/4501"}],"wp:featuredmedia":[{"embeddable":true,"href":"https:\/\/www.sophygeneva.eu\/fr\/wp-json\/wp\/v2\/media\/4493"}],"wp:attachment":[{"href":"https:\/\/www.sophygeneva.eu\/fr\/wp-json\/wp\/v2\/media?parent=4490"}],"wp:term":[{"taxonomy":"product_cat","embeddable":true,"href":"https:\/\/www.sophygeneva.eu\/fr\/wp-json\/wp\/v2\/product_cat?post=4490"},{"taxonomy":"product_tag","embeddable":true,"href":"https:\/\/www.sophygeneva.eu\/fr\/wp-json\/wp\/v2\/product_tag?post=4490"}],"curies":[{"name":"wp","href":"https:\/\/api.w.org\/{rel}","templated":true}]}}