{"id":3714,"date":"2021-07-03T01:37:05","date_gmt":"2021-07-02T23:37:05","guid":{"rendered":"https:\/\/www.sophygeneva.eu\/?post_type=product&#038;p=3714"},"modified":"2022-05-01T00:15:21","modified_gmt":"2022-04-30T22:15:21","slug":"stunning-princess-cut-genuine-yellow-sapphire-earrings","status":"publish","type":"product","link":"https:\/\/www.sophygeneva.eu\/fr\/item\/stunning-princess-cut-genuine-yellow-sapphire-earrings\/","title":{"rendered":"Superbes boucles d&#039;oreilles en saphir jaune v\u00e9ritable taille princesse"},"content":{"rendered":"","protected":false},"excerpt":{"rendered":"<p>Les superbes boucles d&#039;oreilles en saphir jaune v\u00e9ritable taille princesse sont fabriqu\u00e9es \u00e0 partir de pierres pr\u00e9cieuses de qualit\u00e9 et d&#039;un savoir-faire raffin\u00e9, avec de l&#039;or blanc 18 carats pour \u00e9gayer votre journ\u00e9e ou vos \u00e9v\u00e9nements avec de belles couleurs, disponibles \u00e9galement en rose, vert et bleu, les bijoux Sophy Gen\u00e8ve sont fabriqu\u00e9s \u00e0 partir de v\u00e9ritables naturels non chauff\u00e9s. Saphir, donc cette couleur est la vraie couleur qui durera pour toujours.<\/p>\n<p>Ce sont des saphirs bleus naturels qui sont vendus exactement comme ils ont \u00e9t\u00e9 extraits\/produits par M\u00e8re Nature. Ces saphirs ne sont que facett\u00e9s par l&#039;homme, mais leur beaut\u00e9 naturelle et leurs caract\u00e9ristiques ne sont en aucun cas am\u00e9lior\u00e9es. Chez Sophy Gen\u00e8ve, nous n&#039;avons que le meilleur Saphir Naturel.<\/p>","protected":false},"featured_media":3725,"template":"","meta":[],"product_cat":[272,264],"product_tag":[48,353,317,362],"class_list":{"0":"post-3714","1":"product","2":"type-product","3":"status-publish","4":"has-post-thumbnail","6":"product_cat-earrings","7":"product_cat-exclusive-collections","8":"product_tag-18k-gold-jewellery","9":"product_tag-solitaire-earrings","10":"product_tag-white-gold","11":"product_tag-yellow-sapphire","12":"pa_color-white-gold","13":"pa_jewellery-art-earrings","14":"pa_jewellery-material-gold-18k-750","15":"pa_made-for-ladies","16":"pa_product-brand-fine-jewellery-by-sophy-geneva","17":"pa_product-color-yellow","18":"pa_product-cut-styles-round-diamonds","19":"pa_product-gemstone-yellow-sapphire","20":"pa_solitaire-solitaire-earring","21":"pa_solitaire-diamond-carat-5-mm","23":"first","24":"instock","25":"taxable","26":"shipping-taxable","27":"purchasable","28":"product-type-simple"},"yoast_head":"<!-- This site is optimized with the Yoast SEO Premium plugin v18.1 (Yoast SEO v24.1) - https:\/\/yoast.com\/wordpress\/plugins\/seo\/ -->\n<title>Stunning Princess cut genuine Yellow Sapphire earrings - Sophy Geneva Jewellery<\/title>\n<meta name=\"description\" content=\"Glamorous Iconic Fine jewelry &amp; watches. Discover our fabulous collections, with a possibility to Virtually try on.\" \/>\n<meta name=\"robots\" content=\"index, follow, max-snippet:-1, max-image-preview:large, max-video-preview:-1\" \/>\n<link rel=\"canonical\" href=\"https:\/\/www.sophygeneva.eu\/fr\/item\/stunning-princess-cut-genuine-yellow-sapphire-earrings\/\" \/>\n<meta property=\"og:locale\" content=\"fr_FR\" \/>\n<meta property=\"og:type\" content=\"article\" \/>\n<meta property=\"og:title\" content=\"Stunning Princess cut genuine Yellow Sapphire earrings - Sophy Geneva Jewellery\" \/>\n<meta property=\"og:description\" content=\"Sophy Geneva presents you its Iconic, Glamorous Fine jewelry &amp; watches. Discover our fabulous collections, with a possibility to Virtually try on. Let&#039;s shine\" \/>\n<meta property=\"og:url\" content=\"https:\/\/www.sophygeneva.eu\/fr\/item\/stunning-princess-cut-genuine-yellow-sapphire-earrings\/\" \/>\n<meta property=\"og:site_name\" content=\"Sophy Geneva Jewellery\" \/>\n<meta property=\"article:publisher\" content=\"https:\/\/facebook.com\/sophygeneva\" \/>\n<meta property=\"article:modified_time\" content=\"2022-04-30T22:15:21+00:00\" \/>\n<meta property=\"og:image\" content=\"https:\/\/www.sophygeneva.eu\/web\/wp-content\/uploads\/2021\/07\/Sophy-Geneva-yellow-sapphire-Square-cut-solitaire-white-18k-Gold-Basket-Stud-Earrings2.jpg\" \/>\n\t<meta property=\"og:image:width\" content=\"666\" \/>\n\t<meta property=\"og:image:height\" content=\"666\" \/>\n\t<meta property=\"og:image:type\" content=\"image\/jpeg\" \/>\n<meta name=\"twitter:card\" content=\"summary_large_image\" \/>\n<meta name=\"twitter:site\" content=\"@sophygeneva\" \/>\n<meta name=\"twitter:label1\" content=\"Prix\" \/>\n\t<meta name=\"twitter:data1\" content=\"&#067;&#072;&#070;&nbsp;480.00 Incl. Tax\" \/>\n\t<meta name=\"twitter:label2\" content=\"Availability\" \/>\n\t<meta name=\"twitter:data2\" content=\"In stock\" \/>\n<script type=\"application\/ld+json\" class=\"yoast-schema-graph\">{\"@context\":\"https:\/\/schema.org\",\"@graph\":[{\"@type\":[\"WebPage\",\"ItemPage\"],\"@id\":\"https:\/\/www.sophygeneva.eu\/item\/stunning-princess-cut-genuine-yellow-sapphire-earrings\/\",\"url\":\"https:\/\/www.sophygeneva.eu\/item\/stunning-princess-cut-genuine-yellow-sapphire-earrings\/\",\"name\":\"Stunning Princess cut genuine Yellow Sapphire earrings - Sophy Geneva Jewellery\",\"isPartOf\":{\"@id\":\"https:\/\/www.sophygeneva.eu\/ru\/#website\"},\"primaryImageOfPage\":{\"@id\":\"https:\/\/www.sophygeneva.eu\/item\/stunning-princess-cut-genuine-yellow-sapphire-earrings\/#primaryimage\"},\"image\":{\"@id\":\"https:\/\/www.sophygeneva.eu\/item\/stunning-princess-cut-genuine-yellow-sapphire-earrings\/#primaryimage\"},\"thumbnailUrl\":\"https:\/\/www.sophygeneva.eu\/web\/wp-content\/uploads\/2021\/07\/Sophy-Geneva-yellow-sapphire-Square-cut-solitaire-white-18k-Gold-Basket-Stud-Earrings2.jpg\",\"datePublished\":\"2021-07-02T23:37:05+00:00\",\"dateModified\":\"2022-04-30T22:15:21+00:00\",\"description\":\"Glamorous Iconic Fine jewelry & watches. Discover our fabulous collections, with a possibility to Virtually try on.\",\"breadcrumb\":{\"@id\":\"https:\/\/www.sophygeneva.eu\/item\/stunning-princess-cut-genuine-yellow-sapphire-earrings\/#breadcrumb\"},\"inLanguage\":\"fr-FR\",\"potentialAction\":[{\"@type\":\"ReadAction\",\"target\":[\"https:\/\/www.sophygeneva.eu\/item\/stunning-princess-cut-genuine-yellow-sapphire-earrings\/\"]}]},{\"@type\":\"ImageObject\",\"inLanguage\":\"fr-FR\",\"@id\":\"https:\/\/www.sophygeneva.eu\/item\/stunning-princess-cut-genuine-yellow-sapphire-earrings\/#primaryimage\",\"url\":\"https:\/\/www.sophygeneva.eu\/web\/wp-content\/uploads\/2021\/07\/Sophy-Geneva-yellow-sapphire-Square-cut-solitaire-white-18k-Gold-Basket-Stud-Earrings2.jpg\",\"contentUrl\":\"https:\/\/www.sophygeneva.eu\/web\/wp-content\/uploads\/2021\/07\/Sophy-Geneva-yellow-sapphire-Square-cut-solitaire-white-18k-Gold-Basket-Stud-Earrings2.jpg\",\"width\":666,\"height\":666},{\"@type\":\"BreadcrumbList\",\"@id\":\"https:\/\/www.sophygeneva.eu\/item\/stunning-princess-cut-genuine-yellow-sapphire-earrings\/#breadcrumb\",\"itemListElement\":[{\"@type\":\"ListItem\",\"position\":1,\"name\":\"Home\",\"item\":\"https:\/\/www.sophygeneva.eu\/\"},{\"@type\":\"ListItem\",\"position\":2,\"name\":\"Shop\",\"item\":\"https:\/\/www.sophygeneva.eu\/shop\/\"},{\"@type\":\"ListItem\",\"position\":3,\"name\":\"Exclusive Collections\",\"item\":\"https:\/\/www.sophygeneva.eu\/en\/products\/exclusive-collections\/\"},{\"@type\":\"ListItem\",\"position\":4,\"name\":\"Stunning Princess cut genuine Yellow Sapphire earrings\"}]},{\"@type\":\"WebSite\",\"@id\":\"https:\/\/www.sophygeneva.eu\/ru\/#website\",\"url\":\"https:\/\/www.sophygeneva.eu\/ru\/\",\"name\":\"Sophy Geneva Jewellery\",\"description\":\"Fine Gold, Diamond, Gems &amp; Watches - Online Swiss Store | Be Wise\",\"publisher\":{\"@id\":\"https:\/\/www.sophygeneva.eu\/ru\/#organization\"},\"potentialAction\":[{\"@type\":\"SearchAction\",\"target\":{\"@type\":\"EntryPoint\",\"urlTemplate\":\"https:\/\/www.sophygeneva.eu\/ru\/?s={search_term_string}\"},\"query-input\":{\"@type\":\"PropertyValueSpecification\",\"valueRequired\":true,\"valueName\":\"search_term_string\"}}],\"inLanguage\":\"fr-FR\"},{\"@type\":\"Organization\",\"@id\":\"https:\/\/www.sophygeneva.eu\/ru\/#organization\",\"name\":\"Sophy Geneva\",\"url\":\"https:\/\/www.sophygeneva.eu\/ru\/\",\"logo\":{\"@type\":\"ImageObject\",\"inLanguage\":\"fr-FR\",\"@id\":\"https:\/\/www.sophygeneva.eu\/ru\/#\/schema\/logo\/image\/\",\"url\":\"https:\/\/www.sophygeneva.eu\/web\/wp-content\/uploads\/2021\/07\/sophy-geneva-logo-full.png\",\"contentUrl\":\"https:\/\/www.sophygeneva.eu\/web\/wp-content\/uploads\/2021\/07\/sophy-geneva-logo-full.png\",\"width\":2525,\"height\":673,\"caption\":\"Sophy Geneva\"},\"image\":{\"@id\":\"https:\/\/www.sophygeneva.eu\/ru\/#\/schema\/logo\/image\/\"},\"sameAs\":[\"https:\/\/facebook.com\/sophygeneva\",\"https:\/\/x.com\/sophygeneva\",\"https:\/\/instagram.com\/sophygeneva\",\"https:\/\/pinterest.com\/sophygeneva\",\"https:\/\/www.youtube.com\/channel\/UCHd7DXSLnPG1SngLqMh4cAA\"]}]}<\/script>\n<meta property=\"product:brand\" content=\"Fine Jewellery by Sophy Geneva\" \/>\n<meta property=\"product:price:amount\" content=\"480.00\" \/>\n<meta property=\"product:price:currency\" content=\"CHF\" \/>\n<meta property=\"og:availability\" content=\"instock\" \/>\n<meta property=\"product:availability\" content=\"instock\" \/>\n<meta property=\"product:retailer_item_id\" content=\"ER23788-W18SG\" \/>\n<meta property=\"product:condition\" content=\"new\" \/>\n<!-- \/ Yoast SEO Premium plugin. -->","yoast_head_json":{"title":"Stunning Princess cut genuine Yellow Sapphire earrings - Sophy Geneva Jewellery","description":"Glamorous Iconic Fine jewelry & watches. Discover our fabulous collections, with a possibility to Virtually try on.","robots":{"index":"index","follow":"follow","max-snippet":"max-snippet:-1","max-image-preview":"max-image-preview:large","max-video-preview":"max-video-preview:-1"},"canonical":"https:\/\/www.sophygeneva.eu\/fr\/item\/stunning-princess-cut-genuine-yellow-sapphire-earrings\/","og_locale":"fr_FR","og_type":"article","og_title":"Stunning Princess cut genuine Yellow Sapphire earrings - Sophy Geneva Jewellery","og_description":"Sophy Geneva presents you its Iconic, Glamorous Fine jewelry & watches. Discover our fabulous collections, with a possibility to Virtually try on. Let's shine","og_url":"https:\/\/www.sophygeneva.eu\/fr\/item\/stunning-princess-cut-genuine-yellow-sapphire-earrings\/","og_site_name":"Sophy Geneva Jewellery","article_publisher":"https:\/\/facebook.com\/sophygeneva","article_modified_time":"2022-04-30T22:15:21+00:00","og_image":[{"width":666,"height":666,"url":"https:\/\/www.sophygeneva.eu\/web\/wp-content\/uploads\/2021\/07\/Sophy-Geneva-yellow-sapphire-Square-cut-solitaire-white-18k-Gold-Basket-Stud-Earrings2.jpg","type":"image\/jpeg"}],"twitter_card":"summary_large_image","twitter_site":"@sophygeneva","twitter_misc":{"Prix":"&#67;&#72;&#70;&nbsp;480.00 Incl. Tax","Availability":"In stock"},"schema":{"@context":"https:\/\/schema.org","@graph":[{"@type":["WebPage","ItemPage"],"@id":"https:\/\/www.sophygeneva.eu\/item\/stunning-princess-cut-genuine-yellow-sapphire-earrings\/","url":"https:\/\/www.sophygeneva.eu\/item\/stunning-princess-cut-genuine-yellow-sapphire-earrings\/","name":"Stunning Princess cut genuine Yellow Sapphire earrings - Sophy Geneva Jewellery","isPartOf":{"@id":"https:\/\/www.sophygeneva.eu\/ru\/#website"},"primaryImageOfPage":{"@id":"https:\/\/www.sophygeneva.eu\/item\/stunning-princess-cut-genuine-yellow-sapphire-earrings\/#primaryimage"},"image":{"@id":"https:\/\/www.sophygeneva.eu\/item\/stunning-princess-cut-genuine-yellow-sapphire-earrings\/#primaryimage"},"thumbnailUrl":"https:\/\/www.sophygeneva.eu\/web\/wp-content\/uploads\/2021\/07\/Sophy-Geneva-yellow-sapphire-Square-cut-solitaire-white-18k-Gold-Basket-Stud-Earrings2.jpg","datePublished":"2021-07-02T23:37:05+00:00","dateModified":"2022-04-30T22:15:21+00:00","description":"Glamorous Iconic Fine jewelry & watches. Discover our fabulous collections, with a possibility to Virtually try on.","breadcrumb":{"@id":"https:\/\/www.sophygeneva.eu\/item\/stunning-princess-cut-genuine-yellow-sapphire-earrings\/#breadcrumb"},"inLanguage":"fr-FR","potentialAction":[{"@type":"ReadAction","target":["https:\/\/www.sophygeneva.eu\/item\/stunning-princess-cut-genuine-yellow-sapphire-earrings\/"]}]},{"@type":"ImageObject","inLanguage":"fr-FR","@id":"https:\/\/www.sophygeneva.eu\/item\/stunning-princess-cut-genuine-yellow-sapphire-earrings\/#primaryimage","url":"https:\/\/www.sophygeneva.eu\/web\/wp-content\/uploads\/2021\/07\/Sophy-Geneva-yellow-sapphire-Square-cut-solitaire-white-18k-Gold-Basket-Stud-Earrings2.jpg","contentUrl":"https:\/\/www.sophygeneva.eu\/web\/wp-content\/uploads\/2021\/07\/Sophy-Geneva-yellow-sapphire-Square-cut-solitaire-white-18k-Gold-Basket-Stud-Earrings2.jpg","width":666,"height":666},{"@type":"BreadcrumbList","@id":"https:\/\/www.sophygeneva.eu\/item\/stunning-princess-cut-genuine-yellow-sapphire-earrings\/#breadcrumb","itemListElement":[{"@type":"ListItem","position":1,"name":"Home","item":"https:\/\/www.sophygeneva.eu\/"},{"@type":"ListItem","position":2,"name":"Shop","item":"https:\/\/www.sophygeneva.eu\/shop\/"},{"@type":"ListItem","position":3,"name":"Exclusive Collections","item":"https:\/\/www.sophygeneva.eu\/en\/products\/exclusive-collections\/"},{"@type":"ListItem","position":4,"name":"Stunning Princess cut genuine Yellow Sapphire earrings"}]},{"@type":"WebSite","@id":"https:\/\/www.sophygeneva.eu\/ru\/#website","url":"https:\/\/www.sophygeneva.eu\/ru\/","name":"Sophy Geneva Jewellery","description":"Fine Gold, Diamond, Gems &amp; Watches - Online Swiss Store | Be Wise","publisher":{"@id":"https:\/\/www.sophygeneva.eu\/ru\/#organization"},"potentialAction":[{"@type":"SearchAction","target":{"@type":"EntryPoint","urlTemplate":"https:\/\/www.sophygeneva.eu\/ru\/?s={search_term_string}"},"query-input":{"@type":"PropertyValueSpecification","valueRequired":true,"valueName":"search_term_string"}}],"inLanguage":"fr-FR"},{"@type":"Organization","@id":"https:\/\/www.sophygeneva.eu\/ru\/#organization","name":"Sophy Geneva","url":"https:\/\/www.sophygeneva.eu\/ru\/","logo":{"@type":"ImageObject","inLanguage":"fr-FR","@id":"https:\/\/www.sophygeneva.eu\/ru\/#\/schema\/logo\/image\/","url":"https:\/\/www.sophygeneva.eu\/web\/wp-content\/uploads\/2021\/07\/sophy-geneva-logo-full.png","contentUrl":"https:\/\/www.sophygeneva.eu\/web\/wp-content\/uploads\/2021\/07\/sophy-geneva-logo-full.png","width":2525,"height":673,"caption":"Sophy Geneva"},"image":{"@id":"https:\/\/www.sophygeneva.eu\/ru\/#\/schema\/logo\/image\/"},"sameAs":["https:\/\/facebook.com\/sophygeneva","https:\/\/x.com\/sophygeneva","https:\/\/instagram.com\/sophygeneva","https:\/\/pinterest.com\/sophygeneva","https:\/\/www.youtube.com\/channel\/UCHd7DXSLnPG1SngLqMh4cAA"]}]},"product_brand":"Fine Jewellery by Sophy Geneva","product_price_amount":"480.00","product_price_currency":"CHF","og_availability":"instock","product_availability":"instock","product_retailer_item_id":"ER23788-W18SG","product_condition":"new"},"jetpack_sharing_enabled":true,"jetpack-related-posts":[],"_links":{"self":[{"href":"https:\/\/www.sophygeneva.eu\/fr\/wp-json\/wp\/v2\/product\/3714","targetHints":{"allow":["GET"]}}],"collection":[{"href":"https:\/\/www.sophygeneva.eu\/fr\/wp-json\/wp\/v2\/product"}],"about":[{"href":"https:\/\/www.sophygeneva.eu\/fr\/wp-json\/wp\/v2\/types\/product"}],"version-history":[{"count":2,"href":"https:\/\/www.sophygeneva.eu\/fr\/wp-json\/wp\/v2\/product\/3714\/revisions"}],"predecessor-version":[{"id":3717,"href":"https:\/\/www.sophygeneva.eu\/fr\/wp-json\/wp\/v2\/product\/3714\/revisions\/3717"}],"wp:featuredmedia":[{"embeddable":true,"href":"https:\/\/www.sophygeneva.eu\/fr\/wp-json\/wp\/v2\/media\/3725"}],"wp:attachment":[{"href":"https:\/\/www.sophygeneva.eu\/fr\/wp-json\/wp\/v2\/media?parent=3714"}],"wp:term":[{"taxonomy":"product_cat","embeddable":true,"href":"https:\/\/www.sophygeneva.eu\/fr\/wp-json\/wp\/v2\/product_cat?post=3714"},{"taxonomy":"product_tag","embeddable":true,"href":"https:\/\/www.sophygeneva.eu\/fr\/wp-json\/wp\/v2\/product_tag?post=3714"}],"curies":[{"name":"wp","href":"https:\/\/api.w.org\/{rel}","templated":true}]}}