{"id":3707,"date":"2021-07-03T00:24:23","date_gmt":"2021-07-02T22:24:23","guid":{"rendered":"https:\/\/www.sophygeneva.eu\/?post_type=product&#038;p=3707"},"modified":"2022-04-30T23:55:59","modified_gmt":"2022-04-30T21:55:59","slug":"stunning-genuine-blue-sapphire-earrings-2","status":"publish","type":"product","link":"https:\/\/www.sophygeneva.eu\/fr\/item\/stunning-genuine-blue-sapphire-earrings-2\/","title":{"rendered":"Superbes boucles d&#039;oreilles saphir bleu v\u00e9ritable 5mm"},"content":{"rendered":"","protected":false},"excerpt":{"rendered":"<p>De superbes boucles d&#039;oreilles en saphir bleu v\u00e9ritable sont fabriqu\u00e9es \u00e0 partir de pierres pr\u00e9cieuses de qualit\u00e9 et d&#039;un savoir-faire raffin\u00e9, avec de l&#039;or blanc 18 carats pour \u00e9gayer votre journ\u00e9e ou vos \u00e9v\u00e9nements avec de belles couleurs, disponibles \u00e9galement en rose, vert et jaune, les bijoux Sophy Gen\u00e8ve sont fabriqu\u00e9s \u00e0 partir de v\u00e9ritable saphir naturel non chauff\u00e9, donc cette couleur est la vraie couleur qui durera pour toujours.<\/p>\n<p>Ce sont des saphirs bleus naturels qui sont vendus exactement comme ils ont \u00e9t\u00e9 extraits\/produits par M\u00e8re Nature. Ces saphirs ne sont que facett\u00e9s par l&#039;homme, mais leur beaut\u00e9 naturelle et leurs caract\u00e9ristiques ne sont en aucun cas am\u00e9lior\u00e9es. Chez Sophy Gen\u00e8ve, nous n&#039;avons que le meilleur Saphir Naturel.<\/p>","protected":false},"featured_media":3669,"template":"","meta":[],"product_cat":[272,264],"product_tag":[48,367,353,317],"class_list":{"0":"post-3707","1":"product","2":"type-product","3":"status-publish","4":"has-post-thumbnail","6":"product_cat-earrings","7":"product_cat-exclusive-collections","8":"product_tag-18k-gold-jewellery","9":"product_tag-blue-sapphire","10":"product_tag-solitaire-earrings","11":"product_tag-white-gold","12":"pa_color-white-gold","13":"pa_jewellery-art-earrings","14":"pa_jewellery-material-gold-18k-750","15":"pa_made-for-ladies","16":"pa_product-brand-fine-jewellery-by-sophy-geneva","17":"pa_product-color-product-color-blue","18":"pa_product-cut-styles-round-diamonds","19":"pa_product-gemstone-blue-sapphire","20":"pa_solitaire-solitaire-earring","21":"pa_solitaire-diamond-carat-5-mm","23":"first","24":"instock","25":"taxable","26":"shipping-taxable","27":"purchasable","28":"product-type-simple"},"yoast_head":"<!-- This site is optimized with the Yoast SEO Premium plugin v18.1 (Yoast SEO v24.1) - https:\/\/yoast.com\/wordpress\/plugins\/seo\/ -->\n<title>Stunning genuine blue Sapphire earrings 5mm - Sophy Geneva Jewellery<\/title>\n<meta name=\"description\" content=\"Glamorous Iconic Fine jewelry &amp; watches. Discover our fabulous collections, with a possibility to Virtually try on.\" \/>\n<meta name=\"robots\" content=\"index, follow, max-snippet:-1, max-image-preview:large, max-video-preview:-1\" \/>\n<link rel=\"canonical\" href=\"https:\/\/www.sophygeneva.eu\/fr\/item\/stunning-genuine-blue-sapphire-earrings-2\/\" \/>\n<meta property=\"og:locale\" content=\"fr_FR\" \/>\n<meta property=\"og:type\" content=\"article\" \/>\n<meta property=\"og:title\" content=\"Stunning genuine blue Sapphire earrings 5mm - Sophy Geneva Jewellery\" \/>\n<meta property=\"og:description\" content=\"Sophy Geneva presents you its Iconic, Glamorous Fine jewelry &amp; watches. Discover our fabulous collections, with a possibility to Virtually try on. Let&#039;s shine\" \/>\n<meta property=\"og:url\" content=\"https:\/\/www.sophygeneva.eu\/fr\/item\/stunning-genuine-blue-sapphire-earrings-2\/\" \/>\n<meta property=\"og:site_name\" content=\"Sophy Geneva Jewellery\" \/>\n<meta property=\"article:publisher\" content=\"https:\/\/facebook.com\/sophygeneva\" \/>\n<meta property=\"article:modified_time\" content=\"2022-04-30T21:55:59+00:00\" \/>\n<meta property=\"og:image\" content=\"https:\/\/www.sophygeneva.eu\/web\/wp-content\/uploads\/2021\/07\/Sophy-Geneva-blue-sapphire-round-cut-solitaire-white-18k-Gold-Basket-Stud-Earrings-5mm.jpg\" \/>\n\t<meta property=\"og:image:width\" content=\"666\" \/>\n\t<meta property=\"og:image:height\" content=\"666\" \/>\n\t<meta property=\"og:image:type\" content=\"image\/jpeg\" \/>\n<meta name=\"twitter:card\" content=\"summary_large_image\" \/>\n<meta name=\"twitter:site\" content=\"@sophygeneva\" \/>\n<meta name=\"twitter:label1\" content=\"Prix\" \/>\n\t<meta name=\"twitter:data1\" content=\"&#067;&#072;&#070;&nbsp;990.00 Incl. Tax\" \/>\n\t<meta name=\"twitter:label2\" content=\"Availability\" \/>\n\t<meta name=\"twitter:data2\" content=\"In stock\" \/>\n<script type=\"application\/ld+json\" class=\"yoast-schema-graph\">{\"@context\":\"https:\/\/schema.org\",\"@graph\":[{\"@type\":[\"WebPage\",\"ItemPage\"],\"@id\":\"https:\/\/www.sophygeneva.eu\/item\/stunning-genuine-blue-sapphire-earrings-2\/\",\"url\":\"https:\/\/www.sophygeneva.eu\/item\/stunning-genuine-blue-sapphire-earrings-2\/\",\"name\":\"Stunning genuine blue Sapphire earrings 5mm - Sophy Geneva Jewellery\",\"isPartOf\":{\"@id\":\"https:\/\/www.sophygeneva.eu\/ru\/#website\"},\"primaryImageOfPage\":{\"@id\":\"https:\/\/www.sophygeneva.eu\/item\/stunning-genuine-blue-sapphire-earrings-2\/#primaryimage\"},\"image\":{\"@id\":\"https:\/\/www.sophygeneva.eu\/item\/stunning-genuine-blue-sapphire-earrings-2\/#primaryimage\"},\"thumbnailUrl\":\"https:\/\/www.sophygeneva.eu\/web\/wp-content\/uploads\/2021\/07\/Sophy-Geneva-blue-sapphire-round-cut-solitaire-white-18k-Gold-Basket-Stud-Earrings-5mm.jpg\",\"datePublished\":\"2021-07-02T22:24:23+00:00\",\"dateModified\":\"2022-04-30T21:55:59+00:00\",\"description\":\"Glamorous Iconic Fine jewelry & watches. Discover our fabulous collections, with a possibility to Virtually try on.\",\"breadcrumb\":{\"@id\":\"https:\/\/www.sophygeneva.eu\/item\/stunning-genuine-blue-sapphire-earrings-2\/#breadcrumb\"},\"inLanguage\":\"fr-FR\",\"potentialAction\":[{\"@type\":\"ReadAction\",\"target\":[\"https:\/\/www.sophygeneva.eu\/item\/stunning-genuine-blue-sapphire-earrings-2\/\"]}]},{\"@type\":\"ImageObject\",\"inLanguage\":\"fr-FR\",\"@id\":\"https:\/\/www.sophygeneva.eu\/item\/stunning-genuine-blue-sapphire-earrings-2\/#primaryimage\",\"url\":\"https:\/\/www.sophygeneva.eu\/web\/wp-content\/uploads\/2021\/07\/Sophy-Geneva-blue-sapphire-round-cut-solitaire-white-18k-Gold-Basket-Stud-Earrings-5mm.jpg\",\"contentUrl\":\"https:\/\/www.sophygeneva.eu\/web\/wp-content\/uploads\/2021\/07\/Sophy-Geneva-blue-sapphire-round-cut-solitaire-white-18k-Gold-Basket-Stud-Earrings-5mm.jpg\",\"width\":666,\"height\":666},{\"@type\":\"BreadcrumbList\",\"@id\":\"https:\/\/www.sophygeneva.eu\/item\/stunning-genuine-blue-sapphire-earrings-2\/#breadcrumb\",\"itemListElement\":[{\"@type\":\"ListItem\",\"position\":1,\"name\":\"Home\",\"item\":\"https:\/\/www.sophygeneva.eu\/\"},{\"@type\":\"ListItem\",\"position\":2,\"name\":\"Shop\",\"item\":\"https:\/\/www.sophygeneva.eu\/shop\/\"},{\"@type\":\"ListItem\",\"position\":3,\"name\":\"Exclusive Collections\",\"item\":\"https:\/\/www.sophygeneva.eu\/en\/products\/exclusive-collections\/\"},{\"@type\":\"ListItem\",\"position\":4,\"name\":\"Stunning genuine blue Sapphire earrings 5mm\"}]},{\"@type\":\"WebSite\",\"@id\":\"https:\/\/www.sophygeneva.eu\/ru\/#website\",\"url\":\"https:\/\/www.sophygeneva.eu\/ru\/\",\"name\":\"Sophy Geneva Jewellery\",\"description\":\"Fine Gold, Diamond, Gems &amp; Watches - Online Swiss Store | Be Wise\",\"publisher\":{\"@id\":\"https:\/\/www.sophygeneva.eu\/ru\/#organization\"},\"potentialAction\":[{\"@type\":\"SearchAction\",\"target\":{\"@type\":\"EntryPoint\",\"urlTemplate\":\"https:\/\/www.sophygeneva.eu\/ru\/?s={search_term_string}\"},\"query-input\":{\"@type\":\"PropertyValueSpecification\",\"valueRequired\":true,\"valueName\":\"search_term_string\"}}],\"inLanguage\":\"fr-FR\"},{\"@type\":\"Organization\",\"@id\":\"https:\/\/www.sophygeneva.eu\/ru\/#organization\",\"name\":\"Sophy Geneva\",\"url\":\"https:\/\/www.sophygeneva.eu\/ru\/\",\"logo\":{\"@type\":\"ImageObject\",\"inLanguage\":\"fr-FR\",\"@id\":\"https:\/\/www.sophygeneva.eu\/ru\/#\/schema\/logo\/image\/\",\"url\":\"https:\/\/www.sophygeneva.eu\/web\/wp-content\/uploads\/2021\/07\/sophy-geneva-logo-full.png\",\"contentUrl\":\"https:\/\/www.sophygeneva.eu\/web\/wp-content\/uploads\/2021\/07\/sophy-geneva-logo-full.png\",\"width\":2525,\"height\":673,\"caption\":\"Sophy Geneva\"},\"image\":{\"@id\":\"https:\/\/www.sophygeneva.eu\/ru\/#\/schema\/logo\/image\/\"},\"sameAs\":[\"https:\/\/facebook.com\/sophygeneva\",\"https:\/\/x.com\/sophygeneva\",\"https:\/\/instagram.com\/sophygeneva\",\"https:\/\/pinterest.com\/sophygeneva\",\"https:\/\/www.youtube.com\/channel\/UCHd7DXSLnPG1SngLqMh4cAA\"]}]}<\/script>\n<meta property=\"product:brand\" content=\"Fine Jewellery by Sophy Geneva\" \/>\n<meta property=\"product:price:amount\" content=\"990.00\" \/>\n<meta property=\"product:price:currency\" content=\"CHF\" \/>\n<meta property=\"og:availability\" content=\"instock\" \/>\n<meta property=\"product:availability\" content=\"instock\" \/>\n<meta property=\"product:retailer_item_id\" content=\"ER23753-W18SG\" \/>\n<meta property=\"product:condition\" content=\"new\" \/>\n<!-- \/ Yoast SEO Premium plugin. -->","yoast_head_json":{"title":"Stunning genuine blue Sapphire earrings 5mm - Sophy Geneva Jewellery","description":"Glamorous Iconic Fine jewelry & watches. Discover our fabulous collections, with a possibility to Virtually try on.","robots":{"index":"index","follow":"follow","max-snippet":"max-snippet:-1","max-image-preview":"max-image-preview:large","max-video-preview":"max-video-preview:-1"},"canonical":"https:\/\/www.sophygeneva.eu\/fr\/item\/stunning-genuine-blue-sapphire-earrings-2\/","og_locale":"fr_FR","og_type":"article","og_title":"Stunning genuine blue Sapphire earrings 5mm - Sophy Geneva Jewellery","og_description":"Sophy Geneva presents you its Iconic, Glamorous Fine jewelry & watches. Discover our fabulous collections, with a possibility to Virtually try on. Let's shine","og_url":"https:\/\/www.sophygeneva.eu\/fr\/item\/stunning-genuine-blue-sapphire-earrings-2\/","og_site_name":"Sophy Geneva Jewellery","article_publisher":"https:\/\/facebook.com\/sophygeneva","article_modified_time":"2022-04-30T21:55:59+00:00","og_image":[{"width":666,"height":666,"url":"https:\/\/www.sophygeneva.eu\/web\/wp-content\/uploads\/2021\/07\/Sophy-Geneva-blue-sapphire-round-cut-solitaire-white-18k-Gold-Basket-Stud-Earrings-5mm.jpg","type":"image\/jpeg"}],"twitter_card":"summary_large_image","twitter_site":"@sophygeneva","twitter_misc":{"Prix":"&#67;&#72;&#70;&nbsp;990.00 Incl. Tax","Availability":"In stock"},"schema":{"@context":"https:\/\/schema.org","@graph":[{"@type":["WebPage","ItemPage"],"@id":"https:\/\/www.sophygeneva.eu\/item\/stunning-genuine-blue-sapphire-earrings-2\/","url":"https:\/\/www.sophygeneva.eu\/item\/stunning-genuine-blue-sapphire-earrings-2\/","name":"Stunning genuine blue Sapphire earrings 5mm - Sophy Geneva Jewellery","isPartOf":{"@id":"https:\/\/www.sophygeneva.eu\/ru\/#website"},"primaryImageOfPage":{"@id":"https:\/\/www.sophygeneva.eu\/item\/stunning-genuine-blue-sapphire-earrings-2\/#primaryimage"},"image":{"@id":"https:\/\/www.sophygeneva.eu\/item\/stunning-genuine-blue-sapphire-earrings-2\/#primaryimage"},"thumbnailUrl":"https:\/\/www.sophygeneva.eu\/web\/wp-content\/uploads\/2021\/07\/Sophy-Geneva-blue-sapphire-round-cut-solitaire-white-18k-Gold-Basket-Stud-Earrings-5mm.jpg","datePublished":"2021-07-02T22:24:23+00:00","dateModified":"2022-04-30T21:55:59+00:00","description":"Glamorous Iconic Fine jewelry & watches. Discover our fabulous collections, with a possibility to Virtually try on.","breadcrumb":{"@id":"https:\/\/www.sophygeneva.eu\/item\/stunning-genuine-blue-sapphire-earrings-2\/#breadcrumb"},"inLanguage":"fr-FR","potentialAction":[{"@type":"ReadAction","target":["https:\/\/www.sophygeneva.eu\/item\/stunning-genuine-blue-sapphire-earrings-2\/"]}]},{"@type":"ImageObject","inLanguage":"fr-FR","@id":"https:\/\/www.sophygeneva.eu\/item\/stunning-genuine-blue-sapphire-earrings-2\/#primaryimage","url":"https:\/\/www.sophygeneva.eu\/web\/wp-content\/uploads\/2021\/07\/Sophy-Geneva-blue-sapphire-round-cut-solitaire-white-18k-Gold-Basket-Stud-Earrings-5mm.jpg","contentUrl":"https:\/\/www.sophygeneva.eu\/web\/wp-content\/uploads\/2021\/07\/Sophy-Geneva-blue-sapphire-round-cut-solitaire-white-18k-Gold-Basket-Stud-Earrings-5mm.jpg","width":666,"height":666},{"@type":"BreadcrumbList","@id":"https:\/\/www.sophygeneva.eu\/item\/stunning-genuine-blue-sapphire-earrings-2\/#breadcrumb","itemListElement":[{"@type":"ListItem","position":1,"name":"Home","item":"https:\/\/www.sophygeneva.eu\/"},{"@type":"ListItem","position":2,"name":"Shop","item":"https:\/\/www.sophygeneva.eu\/shop\/"},{"@type":"ListItem","position":3,"name":"Exclusive Collections","item":"https:\/\/www.sophygeneva.eu\/en\/products\/exclusive-collections\/"},{"@type":"ListItem","position":4,"name":"Stunning genuine blue Sapphire earrings 5mm"}]},{"@type":"WebSite","@id":"https:\/\/www.sophygeneva.eu\/ru\/#website","url":"https:\/\/www.sophygeneva.eu\/ru\/","name":"Sophy Geneva Jewellery","description":"Fine Gold, Diamond, Gems &amp; Watches - Online Swiss Store | Be Wise","publisher":{"@id":"https:\/\/www.sophygeneva.eu\/ru\/#organization"},"potentialAction":[{"@type":"SearchAction","target":{"@type":"EntryPoint","urlTemplate":"https:\/\/www.sophygeneva.eu\/ru\/?s={search_term_string}"},"query-input":{"@type":"PropertyValueSpecification","valueRequired":true,"valueName":"search_term_string"}}],"inLanguage":"fr-FR"},{"@type":"Organization","@id":"https:\/\/www.sophygeneva.eu\/ru\/#organization","name":"Sophy Geneva","url":"https:\/\/www.sophygeneva.eu\/ru\/","logo":{"@type":"ImageObject","inLanguage":"fr-FR","@id":"https:\/\/www.sophygeneva.eu\/ru\/#\/schema\/logo\/image\/","url":"https:\/\/www.sophygeneva.eu\/web\/wp-content\/uploads\/2021\/07\/sophy-geneva-logo-full.png","contentUrl":"https:\/\/www.sophygeneva.eu\/web\/wp-content\/uploads\/2021\/07\/sophy-geneva-logo-full.png","width":2525,"height":673,"caption":"Sophy Geneva"},"image":{"@id":"https:\/\/www.sophygeneva.eu\/ru\/#\/schema\/logo\/image\/"},"sameAs":["https:\/\/facebook.com\/sophygeneva","https:\/\/x.com\/sophygeneva","https:\/\/instagram.com\/sophygeneva","https:\/\/pinterest.com\/sophygeneva","https:\/\/www.youtube.com\/channel\/UCHd7DXSLnPG1SngLqMh4cAA"]}]},"product_brand":"Fine Jewellery by Sophy Geneva","product_price_amount":"990.00","product_price_currency":"CHF","og_availability":"instock","product_availability":"instock","product_retailer_item_id":"ER23753-W18SG","product_condition":"new"},"jetpack_sharing_enabled":true,"jetpack-related-posts":[],"_links":{"self":[{"href":"https:\/\/www.sophygeneva.eu\/fr\/wp-json\/wp\/v2\/product\/3707","targetHints":{"allow":["GET"]}}],"collection":[{"href":"https:\/\/www.sophygeneva.eu\/fr\/wp-json\/wp\/v2\/product"}],"about":[{"href":"https:\/\/www.sophygeneva.eu\/fr\/wp-json\/wp\/v2\/types\/product"}],"version-history":[{"count":1,"href":"https:\/\/www.sophygeneva.eu\/fr\/wp-json\/wp\/v2\/product\/3707\/revisions"}],"predecessor-version":[{"id":3708,"href":"https:\/\/www.sophygeneva.eu\/fr\/wp-json\/wp\/v2\/product\/3707\/revisions\/3708"}],"wp:featuredmedia":[{"embeddable":true,"href":"https:\/\/www.sophygeneva.eu\/fr\/wp-json\/wp\/v2\/media\/3669"}],"wp:attachment":[{"href":"https:\/\/www.sophygeneva.eu\/fr\/wp-json\/wp\/v2\/media?parent=3707"}],"wp:term":[{"taxonomy":"product_cat","embeddable":true,"href":"https:\/\/www.sophygeneva.eu\/fr\/wp-json\/wp\/v2\/product_cat?post=3707"},{"taxonomy":"product_tag","embeddable":true,"href":"https:\/\/www.sophygeneva.eu\/fr\/wp-json\/wp\/v2\/product_tag?post=3707"}],"curies":[{"name":"wp","href":"https:\/\/api.w.org\/{rel}","templated":true}]}}