{"id":15620,"date":"2022-03-13T22:17:20","date_gmt":"2022-03-13T21:17:20","guid":{"rendered":"https:\/\/www.sophygeneva.eu\/?post_type=product&#038;p=15620"},"modified":"2022-05-01T22:36:40","modified_gmt":"2022-05-01T20:36:40","slug":"new-exclusive-solitaire-earrings-0-22cts-fancy-yellow-diamond-in18k-yellow-gold","status":"publish","type":"product","link":"https:\/\/www.sophygeneva.eu\/fr\/item\/new-exclusive-solitaire-earrings-0-22cts-fancy-yellow-diamond-in18k-yellow-gold\/","title":{"rendered":"Nouvelle exclusivit\u00e9 : Boucles d&#039;oreilles Solitaire 0.22cts Diamant jaune fantaisie en Or jaune 18K."},"content":{"rendered":"","protected":false},"excerpt":{"rendered":"<p><span style=\"font-family: 'times new roman', times, serif;\">Les boucles d&#039;oreilles Sophy Geneva Exclusive Solitaire Studs sont une interpr\u00e9tation moderne d&#039;un style intemporel.<span style=\"color: #ffffff;\"> <span style=\"background-color: #ff0000;\">Meilleur prix en garantie<\/span>\u00a0<\/span><\/span><br \/>\n<span style=\"font-family: 'times new roman', times, serif;\">Une combinaison sp\u00e9ciale de <span style=\"background-color: #ffff99;\">Diamant jaune<\/span> et <span style=\"background-color: #ffff99;\">Or jaune 18 carats<\/span> \u00e9crin d&#039;une extr\u00eame \u00e9l\u00e9gance<\/span><br \/>\n<span style=\"font-family: 'times new roman', times, serif;\">Con\u00e7u pour cr\u00e9er une silhouette \u00e9l\u00e9gante, notre sertissage raffin\u00e9 attire intentionnellement la lumi\u00e8re sous tous les angles, mettant en lumi\u00e8re l&#039;\u00e9clat de votre diamant.<\/span><\/p>","protected":false},"featured_media":15617,"template":"","meta":[],"product_cat":[272,264],"product_tag":[48,52,353,1652],"class_list":{"0":"post-15620","1":"product","2":"type-product","3":"status-publish","4":"has-post-thumbnail","6":"product_cat-earrings","7":"product_cat-exclusive-collections","8":"product_tag-18k-gold-jewellery","9":"product_tag-diamond-jewellery","10":"product_tag-solitaire-earrings","11":"product_tag-yellow-diamond","12":"pa_color-yellow-gold","13":"pa_jewellery-art-earrings","14":"pa_jewellery-material-gold-18k-750","15":"pa_made-for-ladies","16":"pa_product-brand-fine-jewellery-by-sophy-geneva","17":"pa_product-clarity-vs","18":"pa_product-color-yellow","19":"pa_product-cut-styles-round-diamonds","20":"pa_product-gemstone-yellow-diamond","21":"pa_solitaire-solitaire-earring","22":"pa_solitaire-diamond-carat-0-22-cts","24":"first","25":"instock","26":"taxable","27":"shipping-taxable","28":"purchasable","29":"product-type-simple"},"yoast_head":"<!-- This site is optimized with the Yoast SEO Premium plugin v18.1 (Yoast SEO v24.1) - https:\/\/yoast.com\/wordpress\/plugins\/seo\/ -->\n<title>New exclusive: Solitaire Earrings 0.22cts Fancy yellow Diamond in18K yellow Gold. - Sophy Geneva Jewellery<\/title>\n<meta name=\"description\" content=\"Exclusive Solitaire Fancy yellow Diamond in18K yellow Gold, studs Earrings a modern interpretation of a timeless style at the best price ever.\" \/>\n<meta name=\"robots\" content=\"index, follow, max-snippet:-1, max-image-preview:large, max-video-preview:-1\" \/>\n<link rel=\"canonical\" href=\"https:\/\/www.sophygeneva.eu\/fr\/item\/new-exclusive-solitaire-earrings-0-22cts-fancy-yellow-diamond-in18k-yellow-gold\/\" \/>\n<meta property=\"og:locale\" content=\"fr_FR\" \/>\n<meta property=\"og:type\" content=\"article\" \/>\n<meta property=\"og:title\" content=\"New exclusive: Solitaire Earrings 0.22cts Fancy yellow Diamond in18K yellow Gold. - Sophy Geneva Jewellery\" \/>\n<meta property=\"og:description\" content=\"Sophy Geneva presents you its Iconic, Glamorous Fine jewelry &amp; watches. Discover our fabulous collections, with a possibility to Virtually try on. Let&#039;s shine\" \/>\n<meta property=\"og:url\" content=\"https:\/\/www.sophygeneva.eu\/fr\/item\/new-exclusive-solitaire-earrings-0-22cts-fancy-yellow-diamond-in18k-yellow-gold\/\" \/>\n<meta property=\"og:site_name\" content=\"Sophy Geneva Jewellery\" \/>\n<meta property=\"article:publisher\" content=\"https:\/\/facebook.com\/sophygeneva\" \/>\n<meta property=\"article:modified_time\" content=\"2022-05-01T20:36:40+00:00\" \/>\n<meta property=\"og:image\" content=\"https:\/\/www.sophygeneva.eu\/web\/wp-content\/uploads\/2022\/03\/Yellow_Fancy_diamond_solitaire_earrings_in_18k_yellow_gold_from_Sophy_Geneva.jpg\" \/>\n\t<meta property=\"og:image:width\" content=\"600\" \/>\n\t<meta property=\"og:image:height\" content=\"600\" \/>\n\t<meta property=\"og:image:type\" content=\"image\/jpeg\" \/>\n<meta name=\"twitter:card\" content=\"summary_large_image\" \/>\n<meta name=\"twitter:site\" content=\"@sophygeneva\" \/>\n<meta name=\"twitter:label1\" content=\"Prix\" \/>\n\t<meta name=\"twitter:data1\" content=\"&#067;&#072;&#070;&nbsp;695.00 Incl. Tax\" \/>\n\t<meta name=\"twitter:label2\" content=\"Availability\" \/>\n\t<meta name=\"twitter:data2\" content=\"In stock\" \/>\n<script type=\"application\/ld+json\" class=\"yoast-schema-graph\">{\"@context\":\"https:\/\/schema.org\",\"@graph\":[{\"@type\":[\"WebPage\",\"ItemPage\"],\"@id\":\"https:\/\/www.sophygeneva.eu\/item\/new-exclusive-solitaire-earrings-0-22cts-fancy-yellow-diamond-in18k-yellow-gold\/\",\"url\":\"https:\/\/www.sophygeneva.eu\/item\/new-exclusive-solitaire-earrings-0-22cts-fancy-yellow-diamond-in18k-yellow-gold\/\",\"name\":\"New exclusive: Solitaire Earrings 0.22cts Fancy yellow Diamond in18K yellow Gold. - Sophy Geneva Jewellery\",\"isPartOf\":{\"@id\":\"https:\/\/www.sophygeneva.eu\/ru\/#website\"},\"primaryImageOfPage\":{\"@id\":\"https:\/\/www.sophygeneva.eu\/item\/new-exclusive-solitaire-earrings-0-22cts-fancy-yellow-diamond-in18k-yellow-gold\/#primaryimage\"},\"image\":{\"@id\":\"https:\/\/www.sophygeneva.eu\/item\/new-exclusive-solitaire-earrings-0-22cts-fancy-yellow-diamond-in18k-yellow-gold\/#primaryimage\"},\"thumbnailUrl\":\"https:\/\/www.sophygeneva.eu\/web\/wp-content\/uploads\/2022\/03\/Yellow_Fancy_diamond_solitaire_earrings_in_18k_yellow_gold_from_Sophy_Geneva.jpg\",\"datePublished\":\"2022-03-13T21:17:20+00:00\",\"dateModified\":\"2022-05-01T20:36:40+00:00\",\"description\":\"Exclusive Solitaire Fancy yellow Diamond in18K yellow Gold, studs Earrings a modern interpretation of a timeless style at the best price ever.\",\"breadcrumb\":{\"@id\":\"https:\/\/www.sophygeneva.eu\/item\/new-exclusive-solitaire-earrings-0-22cts-fancy-yellow-diamond-in18k-yellow-gold\/#breadcrumb\"},\"inLanguage\":\"fr-FR\",\"potentialAction\":[{\"@type\":\"ReadAction\",\"target\":[\"https:\/\/www.sophygeneva.eu\/item\/new-exclusive-solitaire-earrings-0-22cts-fancy-yellow-diamond-in18k-yellow-gold\/\"]}]},{\"@type\":\"ImageObject\",\"inLanguage\":\"fr-FR\",\"@id\":\"https:\/\/www.sophygeneva.eu\/item\/new-exclusive-solitaire-earrings-0-22cts-fancy-yellow-diamond-in18k-yellow-gold\/#primaryimage\",\"url\":\"https:\/\/www.sophygeneva.eu\/web\/wp-content\/uploads\/2022\/03\/Yellow_Fancy_diamond_solitaire_earrings_in_18k_yellow_gold_from_Sophy_Geneva.jpg\",\"contentUrl\":\"https:\/\/www.sophygeneva.eu\/web\/wp-content\/uploads\/2022\/03\/Yellow_Fancy_diamond_solitaire_earrings_in_18k_yellow_gold_from_Sophy_Geneva.jpg\",\"width\":600,\"height\":600},{\"@type\":\"BreadcrumbList\",\"@id\":\"https:\/\/www.sophygeneva.eu\/item\/new-exclusive-solitaire-earrings-0-22cts-fancy-yellow-diamond-in18k-yellow-gold\/#breadcrumb\",\"itemListElement\":[{\"@type\":\"ListItem\",\"position\":1,\"name\":\"Home\",\"item\":\"https:\/\/www.sophygeneva.eu\/\"},{\"@type\":\"ListItem\",\"position\":2,\"name\":\"Shop\",\"item\":\"https:\/\/www.sophygeneva.eu\/shop\/\"},{\"@type\":\"ListItem\",\"position\":3,\"name\":\"Women Jewelry\",\"item\":\"https:\/\/www.sophygeneva.eu\/products\/women-jewelry\/\"},{\"@type\":\"ListItem\",\"position\":4,\"name\":\"Earrings\",\"item\":\"https:\/\/www.sophygeneva.eu\/products\/women-jewelry\/earrings\/\"},{\"@type\":\"ListItem\",\"position\":5,\"name\":\"New exclusive: Solitaire Earrings 0.22cts Fancy yellow Diamond in18K yellow Gold.\"}]},{\"@type\":\"WebSite\",\"@id\":\"https:\/\/www.sophygeneva.eu\/ru\/#website\",\"url\":\"https:\/\/www.sophygeneva.eu\/ru\/\",\"name\":\"Sophy Geneva Jewellery\",\"description\":\"Fine Gold, Diamond, Gems &amp; Watches - Online Swiss Store | Be Wise\",\"publisher\":{\"@id\":\"https:\/\/www.sophygeneva.eu\/ru\/#organization\"},\"potentialAction\":[{\"@type\":\"SearchAction\",\"target\":{\"@type\":\"EntryPoint\",\"urlTemplate\":\"https:\/\/www.sophygeneva.eu\/ru\/?s={search_term_string}\"},\"query-input\":{\"@type\":\"PropertyValueSpecification\",\"valueRequired\":true,\"valueName\":\"search_term_string\"}}],\"inLanguage\":\"fr-FR\"},{\"@type\":\"Organization\",\"@id\":\"https:\/\/www.sophygeneva.eu\/ru\/#organization\",\"name\":\"Sophy Geneva\",\"url\":\"https:\/\/www.sophygeneva.eu\/ru\/\",\"logo\":{\"@type\":\"ImageObject\",\"inLanguage\":\"fr-FR\",\"@id\":\"https:\/\/www.sophygeneva.eu\/ru\/#\/schema\/logo\/image\/\",\"url\":\"https:\/\/www.sophygeneva.eu\/web\/wp-content\/uploads\/2021\/07\/sophy-geneva-logo-full.png\",\"contentUrl\":\"https:\/\/www.sophygeneva.eu\/web\/wp-content\/uploads\/2021\/07\/sophy-geneva-logo-full.png\",\"width\":2525,\"height\":673,\"caption\":\"Sophy Geneva\"},\"image\":{\"@id\":\"https:\/\/www.sophygeneva.eu\/ru\/#\/schema\/logo\/image\/\"},\"sameAs\":[\"https:\/\/facebook.com\/sophygeneva\",\"https:\/\/x.com\/sophygeneva\",\"https:\/\/instagram.com\/sophygeneva\",\"https:\/\/pinterest.com\/sophygeneva\",\"https:\/\/www.youtube.com\/channel\/UCHd7DXSLnPG1SngLqMh4cAA\"]}]}<\/script>\n<meta property=\"product:brand\" content=\"Fine Jewellery by Sophy Geneva\" \/>\n<meta property=\"product:price:amount\" content=\"695.00\" \/>\n<meta property=\"product:price:currency\" content=\"CHF\" \/>\n<meta property=\"og:availability\" content=\"instock\" \/>\n<meta property=\"product:availability\" content=\"instock\" \/>\n<meta property=\"product:retailer_item_id\" content=\"23825,1-18KW\" \/>\n<meta property=\"product:condition\" content=\"new\" \/>\n<!-- \/ Yoast SEO Premium plugin. -->","yoast_head_json":{"title":"New exclusive: Solitaire Earrings 0.22cts Fancy yellow Diamond in18K yellow Gold. - Sophy Geneva Jewellery","description":"Exclusive Solitaire Fancy yellow Diamond in18K yellow Gold, studs Earrings a modern interpretation of a timeless style at the best price ever.","robots":{"index":"index","follow":"follow","max-snippet":"max-snippet:-1","max-image-preview":"max-image-preview:large","max-video-preview":"max-video-preview:-1"},"canonical":"https:\/\/www.sophygeneva.eu\/fr\/item\/new-exclusive-solitaire-earrings-0-22cts-fancy-yellow-diamond-in18k-yellow-gold\/","og_locale":"fr_FR","og_type":"article","og_title":"New exclusive: Solitaire Earrings 0.22cts Fancy yellow Diamond in18K yellow Gold. - Sophy Geneva Jewellery","og_description":"Sophy Geneva presents you its Iconic, Glamorous Fine jewelry & watches. Discover our fabulous collections, with a possibility to Virtually try on. Let's shine","og_url":"https:\/\/www.sophygeneva.eu\/fr\/item\/new-exclusive-solitaire-earrings-0-22cts-fancy-yellow-diamond-in18k-yellow-gold\/","og_site_name":"Sophy Geneva Jewellery","article_publisher":"https:\/\/facebook.com\/sophygeneva","article_modified_time":"2022-05-01T20:36:40+00:00","og_image":[{"width":600,"height":600,"url":"https:\/\/www.sophygeneva.eu\/web\/wp-content\/uploads\/2022\/03\/Yellow_Fancy_diamond_solitaire_earrings_in_18k_yellow_gold_from_Sophy_Geneva.jpg","type":"image\/jpeg"}],"twitter_card":"summary_large_image","twitter_site":"@sophygeneva","twitter_misc":{"Prix":"&#67;&#72;&#70;&nbsp;695.00 Incl. Tax","Availability":"In stock"},"schema":{"@context":"https:\/\/schema.org","@graph":[{"@type":["WebPage","ItemPage"],"@id":"https:\/\/www.sophygeneva.eu\/item\/new-exclusive-solitaire-earrings-0-22cts-fancy-yellow-diamond-in18k-yellow-gold\/","url":"https:\/\/www.sophygeneva.eu\/item\/new-exclusive-solitaire-earrings-0-22cts-fancy-yellow-diamond-in18k-yellow-gold\/","name":"New exclusive: Solitaire Earrings 0.22cts Fancy yellow Diamond in18K yellow Gold. - Sophy Geneva Jewellery","isPartOf":{"@id":"https:\/\/www.sophygeneva.eu\/ru\/#website"},"primaryImageOfPage":{"@id":"https:\/\/www.sophygeneva.eu\/item\/new-exclusive-solitaire-earrings-0-22cts-fancy-yellow-diamond-in18k-yellow-gold\/#primaryimage"},"image":{"@id":"https:\/\/www.sophygeneva.eu\/item\/new-exclusive-solitaire-earrings-0-22cts-fancy-yellow-diamond-in18k-yellow-gold\/#primaryimage"},"thumbnailUrl":"https:\/\/www.sophygeneva.eu\/web\/wp-content\/uploads\/2022\/03\/Yellow_Fancy_diamond_solitaire_earrings_in_18k_yellow_gold_from_Sophy_Geneva.jpg","datePublished":"2022-03-13T21:17:20+00:00","dateModified":"2022-05-01T20:36:40+00:00","description":"Exclusive Solitaire Fancy yellow Diamond in18K yellow Gold, studs Earrings a modern interpretation of a timeless style at the best price ever.","breadcrumb":{"@id":"https:\/\/www.sophygeneva.eu\/item\/new-exclusive-solitaire-earrings-0-22cts-fancy-yellow-diamond-in18k-yellow-gold\/#breadcrumb"},"inLanguage":"fr-FR","potentialAction":[{"@type":"ReadAction","target":["https:\/\/www.sophygeneva.eu\/item\/new-exclusive-solitaire-earrings-0-22cts-fancy-yellow-diamond-in18k-yellow-gold\/"]}]},{"@type":"ImageObject","inLanguage":"fr-FR","@id":"https:\/\/www.sophygeneva.eu\/item\/new-exclusive-solitaire-earrings-0-22cts-fancy-yellow-diamond-in18k-yellow-gold\/#primaryimage","url":"https:\/\/www.sophygeneva.eu\/web\/wp-content\/uploads\/2022\/03\/Yellow_Fancy_diamond_solitaire_earrings_in_18k_yellow_gold_from_Sophy_Geneva.jpg","contentUrl":"https:\/\/www.sophygeneva.eu\/web\/wp-content\/uploads\/2022\/03\/Yellow_Fancy_diamond_solitaire_earrings_in_18k_yellow_gold_from_Sophy_Geneva.jpg","width":600,"height":600},{"@type":"BreadcrumbList","@id":"https:\/\/www.sophygeneva.eu\/item\/new-exclusive-solitaire-earrings-0-22cts-fancy-yellow-diamond-in18k-yellow-gold\/#breadcrumb","itemListElement":[{"@type":"ListItem","position":1,"name":"Home","item":"https:\/\/www.sophygeneva.eu\/"},{"@type":"ListItem","position":2,"name":"Shop","item":"https:\/\/www.sophygeneva.eu\/shop\/"},{"@type":"ListItem","position":3,"name":"Women Jewelry","item":"https:\/\/www.sophygeneva.eu\/products\/women-jewelry\/"},{"@type":"ListItem","position":4,"name":"Earrings","item":"https:\/\/www.sophygeneva.eu\/products\/women-jewelry\/earrings\/"},{"@type":"ListItem","position":5,"name":"New exclusive: Solitaire Earrings 0.22cts Fancy yellow Diamond in18K yellow Gold."}]},{"@type":"WebSite","@id":"https:\/\/www.sophygeneva.eu\/ru\/#website","url":"https:\/\/www.sophygeneva.eu\/ru\/","name":"Sophy Geneva Jewellery","description":"Fine Gold, Diamond, Gems &amp; Watches - Online Swiss Store | Be Wise","publisher":{"@id":"https:\/\/www.sophygeneva.eu\/ru\/#organization"},"potentialAction":[{"@type":"SearchAction","target":{"@type":"EntryPoint","urlTemplate":"https:\/\/www.sophygeneva.eu\/ru\/?s={search_term_string}"},"query-input":{"@type":"PropertyValueSpecification","valueRequired":true,"valueName":"search_term_string"}}],"inLanguage":"fr-FR"},{"@type":"Organization","@id":"https:\/\/www.sophygeneva.eu\/ru\/#organization","name":"Sophy Geneva","url":"https:\/\/www.sophygeneva.eu\/ru\/","logo":{"@type":"ImageObject","inLanguage":"fr-FR","@id":"https:\/\/www.sophygeneva.eu\/ru\/#\/schema\/logo\/image\/","url":"https:\/\/www.sophygeneva.eu\/web\/wp-content\/uploads\/2021\/07\/sophy-geneva-logo-full.png","contentUrl":"https:\/\/www.sophygeneva.eu\/web\/wp-content\/uploads\/2021\/07\/sophy-geneva-logo-full.png","width":2525,"height":673,"caption":"Sophy Geneva"},"image":{"@id":"https:\/\/www.sophygeneva.eu\/ru\/#\/schema\/logo\/image\/"},"sameAs":["https:\/\/facebook.com\/sophygeneva","https:\/\/x.com\/sophygeneva","https:\/\/instagram.com\/sophygeneva","https:\/\/pinterest.com\/sophygeneva","https:\/\/www.youtube.com\/channel\/UCHd7DXSLnPG1SngLqMh4cAA"]}]},"product_brand":"Fine Jewellery by Sophy Geneva","product_price_amount":"695.00","product_price_currency":"CHF","og_availability":"instock","product_availability":"instock","product_retailer_item_id":"23825,1-18KW","product_condition":"new"},"jetpack_sharing_enabled":true,"jetpack-related-posts":[],"_links":{"self":[{"href":"https:\/\/www.sophygeneva.eu\/fr\/wp-json\/wp\/v2\/product\/15620","targetHints":{"allow":["GET"]}}],"collection":[{"href":"https:\/\/www.sophygeneva.eu\/fr\/wp-json\/wp\/v2\/product"}],"about":[{"href":"https:\/\/www.sophygeneva.eu\/fr\/wp-json\/wp\/v2\/types\/product"}],"version-history":[{"count":2,"href":"https:\/\/www.sophygeneva.eu\/fr\/wp-json\/wp\/v2\/product\/15620\/revisions"}],"predecessor-version":[{"id":15622,"href":"https:\/\/www.sophygeneva.eu\/fr\/wp-json\/wp\/v2\/product\/15620\/revisions\/15622"}],"wp:featuredmedia":[{"embeddable":true,"href":"https:\/\/www.sophygeneva.eu\/fr\/wp-json\/wp\/v2\/media\/15617"}],"wp:attachment":[{"href":"https:\/\/www.sophygeneva.eu\/fr\/wp-json\/wp\/v2\/media?parent=15620"}],"wp:term":[{"taxonomy":"product_cat","embeddable":true,"href":"https:\/\/www.sophygeneva.eu\/fr\/wp-json\/wp\/v2\/product_cat?post=15620"},{"taxonomy":"product_tag","embeddable":true,"href":"https:\/\/www.sophygeneva.eu\/fr\/wp-json\/wp\/v2\/product_tag?post=15620"}],"curies":[{"name":"wp","href":"https:\/\/api.w.org\/{rel}","templated":true}]}}