{"id":2485,"date":"2021-06-25T14:01:53","date_gmt":"2021-06-25T12:01:53","guid":{"rendered":"https:\/\/www.sophygeneva.eu\/?page_id=2485"},"modified":"2021-07-15T08:16:44","modified_gmt":"2021-07-15T06:16:44","slug":"terms-and-conditions","status":"publish","type":"page","link":"https:\/\/www.sophygeneva.eu\/fr\/terms-and-conditions\/","title":{"rendered":"Termes et conditions"},"content":{"rendered":"<p><span style=\"color: #8dc8e8;\">TERMES ET CONDITIONS<\/span><\/p>\n<p>Conditions g\u00e9n\u00e9rales de vente de la boutique en ligne Sophy Geneva Jewellery (sophygeneva.eu). Les pr\u00e9sentes conditions g\u00e9n\u00e9rales s&#039;appliquent \u00e0 tous les contrats conclus par Sophy Gen\u00e8ve (ci-apr\u00e8s \u00ab Sophy Gen\u00e8ve \u00bb, \u00ab nos \u00bb ou \u00ab Nous \u00bb)). En passant votre commande chez nous, vous acceptez ces Termes et Conditions. Si vous n&#039;acceptez pas ces conditions g\u00e9n\u00e9rales dans leur int\u00e9gralit\u00e9, vous n&#039;\u00eates pas autoris\u00e9 \u00e0 acc\u00e9der au contenu de ce site Web et devez cesser de l&#039;utiliser imm\u00e9diatement.<\/p>\n<p>En visitant notre site et\/ou en achetant quelque chose chez nous, vous vous engagez dans notre \u00ab\u00a0Service\u00a0\u00bb et acceptez d&#039;\u00eatre li\u00e9 par les termes et conditions suivants (\u00ab\u00a0Conditions d&#039;utilisation\u00a0\u00bb, \u00ab\u00a0Conditions g\u00e9n\u00e9rales\u00a0\u00bb), y compris ces termes et conditions suppl\u00e9mentaires et les politiques r\u00e9f\u00e9renc\u00e9es ici et\/ou disponibles par hyperlien. Ces conditions d&#039;utilisation s&#039;appliquent \u00e0 tous les utilisateurs du site, y compris, mais sans s&#039;y limiter, les utilisateurs qui sont des navigateurs, des fournisseurs, des clients, des commer\u00e7ants et\/ou des contributeurs de contenu.<\/p>\n<p>Veuillez lire attentivement ces conditions d&#039;utilisation avant d&#039;acc\u00e9der ou d&#039;utiliser notre site Web. En acc\u00e9dant ou en utilisant n&#039;importe quelle partie du site, vous acceptez d&#039;\u00eatre li\u00e9 par ces Termes et Conditions. Si vous n&#039;acceptez pas tous les termes et conditions de cet accord, vous ne pouvez pas acc\u00e9der au site Web ni utiliser aucun service.<\/p>\n<p>Notre boutique est h\u00e9berg\u00e9e sur WooCommerce. Ils nous fournissent une plateforme de commerce \u00e9lectronique en ligne qui nous permet de vous vendre nos produits et services.<\/p>\n<p><span style=\"color: #2c76ba;\">ACC\u00c8S AU SITE ET CHANGEMENTS<\/span><\/p>\n<p>Notre site Web change r\u00e9guli\u00e8rement et l&#039;acc\u00e8s \u00e0 ce site est autoris\u00e9 de fa\u00e7on temporaire. Nous visons \u00e0 mettre \u00e0 jour notre site r\u00e9guli\u00e8rement et pouvons modifier le contenu \u00e0 tout moment, y compris les d\u00e9tails du produit et les prix sans pr\u00e9avis. En cas de besoin, nous pouvons suspendre l&#039;acc\u00e8s \u00e0 notre site, ou le fermer ind\u00e9finiment. Tout mat\u00e9riel sur notre site peut \u00eatre obsol\u00e8te \u00e0 un moment donn\u00e9, et nous ne sommes pas tenus de mettre \u00e0 jour ce mat\u00e9riel. le poids de l&#039;or peut changer de -+2% ainsi que le carat du diamant, Vous \u00eates \u00e9galement responsable de vous assurer que toutes les personnes qui acc\u00e8dent \u00e0 notre site via votre connexion Internet sont au courant de ces conditions et qu&#039;elles s&#039;y conforment.<\/p>\n<p><span style=\"color: #2c76ba;\">CONTRAT<\/span><\/p>\n<p>Aucun contrat n&#039;existera entre vous et Sophy Geneva Jewellery pour la vente de tout produit \u00e0 moins et jusqu&#039;\u00e0 ce que Sophy Geneva Jewellery ait accept\u00e9 votre commande avec un e-mail de confirmation et que le paiement int\u00e9gral soit pr\u00e9lev\u00e9 sur votre carte de cr\u00e9dit\/d\u00e9bit ou via Paypal ou l&#039;un de nos modes de paiement. , Notre acceptation de votre commande cr\u00e9e un contrat juridiquement contraignant entre nous. Seuls les adultes (personnes \u00e2g\u00e9es de 18 ans et plus) ont le droit de conclure des contrats juridiquement contraignants.<\/p>\n<p>Sophy Geneva Jewellery se r\u00e9serve le droit de ne pas accepter votre commande dans le cas o\u00f9 nous ne serions pas en mesure d&#039;obtenir l&#039;autorisation de paiement, si des restrictions d&#039;exp\u00e9dition s&#039;appliquent \u00e0 un article particulier, si l&#039;article command\u00e9 ne r\u00e9pond pas \u00e0 nos normes de contr\u00f4le qualit\u00e9 et est retir\u00e9, hors stock ou s&#039;il y a une erreur de prix ou de contenu. Nous pouvons \u00e9galement refuser de traiter et donc accepter une transaction pour quelque raison que ce soit ou refuser le service \u00e0 quiconque \u00e0 tout moment \u00e0 notre seule discr\u00e9tion. Nous ne serons pas responsables des pertes, dommages ou d\u00e9penses indirects ou cons\u00e9cutifs r\u00e9sultant de la non acceptation de votre commande et nous n&#039;aurons aucune responsabilit\u00e9 envers vous, \u00e0 titre de compensation, autre que le remboursement du montant pay\u00e9 pour les marchandises en question.<\/p>\n<p><span style=\"color: #2c76ba;\">PAIEMENT<\/span><\/p>\n<p>En achetant sur ce site, vous confirmez que le compte Paypal ou la carte de cr\u00e9dit\/d\u00e9bit ou tout autre moyen de paiement a \u00e9t\u00e9 utilis\u00e9, qui est utilis\u00e9 est le v\u00f4tre ou que vous avez \u00e9t\u00e9 sp\u00e9cifiquement autoris\u00e9 par le propri\u00e9taire du compte Paypal ou de la carte de cr\u00e9dit\/d\u00e9bit \u00e0 utilise le. Tous les titulaires de cartes de cr\u00e9dit\/d\u00e9bit sont soumis \u00e0 des contr\u00f4les de validation et \u00e0 l&#039;autorisation de l&#039;\u00e9metteur de la carte. Si l&#039;\u00e9metteur de votre carte de paiement refuse d&#039;autoriser le paiement, nous ne serons pas responsables de tout retard ou non-livraison. Le paiement peut \u00eatre effectu\u00e9 par Paypal ou via votre carte de cr\u00e9dit\/d\u00e9bit li\u00e9e \u00e0 votre compte Paypal. \u00c9galement par toute autre m\u00e9thode pouvant \u00eatre annonc\u00e9e sur notre site Web.<\/p>","protected":false},"excerpt":{"rendered":"<p>CONDITIONS G\u00c9N\u00c9RALES Conditions g\u00e9n\u00e9rales pour la fourniture de marchandises via la boutique en ligne Sophy Geneva Jewellery (sophygeneva.eu). Ces conditions<\/p>","protected":false},"author":1,"featured_media":0,"parent":0,"menu_order":0,"comment_status":"closed","ping_status":"closed","template":"","meta":{"footnotes":""},"class_list":["post-2485","page","type-page","status-publish","hentry"],"yoast_head":"<!-- This site is optimized with the Yoast SEO Premium plugin v18.1 (Yoast SEO v24.1) - https:\/\/yoast.com\/wordpress\/plugins\/seo\/ -->\n<title>Terms and Conditions - Sophy Geneva Jewellery<\/title>\n<meta name=\"robots\" content=\"index, follow, max-snippet:-1, max-image-preview:large, max-video-preview:-1\" \/>\n<link rel=\"canonical\" href=\"https:\/\/www.sophygeneva.eu\/fr\/nl\/terms-and-conditions\/\" \/>\n<meta property=\"og:locale\" content=\"fr_FR\" \/>\n<meta property=\"og:type\" content=\"article\" \/>\n<meta property=\"og:title\" content=\"Terms and Conditions - Sophy Geneva Jewellery\" \/>\n<meta property=\"og:description\" content=\"TERMS AND CONDITIONS Terms and conditions for the supply of goods through Sophy Geneva Jewellery online store (sophygeneva.eu). These Terms\" \/>\n<meta property=\"og:url\" content=\"https:\/\/www.sophygeneva.eu\/fr\/nl\/terms-and-conditions\/\" \/>\n<meta property=\"og:site_name\" content=\"Sophy Geneva Jewellery\" \/>\n<meta property=\"article:publisher\" content=\"https:\/\/facebook.com\/sophygeneva\" \/>\n<meta property=\"article:modified_time\" content=\"2021-07-15T06:16:44+00:00\" \/>\n<meta property=\"og:image\" content=\"https:\/\/www.sophygeneva.eu\/web\/wp-content\/uploads\/2021\/07\/sophy-geneva-logo-full.png\" \/>\n\t<meta property=\"og:image:width\" content=\"2525\" \/>\n\t<meta property=\"og:image:height\" content=\"673\" \/>\n\t<meta property=\"og:image:type\" content=\"image\/png\" \/>\n<meta name=\"twitter:card\" content=\"summary_large_image\" \/>\n<meta name=\"twitter:site\" content=\"@sophygeneva\" \/>\n<meta name=\"twitter:label1\" content=\"Dur\u00e9e de lecture estim\u00e9e\" \/>\n\t<meta name=\"twitter:data1\" content=\"3 minutes\" \/>\n<script type=\"application\/ld+json\" class=\"yoast-schema-graph\">{\"@context\":\"https:\/\/schema.org\",\"@graph\":[{\"@type\":\"WebPage\",\"@id\":\"https:\/\/www.sophygeneva.eu\/nl\/terms-and-conditions\/\",\"url\":\"https:\/\/www.sophygeneva.eu\/nl\/terms-and-conditions\/\",\"name\":\"Terms and Conditions - Sophy Geneva Jewellery\",\"isPartOf\":{\"@id\":\"https:\/\/www.sophygeneva.eu\/ru\/#website\"},\"datePublished\":\"2021-06-25T12:01:53+00:00\",\"dateModified\":\"2021-07-15T06:16:44+00:00\",\"breadcrumb\":{\"@id\":\"https:\/\/www.sophygeneva.eu\/nl\/terms-and-conditions\/#breadcrumb\"},\"inLanguage\":\"fr-FR\",\"potentialAction\":[{\"@type\":\"ReadAction\",\"target\":[\"https:\/\/www.sophygeneva.eu\/nl\/terms-and-conditions\/\"]}]},{\"@type\":\"BreadcrumbList\",\"@id\":\"https:\/\/www.sophygeneva.eu\/nl\/terms-and-conditions\/#breadcrumb\",\"itemListElement\":[{\"@type\":\"ListItem\",\"position\":1,\"name\":\"Home\",\"item\":\"https:\/\/www.sophygeneva.eu\/\"},{\"@type\":\"ListItem\",\"position\":2,\"name\":\"Terms and Conditions\"}]},{\"@type\":\"WebSite\",\"@id\":\"https:\/\/www.sophygeneva.eu\/ru\/#website\",\"url\":\"https:\/\/www.sophygeneva.eu\/ru\/\",\"name\":\"Sophy Geneva Jewellery\",\"description\":\"Fine Gold, Diamond, Gems &amp; Watches - Online Swiss Store | Be Wise\",\"publisher\":{\"@id\":\"https:\/\/www.sophygeneva.eu\/ru\/#organization\"},\"potentialAction\":[{\"@type\":\"SearchAction\",\"target\":{\"@type\":\"EntryPoint\",\"urlTemplate\":\"https:\/\/www.sophygeneva.eu\/ru\/?s={search_term_string}\"},\"query-input\":{\"@type\":\"PropertyValueSpecification\",\"valueRequired\":true,\"valueName\":\"search_term_string\"}}],\"inLanguage\":\"fr-FR\"},{\"@type\":\"Organization\",\"@id\":\"https:\/\/www.sophygeneva.eu\/ru\/#organization\",\"name\":\"Sophy Geneva\",\"url\":\"https:\/\/www.sophygeneva.eu\/ru\/\",\"logo\":{\"@type\":\"ImageObject\",\"inLanguage\":\"fr-FR\",\"@id\":\"https:\/\/www.sophygeneva.eu\/ru\/#\/schema\/logo\/image\/\",\"url\":\"https:\/\/www.sophygeneva.eu\/web\/wp-content\/uploads\/2021\/07\/sophy-geneva-logo-full.png\",\"contentUrl\":\"https:\/\/www.sophygeneva.eu\/web\/wp-content\/uploads\/2021\/07\/sophy-geneva-logo-full.png\",\"width\":2525,\"height\":673,\"caption\":\"Sophy Geneva\"},\"image\":{\"@id\":\"https:\/\/www.sophygeneva.eu\/ru\/#\/schema\/logo\/image\/\"},\"sameAs\":[\"https:\/\/facebook.com\/sophygeneva\",\"https:\/\/x.com\/sophygeneva\",\"https:\/\/instagram.com\/sophygeneva\",\"https:\/\/pinterest.com\/sophygeneva\",\"https:\/\/www.youtube.com\/channel\/UCHd7DXSLnPG1SngLqMh4cAA\"]}]}<\/script>\n<!-- \/ Yoast SEO Premium plugin. -->","yoast_head_json":{"title":"Terms and Conditions - Sophy Geneva Jewellery","robots":{"index":"index","follow":"follow","max-snippet":"max-snippet:-1","max-image-preview":"max-image-preview:large","max-video-preview":"max-video-preview:-1"},"canonical":"https:\/\/www.sophygeneva.eu\/fr\/nl\/terms-and-conditions\/","og_locale":"fr_FR","og_type":"article","og_title":"Terms and Conditions - Sophy Geneva Jewellery","og_description":"TERMS AND CONDITIONS Terms and conditions for the supply of goods through Sophy Geneva Jewellery online store (sophygeneva.eu). These Terms","og_url":"https:\/\/www.sophygeneva.eu\/fr\/nl\/terms-and-conditions\/","og_site_name":"Sophy Geneva Jewellery","article_publisher":"https:\/\/facebook.com\/sophygeneva","article_modified_time":"2021-07-15T06:16:44+00:00","og_image":[{"width":2525,"height":673,"url":"https:\/\/www.sophygeneva.eu\/web\/wp-content\/uploads\/2021\/07\/sophy-geneva-logo-full.png","type":"image\/png"}],"twitter_card":"summary_large_image","twitter_site":"@sophygeneva","twitter_misc":{"Dur\u00e9e de lecture estim\u00e9e":"3 minutes"},"schema":{"@context":"https:\/\/schema.org","@graph":[{"@type":"WebPage","@id":"https:\/\/www.sophygeneva.eu\/nl\/terms-and-conditions\/","url":"https:\/\/www.sophygeneva.eu\/nl\/terms-and-conditions\/","name":"Terms and Conditions - Sophy Geneva Jewellery","isPartOf":{"@id":"https:\/\/www.sophygeneva.eu\/ru\/#website"},"datePublished":"2021-06-25T12:01:53+00:00","dateModified":"2021-07-15T06:16:44+00:00","breadcrumb":{"@id":"https:\/\/www.sophygeneva.eu\/nl\/terms-and-conditions\/#breadcrumb"},"inLanguage":"fr-FR","potentialAction":[{"@type":"ReadAction","target":["https:\/\/www.sophygeneva.eu\/nl\/terms-and-conditions\/"]}]},{"@type":"BreadcrumbList","@id":"https:\/\/www.sophygeneva.eu\/nl\/terms-and-conditions\/#breadcrumb","itemListElement":[{"@type":"ListItem","position":1,"name":"Home","item":"https:\/\/www.sophygeneva.eu\/"},{"@type":"ListItem","position":2,"name":"Terms and Conditions"}]},{"@type":"WebSite","@id":"https:\/\/www.sophygeneva.eu\/ru\/#website","url":"https:\/\/www.sophygeneva.eu\/ru\/","name":"Sophy Geneva Jewellery","description":"Fine Gold, Diamond, Gems &amp; Watches - Online Swiss Store | Be Wise","publisher":{"@id":"https:\/\/www.sophygeneva.eu\/ru\/#organization"},"potentialAction":[{"@type":"SearchAction","target":{"@type":"EntryPoint","urlTemplate":"https:\/\/www.sophygeneva.eu\/ru\/?s={search_term_string}"},"query-input":{"@type":"PropertyValueSpecification","valueRequired":true,"valueName":"search_term_string"}}],"inLanguage":"fr-FR"},{"@type":"Organization","@id":"https:\/\/www.sophygeneva.eu\/ru\/#organization","name":"Sophy Geneva","url":"https:\/\/www.sophygeneva.eu\/ru\/","logo":{"@type":"ImageObject","inLanguage":"fr-FR","@id":"https:\/\/www.sophygeneva.eu\/ru\/#\/schema\/logo\/image\/","url":"https:\/\/www.sophygeneva.eu\/web\/wp-content\/uploads\/2021\/07\/sophy-geneva-logo-full.png","contentUrl":"https:\/\/www.sophygeneva.eu\/web\/wp-content\/uploads\/2021\/07\/sophy-geneva-logo-full.png","width":2525,"height":673,"caption":"Sophy Geneva"},"image":{"@id":"https:\/\/www.sophygeneva.eu\/ru\/#\/schema\/logo\/image\/"},"sameAs":["https:\/\/facebook.com\/sophygeneva","https:\/\/x.com\/sophygeneva","https:\/\/instagram.com\/sophygeneva","https:\/\/pinterest.com\/sophygeneva","https:\/\/www.youtube.com\/channel\/UCHd7DXSLnPG1SngLqMh4cAA"]}]}},"_links":{"self":[{"href":"https:\/\/www.sophygeneva.eu\/fr\/wp-json\/wp\/v2\/pages\/2485","targetHints":{"allow":["GET"]}}],"collection":[{"href":"https:\/\/www.sophygeneva.eu\/fr\/wp-json\/wp\/v2\/pages"}],"about":[{"href":"https:\/\/www.sophygeneva.eu\/fr\/wp-json\/wp\/v2\/types\/page"}],"author":[{"embeddable":true,"href":"https:\/\/www.sophygeneva.eu\/fr\/wp-json\/wp\/v2\/users\/1"}],"replies":[{"embeddable":true,"href":"https:\/\/www.sophygeneva.eu\/fr\/wp-json\/wp\/v2\/comments?post=2485"}],"version-history":[{"count":4,"href":"https:\/\/www.sophygeneva.eu\/fr\/wp-json\/wp\/v2\/pages\/2485\/revisions"}],"predecessor-version":[{"id":4882,"href":"https:\/\/www.sophygeneva.eu\/fr\/wp-json\/wp\/v2\/pages\/2485\/revisions\/4882"}],"wp:attachment":[{"href":"https:\/\/www.sophygeneva.eu\/fr\/wp-json\/wp\/v2\/media?parent=2485"}],"curies":[{"name":"wp","href":"https:\/\/api.w.org\/{rel}","templated":true}]}}