{"id":2484,"date":"2021-06-25T14:01:55","date_gmt":"2021-06-25T12:01:55","guid":{"rendered":"https:\/\/www.sophygeneva.eu\/?page_id=2484"},"modified":"2021-06-29T17:12:40","modified_gmt":"2021-06-29T15:12:40","slug":"job-vacancies","status":"publish","type":"page","link":"https:\/\/www.sophygeneva.eu\/fr\/job-vacancies\/","title":{"rendered":"Les Postes Vacants"},"content":{"rendered":"<div data-elementor-type=\"wp-page\" data-elementor-id=\"2484\" class=\"elementor elementor-2484\" data-elementor-post-type=\"page\">\n\t\t\t\t\t\t<section class=\"wd-negative-gap elementor-section elementor-top-section elementor-element elementor-element-1e4f2cdb elementor-section-full_width elementor-section-height-min-height elementor-section-items-stretch elementor-section-content-middle elementor-section-height-default\" data-id=\"1e4f2cdb\" data-element_type=\"section\" data-e-type=\"section\" data-settings=\"{&quot;jet_parallax_layout_list&quot;:[]}\">\n\t\t\t\t\t\t<div class=\"elementor-container elementor-column-gap-no\">\n\t\t\t\t\t<div class=\"elementor-column elementor-col-50 elementor-top-column elementor-element elementor-element-a8d01d\" data-id=\"a8d01d\" data-element_type=\"column\" data-e-type=\"column\" data-settings=\"{&quot;background_background&quot;:&quot;classic&quot;}\">\n\t\t\t<div class=\"elementor-widget-wrap elementor-element-populated\">\n\t\t\t\t\t\t<div class=\"elementor-element elementor-element-66609e13 elementor-widget elementor-widget-spacer\" data-id=\"66609e13\" data-element_type=\"widget\" data-e-type=\"widget\" data-widget_type=\"spacer.default\">\n\t\t\t\t<div class=\"elementor-widget-container\">\n\t\t\t\t\t\t\t<div class=\"elementor-spacer\">\n\t\t\t<div class=\"elementor-spacer-inner\"><\/div>\n\t\t<\/div>\n\t\t\t\t\t\t<\/div>\n\t\t\t\t<\/div>\n\t\t\t\t\t<\/div>\n\t\t<\/div>\n\t\t\t\t<div class=\"elementor-column elementor-col-50 elementor-top-column elementor-element elementor-element-7a9efa5\" data-id=\"7a9efa5\" data-element_type=\"column\" data-e-type=\"column\" data-settings=\"{&quot;background_background&quot;:&quot;classic&quot;}\">\n\t\t\t<div class=\"elementor-widget-wrap elementor-element-populated\">\n\t\t\t\t\t\t<div class=\"elementor-element elementor-element-4a7759e elementor-widget elementor-widget-heading\" data-id=\"4a7759e\" data-element_type=\"widget\" data-e-type=\"widget\" data-widget_type=\"heading.default\">\n\t\t\t\t<div class=\"elementor-widget-container\">\n\t\t\t\t\t<h2 class=\"elementor-heading-title elementor-size-small\">vacances d&#039;emploi<\/h2>\t\t\t\t<\/div>\n\t\t\t\t<\/div>\n\t\t\t\t<div class=\"elementor-element elementor-element-5a619a01 animated-slow elementor-invisible elementor-widget elementor-widget-heading\" data-id=\"5a619a01\" data-element_type=\"widget\" data-e-type=\"widget\" data-settings=\"{&quot;_animation&quot;:&quot;fadeInDown&quot;}\" data-widget_type=\"heading.default\">\n\t\t\t\t<div class=\"elementor-widget-container\">\n\t\t\t\t\t<h6 class=\"elementor-heading-title elementor-size-default\">Merci d&#039;avoir pens\u00e9 \u00e0 Sophy Gen\u00e8ve pour postuler \u00e0 un emploi chez, c&#039;est notre plaisir ! Malheureusement, \u00e0 l&#039;heure actuelle, nous n&#039;avons aucune offre d&#039;emploi, veuillez donc nous envoyer un e-mail avec votre CV et nous vous contacterons d\u00e8s que nous aurons une offre d&#039;emploi.\n<\/h6>\t\t\t\t<\/div>\n\t\t\t\t<\/div>\n\t\t\t\t<div class=\"elementor-element elementor-element-1ac669da animated-slow color-scheme-inherit text-left elementor-invisible elementor-widget elementor-widget-text-editor\" data-id=\"1ac669da\" data-element_type=\"widget\" data-e-type=\"widget\" data-settings=\"{&quot;_animation&quot;:&quot;fadeIn&quot;}\" data-widget_type=\"text-editor.default\">\n\t\t\t\t<div class=\"elementor-widget-container\">\n\t\t\t\t\t\t\t\t\t<p><strong>T\u00e9l\u00e9phoner:<\/strong><br \/>+41-79 592 39 22<\/p>\n<p><strong>Une robe:<\/strong><br \/>C\/O AVRIO \u2013 Rue des alpes 9 Gen\u00e8ve<\/p>\n<p><strong>E-mail:<\/strong><br \/>info(at)sophygeneva.eu<\/p>\n<p><strong>Horaires d&#039;ouvertures:<\/strong><br \/>Lundi dimanche<br \/>09h00 \u2013 18h00<\/p>\t\t\t\t\t\t\t\t<\/div>\n\t\t\t\t<\/div>\n\t\t\t\t\t<\/div>\n\t\t<\/div>\n\t\t\t\t\t<\/div>\n\t\t<\/section>\n\t\t\t\t<section class=\"wd-negative-gap elementor-section elementor-top-section elementor-element elementor-element-49df5647 elementor-section-full_width elementor-section-height-default elementor-section-height-default\" data-id=\"49df5647\" data-element_type=\"section\" data-e-type=\"section\" data-settings=\"{&quot;background_background&quot;:&quot;classic&quot;,&quot;jet_parallax_layout_list&quot;:[]}\">\n\t\t\t\t\t\t<div class=\"elementor-container elementor-column-gap-no\">\n\t\t\t\t\t<div class=\"elementor-column elementor-col-100 elementor-top-column elementor-element elementor-element-40b14cf8\" data-id=\"40b14cf8\" data-element_type=\"column\" data-e-type=\"column\">\n\t\t\t<div class=\"elementor-widget-wrap elementor-element-populated\">\n\t\t\t\t\t\t<section class=\"elementor-section elementor-inner-section elementor-element elementor-element-3bd89bcc elementor-section-boxed elementor-section-height-default elementor-section-height-default\" data-id=\"3bd89bcc\" data-element_type=\"section\" data-e-type=\"section\" data-settings=\"{&quot;jet_parallax_layout_list&quot;:[]}\">\n\t\t\t\t\t\t<div class=\"elementor-container elementor-column-gap-no\">\n\t\t\t\t\t<div class=\"elementor-column elementor-col-100 elementor-inner-column elementor-element elementor-element-12255fa6\" data-id=\"12255fa6\" data-element_type=\"column\" data-e-type=\"column\">\n\t\t\t<div class=\"elementor-widget-wrap elementor-element-populated\">\n\t\t\t\t\t\t<div class=\"elementor-element elementor-element-5ea2928 elementor-widget elementor-widget-heading\" data-id=\"5ea2928\" data-element_type=\"widget\" data-e-type=\"widget\" data-widget_type=\"heading.default\">\n\t\t\t\t<div class=\"elementor-widget-container\">\n\t\t\t\t\t<h2 class=\"elementor-heading-title elementor-size-default\">Toutes les demandes<\/h2>\t\t\t\t<\/div>\n\t\t\t\t<\/div>\n\t\t\t\t\t<\/div>\n\t\t<\/div>\n\t\t\t\t\t<\/div>\n\t\t<\/section>\n\t\t\t\t<div class=\"elementor-element elementor-element-5009a3c9 elementor-button-align-center elementor-widget elementor-widget-form\" data-id=\"5009a3c9\" data-element_type=\"widget\" data-e-type=\"widget\" data-settings=\"{&quot;step_next_label&quot;:&quot;Next&quot;,&quot;step_previous_label&quot;:&quot;Previous&quot;,&quot;button_width&quot;:&quot;100&quot;,&quot;step_type&quot;:&quot;number_text&quot;,&quot;step_icon_shape&quot;:&quot;circle&quot;}\" data-widget_type=\"form.default\">\n\t\t\t\t<div class=\"elementor-widget-container\">\n\t\t\t\t\t\t\t<form class=\"elementor-form\" method=\"post\" name=\"Contact Form\">\n\t\t\t<input type=\"hidden\" name=\"post_id\" value=\"2484\"\/>\n\t\t\t<input type=\"hidden\" name=\"form_id\" value=\"5009a3c9\"\/>\n\t\t\t<input type=\"hidden\" name=\"referer_title\" value=\"Sophy Geneva Jewellery\" \/>\n\n\t\t\t\n\t\t\t<div class=\"elementor-form-fields-wrapper elementor-labels-\">\n\t\t\t\t\t\t\t\t<div class=\"elementor-field-type-text elementor-field-group elementor-column elementor-field-group-field_436f233 elementor-col-50\">\n\t\t\t\t\t\t\t\t\t\t\t\t<label for=\"form-field-field_436f233\" class=\"elementor-field-label elementor-screen-only\">\n\t\t\t\t\t\t\t\tNom complet*\t\t\t\t\t\t\t<\/label>\n\t\t\t\t\t\t\t\t\t\t\t\t\t\t<input size=\"1\" type=\"text\" name=\"form_fields[field_436f233]\" id=\"form-field-field_436f233\" class=\"elementor-field elementor-size-sm  elementor-field-textual\" placeholder=\"Nom complet*\">\n\t\t\t\t\t\t\t\t\t\t\t<\/div>\n\t\t\t\t\t\t\t\t<div class=\"elementor-field-type-tel elementor-field-group elementor-column elementor-field-group-field_13f8176 elementor-col-50\">\n\t\t\t\t\t\t\t\t\t\t\t\t<label for=\"form-field-field_13f8176\" class=\"elementor-field-label elementor-screen-only\">\n\t\t\t\t\t\t\t\tNum\u00e9ro de t\u00e9l\u00e9phone*\t\t\t\t\t\t\t<\/label>\n\t\t\t\t\t\t\t\t<input size=\"1\" type=\"tel\" name=\"form_fields[field_13f8176]\" id=\"form-field-field_13f8176\" class=\"elementor-field elementor-size-sm  elementor-field-textual\" placeholder=\"Num\u00e9ro de t\u00e9l\u00e9phone*\" pattern=\"[0-9()#&amp;+*-=.]+\" title=\"Only numbers and phone characters (#, -, *, etc) are accepted.\">\n\n\t\t\t\t\t\t<\/div>\n\t\t\t\t\t\t\t\t<div class=\"elementor-field-type-email elementor-field-group elementor-column elementor-field-group-email elementor-col-50 elementor-field-required\">\n\t\t\t\t\t\t\t\t\t\t\t\t<label for=\"form-field-email\" class=\"elementor-field-label elementor-screen-only\">\n\t\t\t\t\t\t\t\tAdresse e-mail*\t\t\t\t\t\t\t<\/label>\n\t\t\t\t\t\t\t\t\t\t\t\t\t\t<input size=\"1\" type=\"email\" name=\"form_fields[email]\" id=\"form-field-email\" class=\"elementor-field elementor-size-sm  elementor-field-textual\" placeholder=\"Adresse e-mail*\" required=\"required\" aria-required=\"true\">\n\t\t\t\t\t\t\t\t\t\t\t<\/div>\n\t\t\t\t\t\t\t\t<div class=\"elementor-field-type-text elementor-field-group elementor-column elementor-field-group-field_e09e076 elementor-col-50 elementor-field-required\">\n\t\t\t\t\t\t\t\t\t\t\t\t<label for=\"form-field-field_e09e076\" class=\"elementor-field-label elementor-screen-only\">\n\t\t\t\t\t\t\t\tMati\u00e8re*\t\t\t\t\t\t\t<\/label>\n\t\t\t\t\t\t\t\t\t\t\t\t\t\t<input size=\"1\" type=\"text\" name=\"form_fields[field_e09e076]\" id=\"form-field-field_e09e076\" class=\"elementor-field elementor-size-sm  elementor-field-textual\" placeholder=\"Mati\u00e8re*\" required=\"required\" aria-required=\"true\">\n\t\t\t\t\t\t\t\t\t\t\t<\/div>\n\t\t\t\t\t\t\t\t<div class=\"elementor-field-type-textarea elementor-field-group elementor-column elementor-field-group-field_8fc8fef elementor-col-100\">\n\t\t\t\t\t\t\t\t\t\t\t\t<label for=\"form-field-field_8fc8fef\" class=\"elementor-field-label elementor-screen-only\">\n\t\t\t\t\t\t\t\tUn message\t\t\t\t\t\t\t<\/label>\n\t\t\t\t\t\t<textarea class=\"elementor-field-textual elementor-field  elementor-size-sm\" name=\"form_fields[field_8fc8fef]\" id=\"form-field-field_8fc8fef\" rows=\"4\" placeholder=\"Un message\"><\/textarea>\t\t\t\t<\/div>\n\t\t\t\t\t\t\t\t<div class=\"elementor-field-group elementor-column elementor-field-type-submit elementor-col-100 e-form__buttons\">\n\t\t\t\t\t<button class=\"elementor-button elementor-size-sm\" type=\"submit\">\n\t\t\t\t\t\t<span class=\"elementor-button-content-wrapper\">\n\t\t\t\t\t\t\t\t\t\t\t\t\t\t\t\t\t\t\t\t\t\t<span class=\"elementor-button-text\">soumettre un message<\/span>\n\t\t\t\t\t\t\t\t\t\t\t\t\t<\/span>\n\t\t\t\t\t<\/button>\n\t\t\t\t<\/div>\n\t\t\t<\/div>\n\t\t<input type=\"hidden\" name=\"trp-form-language\" value=\"fr\"\/><\/form>\n\t\t\t\t\t\t<\/div>\n\t\t\t\t<\/div>\n\t\t\t\t<div class=\"elementor-element elementor-element-156f1198 color-scheme-inherit text-left elementor-invisible elementor-widget elementor-widget-text-editor\" data-id=\"156f1198\" data-element_type=\"widget\" data-e-type=\"widget\" data-settings=\"{&quot;_animation&quot;:&quot;fadeIn&quot;}\" data-widget_type=\"text-editor.default\">\n\t\t\t\t<div class=\"elementor-widget-container\">\n\t\t\t\t\t\t\t\t\t<p>Pour toute demande de service, veuillez remplir le formulaire et nous vous r\u00e9pondrons dans les plus brefs d\u00e9lais.<br \/>Nous serons heureux de r\u00e9pondre \u00e0 toutes vos questions..<\/p>\t\t\t\t\t\t\t\t<\/div>\n\t\t\t\t<\/div>\n\t\t\t\t\t<\/div>\n\t\t<\/div>\n\t\t\t\t\t<\/div>\n\t\t<\/section>\n\t\t\t\t<\/div>","protected":false},"excerpt":{"rendered":"<p>job vacances Merci d&#039;avoir pens\u00e9 \u00e0 Sophy Gen\u00e8ve pour postuler \u00e0 un emploi chez, c&#039;est notre plaisir ! Malheureusement, \u00e0 ce<\/p>","protected":false},"author":1,"featured_media":0,"parent":0,"menu_order":0,"comment_status":"closed","ping_status":"closed","template":"","meta":{"footnotes":""},"class_list":["post-2484","page","type-page","status-publish","hentry"],"yoast_head":"<!-- This site is optimized with the Yoast SEO Premium plugin v18.1 (Yoast SEO v24.1) - https:\/\/yoast.com\/wordpress\/plugins\/seo\/ -->\n<title>Job Vacancies - Sophy Geneva Jewellery<\/title>\n<meta name=\"robots\" content=\"index, follow, max-snippet:-1, max-image-preview:large, max-video-preview:-1\" \/>\n<link rel=\"canonical\" href=\"https:\/\/www.sophygeneva.eu\/fr\/fi\/job-vacancies\/\" \/>\n<meta property=\"og:locale\" content=\"fr_FR\" \/>\n<meta property=\"og:type\" content=\"article\" \/>\n<meta property=\"og:title\" content=\"Job Vacancies - Sophy Geneva Jewellery\" \/>\n<meta property=\"og:description\" content=\"job vacances Thank you for considering Sophy Geneva to apply for job at, it is our pleasure! Unfortunately, at this\" \/>\n<meta property=\"og:url\" content=\"https:\/\/www.sophygeneva.eu\/fr\/fi\/job-vacancies\/\" \/>\n<meta property=\"og:site_name\" content=\"Sophy Geneva Jewellery\" \/>\n<meta property=\"article:publisher\" content=\"https:\/\/facebook.com\/sophygeneva\" \/>\n<meta property=\"article:modified_time\" content=\"2021-06-29T15:12:40+00:00\" \/>\n<meta property=\"og:image\" content=\"https:\/\/www.sophygeneva.eu\/web\/wp-content\/uploads\/2021\/07\/sophy-geneva-logo-full.png\" \/>\n\t<meta property=\"og:image:width\" content=\"2525\" \/>\n\t<meta property=\"og:image:height\" content=\"673\" \/>\n\t<meta property=\"og:image:type\" content=\"image\/png\" \/>\n<meta name=\"twitter:card\" content=\"summary_large_image\" \/>\n<meta name=\"twitter:site\" content=\"@sophygeneva\" \/>\n<meta name=\"twitter:label1\" content=\"Dur\u00e9e de lecture estim\u00e9e\" \/>\n\t<meta name=\"twitter:data1\" content=\"1 minute\" \/>\n<script type=\"application\/ld+json\" class=\"yoast-schema-graph\">{\"@context\":\"https:\/\/schema.org\",\"@graph\":[{\"@type\":\"WebPage\",\"@id\":\"https:\/\/www.sophygeneva.eu\/fi\/job-vacancies\/\",\"url\":\"https:\/\/www.sophygeneva.eu\/fi\/job-vacancies\/\",\"name\":\"Job Vacancies - Sophy Geneva Jewellery\",\"isPartOf\":{\"@id\":\"https:\/\/www.sophygeneva.eu\/ru\/#website\"},\"datePublished\":\"2021-06-25T12:01:55+00:00\",\"dateModified\":\"2021-06-29T15:12:40+00:00\",\"breadcrumb\":{\"@id\":\"https:\/\/www.sophygeneva.eu\/fi\/job-vacancies\/#breadcrumb\"},\"inLanguage\":\"fr-FR\",\"potentialAction\":[{\"@type\":\"ReadAction\",\"target\":[\"https:\/\/www.sophygeneva.eu\/fi\/job-vacancies\/\"]}]},{\"@type\":\"BreadcrumbList\",\"@id\":\"https:\/\/www.sophygeneva.eu\/fi\/job-vacancies\/#breadcrumb\",\"itemListElement\":[{\"@type\":\"ListItem\",\"position\":1,\"name\":\"Home\",\"item\":\"https:\/\/www.sophygeneva.eu\/\"},{\"@type\":\"ListItem\",\"position\":2,\"name\":\"Job Vacancies\"}]},{\"@type\":\"WebSite\",\"@id\":\"https:\/\/www.sophygeneva.eu\/ru\/#website\",\"url\":\"https:\/\/www.sophygeneva.eu\/ru\/\",\"name\":\"Sophy Geneva Jewellery\",\"description\":\"Fine Gold, Diamond, Gems &amp; Watches - Online Swiss Store | Be Wise\",\"publisher\":{\"@id\":\"https:\/\/www.sophygeneva.eu\/ru\/#organization\"},\"potentialAction\":[{\"@type\":\"SearchAction\",\"target\":{\"@type\":\"EntryPoint\",\"urlTemplate\":\"https:\/\/www.sophygeneva.eu\/ru\/?s={search_term_string}\"},\"query-input\":{\"@type\":\"PropertyValueSpecification\",\"valueRequired\":true,\"valueName\":\"search_term_string\"}}],\"inLanguage\":\"fr-FR\"},{\"@type\":\"Organization\",\"@id\":\"https:\/\/www.sophygeneva.eu\/ru\/#organization\",\"name\":\"Sophy Geneva\",\"url\":\"https:\/\/www.sophygeneva.eu\/ru\/\",\"logo\":{\"@type\":\"ImageObject\",\"inLanguage\":\"fr-FR\",\"@id\":\"https:\/\/www.sophygeneva.eu\/ru\/#\/schema\/logo\/image\/\",\"url\":\"https:\/\/www.sophygeneva.eu\/web\/wp-content\/uploads\/2021\/07\/sophy-geneva-logo-full.png\",\"contentUrl\":\"https:\/\/www.sophygeneva.eu\/web\/wp-content\/uploads\/2021\/07\/sophy-geneva-logo-full.png\",\"width\":2525,\"height\":673,\"caption\":\"Sophy Geneva\"},\"image\":{\"@id\":\"https:\/\/www.sophygeneva.eu\/ru\/#\/schema\/logo\/image\/\"},\"sameAs\":[\"https:\/\/facebook.com\/sophygeneva\",\"https:\/\/x.com\/sophygeneva\",\"https:\/\/instagram.com\/sophygeneva\",\"https:\/\/pinterest.com\/sophygeneva\",\"https:\/\/www.youtube.com\/channel\/UCHd7DXSLnPG1SngLqMh4cAA\"]}]}<\/script>\n<!-- \/ Yoast SEO Premium plugin. -->","yoast_head_json":{"title":"Job Vacancies - Sophy Geneva Jewellery","robots":{"index":"index","follow":"follow","max-snippet":"max-snippet:-1","max-image-preview":"max-image-preview:large","max-video-preview":"max-video-preview:-1"},"canonical":"https:\/\/www.sophygeneva.eu\/fr\/fi\/job-vacancies\/","og_locale":"fr_FR","og_type":"article","og_title":"Job Vacancies - Sophy Geneva Jewellery","og_description":"job vacances Thank you for considering Sophy Geneva to apply for job at, it is our pleasure! Unfortunately, at this","og_url":"https:\/\/www.sophygeneva.eu\/fr\/fi\/job-vacancies\/","og_site_name":"Sophy Geneva Jewellery","article_publisher":"https:\/\/facebook.com\/sophygeneva","article_modified_time":"2021-06-29T15:12:40+00:00","og_image":[{"width":2525,"height":673,"url":"https:\/\/www.sophygeneva.eu\/web\/wp-content\/uploads\/2021\/07\/sophy-geneva-logo-full.png","type":"image\/png"}],"twitter_card":"summary_large_image","twitter_site":"@sophygeneva","twitter_misc":{"Dur\u00e9e de lecture estim\u00e9e":"1 minute"},"schema":{"@context":"https:\/\/schema.org","@graph":[{"@type":"WebPage","@id":"https:\/\/www.sophygeneva.eu\/fi\/job-vacancies\/","url":"https:\/\/www.sophygeneva.eu\/fi\/job-vacancies\/","name":"Job Vacancies - Sophy Geneva Jewellery","isPartOf":{"@id":"https:\/\/www.sophygeneva.eu\/ru\/#website"},"datePublished":"2021-06-25T12:01:55+00:00","dateModified":"2021-06-29T15:12:40+00:00","breadcrumb":{"@id":"https:\/\/www.sophygeneva.eu\/fi\/job-vacancies\/#breadcrumb"},"inLanguage":"fr-FR","potentialAction":[{"@type":"ReadAction","target":["https:\/\/www.sophygeneva.eu\/fi\/job-vacancies\/"]}]},{"@type":"BreadcrumbList","@id":"https:\/\/www.sophygeneva.eu\/fi\/job-vacancies\/#breadcrumb","itemListElement":[{"@type":"ListItem","position":1,"name":"Home","item":"https:\/\/www.sophygeneva.eu\/"},{"@type":"ListItem","position":2,"name":"Job Vacancies"}]},{"@type":"WebSite","@id":"https:\/\/www.sophygeneva.eu\/ru\/#website","url":"https:\/\/www.sophygeneva.eu\/ru\/","name":"Sophy Geneva Jewellery","description":"Fine Gold, Diamond, Gems &amp; Watches - Online Swiss Store | Be Wise","publisher":{"@id":"https:\/\/www.sophygeneva.eu\/ru\/#organization"},"potentialAction":[{"@type":"SearchAction","target":{"@type":"EntryPoint","urlTemplate":"https:\/\/www.sophygeneva.eu\/ru\/?s={search_term_string}"},"query-input":{"@type":"PropertyValueSpecification","valueRequired":true,"valueName":"search_term_string"}}],"inLanguage":"fr-FR"},{"@type":"Organization","@id":"https:\/\/www.sophygeneva.eu\/ru\/#organization","name":"Sophy Geneva","url":"https:\/\/www.sophygeneva.eu\/ru\/","logo":{"@type":"ImageObject","inLanguage":"fr-FR","@id":"https:\/\/www.sophygeneva.eu\/ru\/#\/schema\/logo\/image\/","url":"https:\/\/www.sophygeneva.eu\/web\/wp-content\/uploads\/2021\/07\/sophy-geneva-logo-full.png","contentUrl":"https:\/\/www.sophygeneva.eu\/web\/wp-content\/uploads\/2021\/07\/sophy-geneva-logo-full.png","width":2525,"height":673,"caption":"Sophy Geneva"},"image":{"@id":"https:\/\/www.sophygeneva.eu\/ru\/#\/schema\/logo\/image\/"},"sameAs":["https:\/\/facebook.com\/sophygeneva","https:\/\/x.com\/sophygeneva","https:\/\/instagram.com\/sophygeneva","https:\/\/pinterest.com\/sophygeneva","https:\/\/www.youtube.com\/channel\/UCHd7DXSLnPG1SngLqMh4cAA"]}]}},"_links":{"self":[{"href":"https:\/\/www.sophygeneva.eu\/fr\/wp-json\/wp\/v2\/pages\/2484","targetHints":{"allow":["GET"]}}],"collection":[{"href":"https:\/\/www.sophygeneva.eu\/fr\/wp-json\/wp\/v2\/pages"}],"about":[{"href":"https:\/\/www.sophygeneva.eu\/fr\/wp-json\/wp\/v2\/types\/page"}],"author":[{"embeddable":true,"href":"https:\/\/www.sophygeneva.eu\/fr\/wp-json\/wp\/v2\/users\/1"}],"replies":[{"embeddable":true,"href":"https:\/\/www.sophygeneva.eu\/fr\/wp-json\/wp\/v2\/comments?post=2484"}],"version-history":[{"count":22,"href":"https:\/\/www.sophygeneva.eu\/fr\/wp-json\/wp\/v2\/pages\/2484\/revisions"}],"predecessor-version":[{"id":3303,"href":"https:\/\/www.sophygeneva.eu\/fr\/wp-json\/wp\/v2\/pages\/2484\/revisions\/3303"}],"wp:attachment":[{"href":"https:\/\/www.sophygeneva.eu\/fr\/wp-json\/wp\/v2\/media?parent=2484"}],"curies":[{"name":"wp","href":"https:\/\/api.w.org\/{rel}","templated":true}]}}