{"id":6085,"date":"2021-07-27T08:13:06","date_gmt":"2021-07-27T06:13:06","guid":{"rendered":"https:\/\/www.sophygeneva.eu\/?post_type=product&#038;p=6085"},"modified":"2021-07-27T08:14:37","modified_gmt":"2021-07-27T06:14:37","slug":"freshwater-pearls-kishi-white-necklace-180cm","status":"publish","type":"product","link":"https:\/\/www.sophygeneva.eu\/de\/item\/freshwater-pearls-kishi-white-necklace-180cm\/","title":{"rendered":"S\u00fc\u00dfwasserperlen Kishi wei\u00dfe Halskette 180cm"},"content":{"rendered":"","protected":false},"excerpt":{"rendered":"<p style=\"text-align: justify;\">Perlen k\u00f6nnen jedem Outfit einen Hauch von Eleganz verleihen. Naturperlen sind so einzigartig wie Sie!\u00a0<span style=\"color: #2c76ba; font-size: 14pt;\">100% Hergestellt in der Schweiz: <\/span><span style=\"font-size: 12pt;\">Diese wundersch\u00f6nen Halsketten aus S\u00fc\u00dfwasserperlen <\/span><span style=\"font-size: 12pt;\">kommen aus einem Sophy Geneva Schmuckatelier in Lausanne. Alle unsere Perlenschmuckst\u00fccke werden auf Bestellung handgefertigt und jede Perle wird in der Schweiz professionell und individuell von Hand auf Seidenfaden gekn\u00fcpft, um die h\u00f6chste Qualit\u00e4t zu gew\u00e4hrleisten, die jemals vertreten wurde.<\/span><\/p>\n<link rel=\"stylesheet\" id=\"elementor-post-4963-css\" href=\"https:\/\/www.sophygeneva.eu\/web\/wp-content\/uploads\/elementor\/css\/post-4963.css?ver=1777602788\" type=\"text\/css\" media=\"all\">\n<div data-elementor-type=\"wp-post\" data-elementor-id=\"4963\" class=\"elementor elementor-4963\" data-elementor-post-type=\"cms_block\">\n<section class=\"elementor-section elementor-top-section elementor-element elementor-element-1ab3267 elementor-section-content-middle elementor-section-full_width elementor-hidden-phone elementor-section-height-min-height elementor-section-height-default elementor-section-items-middle\" data-id=\"1ab3267\" data-element_type=\"section\" data-e-type=\"section\" data-settings=\"{&quot;jet_parallax_layout_list&quot;:[{&quot;jet_parallax_layout_image&quot;:{&quot;url&quot;:&quot;&quot;,&quot;id&quot;:&quot;&quot;,&quot;size&quot;:&quot;&quot;},&quot;_id&quot;:&quot;dbc0d88&quot;,&quot;jet_parallax_layout_image_tablet&quot;:{&quot;url&quot;:&quot;&quot;,&quot;id&quot;:&quot;&quot;,&quot;size&quot;:&quot;&quot;},&quot;jet_parallax_layout_image_mobile&quot;:{&quot;url&quot;:&quot;&quot;,&quot;id&quot;:&quot;&quot;,&quot;size&quot;:&quot;&quot;},&quot;jet_parallax_layout_speed&quot;:{&quot;unit&quot;:&quot;%&quot;,&quot;size&quot;:50,&quot;sizes&quot;:[]},&quot;jet_parallax_layout_type&quot;:&quot;scroll&quot;,&quot;jet_parallax_layout_direction&quot;:null,&quot;jet_parallax_layout_fx_direction&quot;:null,&quot;jet_parallax_layout_z_index&quot;:&quot;&quot;,&quot;jet_parallax_layout_bg_x&quot;:50,&quot;jet_parallax_layout_bg_x_tablet&quot;:&quot;&quot;,&quot;jet_parallax_layout_bg_x_mobile&quot;:&quot;&quot;,&quot;jet_parallax_layout_bg_y&quot;:50,&quot;jet_parallax_layout_bg_y_tablet&quot;:&quot;&quot;,&quot;jet_parallax_layout_bg_y_mobile&quot;:&quot;&quot;,&quot;jet_parallax_layout_bg_size&quot;:&quot;auto&quot;,&quot;jet_parallax_layout_bg_size_tablet&quot;:&quot;&quot;,&quot;jet_parallax_layout_bg_size_mobile&quot;:&quot;&quot;,&quot;jet_parallax_layout_animation_prop&quot;:&quot;transform&quot;,&quot;jet_parallax_layout_on&quot;:[&quot;desktop&quot;,&quot;tablet&quot;]}],&quot;background_background&quot;:&quot;classic&quot;}\">\n<div class=\"elementor-container elementor-column-gap-no\">\n<div class=\"elementor-column elementor-col-50 elementor-top-column elementor-element elementor-element-1ec0989\" data-id=\"1ec0989\" data-element_type=\"column\" data-e-type=\"column\">\n<div class=\"elementor-widget-wrap elementor-element-populated\">\n\t\t\t\t\t\t\t<link rel=\"stylesheet\" id=\"wd-animations-css\" href=\"https:\/\/www.sophygeneva.eu\/web\/wp-content\/themes\/woodmart\/css\/parts\/mod-animations-transform.min.css?ver=8.0.4\" type=\"text\/css\" media=\"all\" \/>\n<div class=\"elementor-element elementor-element-64d8526 wd-animation-slide-from-left wd-animation-normal wd_delay_100 elementor-widget elementor-widget-image\" data-id=\"64d8526\" data-element_type=\"widget\" data-e-type=\"widget\" data-widget_type=\"image.default\">\n<div class=\"elementor-widget-container\">\n\t\t\t\t\t\t\t\t\t\t\t\t\t\t\t<img decoding=\"async\" width=\"128\" height=\"128\" src=\"https:\/\/www.sophygeneva.eu\/web\/wp-content\/uploads\/2021\/07\/free-delivery.png\" class=\"attachment-full size-full wp-image-4932\" alt=\"\" \/>\t\t\t\t\t\t\t\t\t\t\t\t\t\t\t<\/div>\n<\/p><\/div>\n<\/p><\/div>\n<\/p><\/div>\n<div class=\"elementor-column elementor-col-50 elementor-top-column elementor-element elementor-element-34f3bda\" data-id=\"34f3bda\" data-element_type=\"column\" data-e-type=\"column\">\n<div class=\"elementor-widget-wrap elementor-element-populated\">\n<div class=\"elementor-element elementor-element-55c181c color-scheme-inherit text-left elementor-widget elementor-widget-text-editor\" data-id=\"55c181c\" data-element_type=\"widget\" data-e-type=\"widget\" data-widget_type=\"text-editor.default\">\n<div class=\"elementor-widget-container\">\n\t\t\t\t\t\t\t\t\t<strong>Voraussichtliche Lieferung:<\/strong> Wird versendet zwischen <strong>3 <\/strong>&amp;<strong> 5 <\/strong>Tage\t\t\t\t\t\t\t\t<\/div>\n<\/p><\/div>\n<\/p><\/div>\n<\/p><\/div>\n<\/p><\/div>\n<\/section><\/div><\/p>","protected":false},"featured_media":6086,"template":"","meta":[],"product_cat":[348],"product_tag":[293],"class_list":{"0":"post-6085","1":"product","2":"type-product","3":"status-publish","4":"has-post-thumbnail","6":"product_cat-pearl-collection","7":"product_tag-freshwater-pearl","8":"pa_estimated-time-of-dispatch-2-3-days","9":"pa_product-brand-marina-c-by-sophy-geneva","10":"pa_product-color-product-color-white","11":"pa_product-gemstone-pearl","12":"pa_product-pearl-kind-freshwater","13":"pa_product-pearl-shape-near-round","15":"first","16":"instock","17":"sale","18":"purchasable","19":"product-type-simple"},"yoast_head":"<!-- This site is optimized with the Yoast SEO Premium plugin v18.1 (Yoast SEO v24.1) - https:\/\/yoast.com\/wordpress\/plugins\/seo\/ -->\n<title>Freshwater Pearls Kishi white Necklace 180cm - Sophy Geneva Jewellery<\/title>\n<meta name=\"description\" content=\"Finest Collection of High-Quality Pearl Jewelry. Free &amp; Fast Delivery. Expert Swiss Craftsmanship, Exceptional Quality, Unbeatable Prices, Stunning Collection, Beautiful Designs.\" \/>\n<meta name=\"robots\" content=\"index, follow, max-snippet:-1, max-image-preview:large, max-video-preview:-1\" \/>\n<link rel=\"canonical\" href=\"https:\/\/www.sophygeneva.eu\/de\/item\/freshwater-pearls-kishi-white-necklace-180cm\/\" \/>\n<meta property=\"og:locale\" content=\"de_DE\" \/>\n<meta property=\"og:type\" content=\"article\" \/>\n<meta property=\"og:title\" content=\"Freshwater Pearls Kishi white Necklace 180cm - Sophy Geneva Jewellery\" \/>\n<meta property=\"og:description\" content=\"Sophy Geneva presents you its Iconic, Glamorous Fine jewelry &amp; watches. Discover our fabulous collections, with a possibility to Virtually try on. Let&#039;s shine\" \/>\n<meta property=\"og:url\" content=\"https:\/\/www.sophygeneva.eu\/de\/item\/freshwater-pearls-kishi-white-necklace-180cm\/\" \/>\n<meta property=\"og:site_name\" content=\"Sophy Geneva Jewellery\" \/>\n<meta property=\"article:publisher\" content=\"https:\/\/facebook.com\/sophygeneva\" \/>\n<meta property=\"article:modified_time\" content=\"2021-07-27T06:14:37+00:00\" \/>\n<meta property=\"og:image\" content=\"https:\/\/www.sophygeneva.eu\/web\/wp-content\/uploads\/2021\/07\/Sophy-Geneva-682298-necklace-of-fresh-water-semiround-multicolour-pearls-lenght-cm-180-2.jpg\" \/>\n\t<meta property=\"og:image:width\" content=\"800\" \/>\n\t<meta property=\"og:image:height\" content=\"992\" \/>\n\t<meta property=\"og:image:type\" content=\"image\/jpeg\" \/>\n<meta name=\"twitter:card\" content=\"summary_large_image\" \/>\n<meta name=\"twitter:site\" content=\"@sophygeneva\" \/>\n<meta name=\"twitter:label1\" content=\"Price\" \/>\n\t<meta name=\"twitter:data1\" content=\"&#067;&#072;&#070;&nbsp;499.00 Urspr\u00fcnglicher Preis war: &#067;&#072;&#070;&nbsp;499.00&#067;&#072;&#070;&nbsp;259.00Aktueller Preis ist: &#067;&#072;&#070;&nbsp;259.00.\" \/>\n\t<meta name=\"twitter:label2\" content=\"Availability\" \/>\n\t<meta name=\"twitter:data2\" content=\"In stock\" \/>\n<script type=\"application\/ld+json\" class=\"yoast-schema-graph\">{\"@context\":\"https:\/\/schema.org\",\"@graph\":[{\"@type\":[\"WebPage\",\"ItemPage\"],\"@id\":\"https:\/\/www.sophygeneva.eu\/item\/freshwater-pearls-kishi-white-necklace-180cm\/\",\"url\":\"https:\/\/www.sophygeneva.eu\/item\/freshwater-pearls-kishi-white-necklace-180cm\/\",\"name\":\"Freshwater Pearls Kishi white Necklace 180cm - Sophy Geneva Jewellery\",\"isPartOf\":{\"@id\":\"https:\/\/www.sophygeneva.eu\/ru\/#website\"},\"primaryImageOfPage\":{\"@id\":\"https:\/\/www.sophygeneva.eu\/item\/freshwater-pearls-kishi-white-necklace-180cm\/#primaryimage\"},\"image\":{\"@id\":\"https:\/\/www.sophygeneva.eu\/item\/freshwater-pearls-kishi-white-necklace-180cm\/#primaryimage\"},\"thumbnailUrl\":\"https:\/\/www.sophygeneva.eu\/web\/wp-content\/uploads\/2021\/07\/Sophy-Geneva-682298-necklace-of-fresh-water-semiround-multicolour-pearls-lenght-cm-180-2.jpg\",\"datePublished\":\"2021-07-27T06:13:06+00:00\",\"dateModified\":\"2021-07-27T06:14:37+00:00\",\"description\":\"Finest Collection of High-Quality Pearl Jewelry. Free & Fast Delivery. Expert Swiss Craftsmanship, Exceptional Quality, Unbeatable Prices, Stunning Collection, Beautiful Designs.\",\"breadcrumb\":{\"@id\":\"https:\/\/www.sophygeneva.eu\/item\/freshwater-pearls-kishi-white-necklace-180cm\/#breadcrumb\"},\"inLanguage\":\"de-CH\",\"potentialAction\":[{\"@type\":\"ReadAction\",\"target\":[\"https:\/\/www.sophygeneva.eu\/item\/freshwater-pearls-kishi-white-necklace-180cm\/\"]}]},{\"@type\":\"ImageObject\",\"inLanguage\":\"de-CH\",\"@id\":\"https:\/\/www.sophygeneva.eu\/item\/freshwater-pearls-kishi-white-necklace-180cm\/#primaryimage\",\"url\":\"https:\/\/www.sophygeneva.eu\/web\/wp-content\/uploads\/2021\/07\/Sophy-Geneva-682298-necklace-of-fresh-water-semiround-multicolour-pearls-lenght-cm-180-2.jpg\",\"contentUrl\":\"https:\/\/www.sophygeneva.eu\/web\/wp-content\/uploads\/2021\/07\/Sophy-Geneva-682298-necklace-of-fresh-water-semiround-multicolour-pearls-lenght-cm-180-2.jpg\",\"width\":800,\"height\":992},{\"@type\":\"BreadcrumbList\",\"@id\":\"https:\/\/www.sophygeneva.eu\/item\/freshwater-pearls-kishi-white-necklace-180cm\/#breadcrumb\",\"itemListElement\":[{\"@type\":\"ListItem\",\"position\":1,\"name\":\"Home\",\"item\":\"https:\/\/www.sophygeneva.eu\/\"},{\"@type\":\"ListItem\",\"position\":2,\"name\":\"Shop\",\"item\":\"https:\/\/www.sophygeneva.eu\/shop\/\"},{\"@type\":\"ListItem\",\"position\":3,\"name\":\"Women Jewelry\",\"item\":\"https:\/\/www.sophygeneva.eu\/products\/women-jewelry\/\"},{\"@type\":\"ListItem\",\"position\":4,\"name\":\"Necklaces\",\"item\":\"https:\/\/www.sophygeneva.eu\/products\/women-jewelry\/necklaces\/\"},{\"@type\":\"ListItem\",\"position\":5,\"name\":\"Freshwater Pearls Kishi white Necklace 180cm\"}]},{\"@type\":\"WebSite\",\"@id\":\"https:\/\/www.sophygeneva.eu\/ru\/#website\",\"url\":\"https:\/\/www.sophygeneva.eu\/ru\/\",\"name\":\"Sophy Geneva Jewellery\",\"description\":\"Fine Gold, Diamond, Gems &amp; Watches - Online Swiss Store | Be Wise\",\"publisher\":{\"@id\":\"https:\/\/www.sophygeneva.eu\/ru\/#organization\"},\"potentialAction\":[{\"@type\":\"SearchAction\",\"target\":{\"@type\":\"EntryPoint\",\"urlTemplate\":\"https:\/\/www.sophygeneva.eu\/ru\/?s={search_term_string}\"},\"query-input\":{\"@type\":\"PropertyValueSpecification\",\"valueRequired\":true,\"valueName\":\"search_term_string\"}}],\"inLanguage\":\"de-CH\"},{\"@type\":\"Organization\",\"@id\":\"https:\/\/www.sophygeneva.eu\/ru\/#organization\",\"name\":\"Sophy Geneva\",\"url\":\"https:\/\/www.sophygeneva.eu\/ru\/\",\"logo\":{\"@type\":\"ImageObject\",\"inLanguage\":\"de-CH\",\"@id\":\"https:\/\/www.sophygeneva.eu\/ru\/#\/schema\/logo\/image\/\",\"url\":\"https:\/\/www.sophygeneva.eu\/web\/wp-content\/uploads\/2021\/07\/sophy-geneva-logo-full.png\",\"contentUrl\":\"https:\/\/www.sophygeneva.eu\/web\/wp-content\/uploads\/2021\/07\/sophy-geneva-logo-full.png\",\"width\":2525,\"height\":673,\"caption\":\"Sophy Geneva\"},\"image\":{\"@id\":\"https:\/\/www.sophygeneva.eu\/ru\/#\/schema\/logo\/image\/\"},\"sameAs\":[\"https:\/\/facebook.com\/sophygeneva\",\"https:\/\/x.com\/sophygeneva\",\"https:\/\/instagram.com\/sophygeneva\",\"https:\/\/pinterest.com\/sophygeneva\",\"https:\/\/www.youtube.com\/channel\/UCHd7DXSLnPG1SngLqMh4cAA\"]}]}<\/script>\n<meta property=\"product:brand\" content=\"Marina C by Sophy Geneva\" \/>\n<meta property=\"product:price:amount\" content=\"259.00\" \/>\n<meta property=\"product:price:currency\" content=\"CHF\" \/>\n<meta property=\"og:availability\" content=\"instock\" \/>\n<meta property=\"product:availability\" content=\"instock\" \/>\n<meta property=\"product:retailer_item_id\" content=\"682298-FWP\" \/>\n<meta property=\"product:condition\" content=\"new\" \/>\n<!-- \/ Yoast SEO Premium plugin. -->","yoast_head_json":{"title":"Freshwater Pearls Kishi white Necklace 180cm - Sophy Geneva Jewellery","description":"Finest Collection of High-Quality Pearl Jewelry. Free & Fast Delivery. Expert Swiss Craftsmanship, Exceptional Quality, Unbeatable Prices, Stunning Collection, Beautiful Designs.","robots":{"index":"index","follow":"follow","max-snippet":"max-snippet:-1","max-image-preview":"max-image-preview:large","max-video-preview":"max-video-preview:-1"},"canonical":"https:\/\/www.sophygeneva.eu\/de\/item\/freshwater-pearls-kishi-white-necklace-180cm\/","og_locale":"de_DE","og_type":"article","og_title":"Freshwater Pearls Kishi white Necklace 180cm - Sophy Geneva Jewellery","og_description":"Sophy Geneva presents you its Iconic, Glamorous Fine jewelry & watches. Discover our fabulous collections, with a possibility to Virtually try on. Let's shine","og_url":"https:\/\/www.sophygeneva.eu\/de\/item\/freshwater-pearls-kishi-white-necklace-180cm\/","og_site_name":"Sophy Geneva Jewellery","article_publisher":"https:\/\/facebook.com\/sophygeneva","article_modified_time":"2021-07-27T06:14:37+00:00","og_image":[{"width":800,"height":992,"url":"https:\/\/www.sophygeneva.eu\/web\/wp-content\/uploads\/2021\/07\/Sophy-Geneva-682298-necklace-of-fresh-water-semiround-multicolour-pearls-lenght-cm-180-2.jpg","type":"image\/jpeg"}],"twitter_card":"summary_large_image","twitter_site":"@sophygeneva","twitter_misc":{"Price":"&#67;&#72;&#70;&nbsp;499.00 Urspr\u00fcnglicher Preis war: &#067;&#072;&#070;&nbsp;499.00&#67;&#72;&#70;&nbsp;259.00Aktueller Preis ist: &#067;&#072;&#070;&nbsp;259.00.","Availability":"In stock"},"schema":{"@context":"https:\/\/schema.org","@graph":[{"@type":["WebPage","ItemPage"],"@id":"https:\/\/www.sophygeneva.eu\/item\/freshwater-pearls-kishi-white-necklace-180cm\/","url":"https:\/\/www.sophygeneva.eu\/item\/freshwater-pearls-kishi-white-necklace-180cm\/","name":"Freshwater Pearls Kishi white Necklace 180cm - Sophy Geneva Jewellery","isPartOf":{"@id":"https:\/\/www.sophygeneva.eu\/ru\/#website"},"primaryImageOfPage":{"@id":"https:\/\/www.sophygeneva.eu\/item\/freshwater-pearls-kishi-white-necklace-180cm\/#primaryimage"},"image":{"@id":"https:\/\/www.sophygeneva.eu\/item\/freshwater-pearls-kishi-white-necklace-180cm\/#primaryimage"},"thumbnailUrl":"https:\/\/www.sophygeneva.eu\/web\/wp-content\/uploads\/2021\/07\/Sophy-Geneva-682298-necklace-of-fresh-water-semiround-multicolour-pearls-lenght-cm-180-2.jpg","datePublished":"2021-07-27T06:13:06+00:00","dateModified":"2021-07-27T06:14:37+00:00","description":"Finest Collection of High-Quality Pearl Jewelry. Free & Fast Delivery. Expert Swiss Craftsmanship, Exceptional Quality, Unbeatable Prices, Stunning Collection, Beautiful Designs.","breadcrumb":{"@id":"https:\/\/www.sophygeneva.eu\/item\/freshwater-pearls-kishi-white-necklace-180cm\/#breadcrumb"},"inLanguage":"de-CH","potentialAction":[{"@type":"ReadAction","target":["https:\/\/www.sophygeneva.eu\/item\/freshwater-pearls-kishi-white-necklace-180cm\/"]}]},{"@type":"ImageObject","inLanguage":"de-CH","@id":"https:\/\/www.sophygeneva.eu\/item\/freshwater-pearls-kishi-white-necklace-180cm\/#primaryimage","url":"https:\/\/www.sophygeneva.eu\/web\/wp-content\/uploads\/2021\/07\/Sophy-Geneva-682298-necklace-of-fresh-water-semiround-multicolour-pearls-lenght-cm-180-2.jpg","contentUrl":"https:\/\/www.sophygeneva.eu\/web\/wp-content\/uploads\/2021\/07\/Sophy-Geneva-682298-necklace-of-fresh-water-semiround-multicolour-pearls-lenght-cm-180-2.jpg","width":800,"height":992},{"@type":"BreadcrumbList","@id":"https:\/\/www.sophygeneva.eu\/item\/freshwater-pearls-kishi-white-necklace-180cm\/#breadcrumb","itemListElement":[{"@type":"ListItem","position":1,"name":"Home","item":"https:\/\/www.sophygeneva.eu\/"},{"@type":"ListItem","position":2,"name":"Shop","item":"https:\/\/www.sophygeneva.eu\/shop\/"},{"@type":"ListItem","position":3,"name":"Women Jewelry","item":"https:\/\/www.sophygeneva.eu\/products\/women-jewelry\/"},{"@type":"ListItem","position":4,"name":"Necklaces","item":"https:\/\/www.sophygeneva.eu\/products\/women-jewelry\/necklaces\/"},{"@type":"ListItem","position":5,"name":"Freshwater Pearls Kishi white Necklace 180cm"}]},{"@type":"WebSite","@id":"https:\/\/www.sophygeneva.eu\/ru\/#website","url":"https:\/\/www.sophygeneva.eu\/ru\/","name":"Sophy Geneva Jewellery","description":"Fine Gold, Diamond, Gems &amp; Watches - Online Swiss Store | Be Wise","publisher":{"@id":"https:\/\/www.sophygeneva.eu\/ru\/#organization"},"potentialAction":[{"@type":"SearchAction","target":{"@type":"EntryPoint","urlTemplate":"https:\/\/www.sophygeneva.eu\/ru\/?s={search_term_string}"},"query-input":{"@type":"PropertyValueSpecification","valueRequired":true,"valueName":"search_term_string"}}],"inLanguage":"de-CH"},{"@type":"Organization","@id":"https:\/\/www.sophygeneva.eu\/ru\/#organization","name":"Sophy Geneva","url":"https:\/\/www.sophygeneva.eu\/ru\/","logo":{"@type":"ImageObject","inLanguage":"de-CH","@id":"https:\/\/www.sophygeneva.eu\/ru\/#\/schema\/logo\/image\/","url":"https:\/\/www.sophygeneva.eu\/web\/wp-content\/uploads\/2021\/07\/sophy-geneva-logo-full.png","contentUrl":"https:\/\/www.sophygeneva.eu\/web\/wp-content\/uploads\/2021\/07\/sophy-geneva-logo-full.png","width":2525,"height":673,"caption":"Sophy Geneva"},"image":{"@id":"https:\/\/www.sophygeneva.eu\/ru\/#\/schema\/logo\/image\/"},"sameAs":["https:\/\/facebook.com\/sophygeneva","https:\/\/x.com\/sophygeneva","https:\/\/instagram.com\/sophygeneva","https:\/\/pinterest.com\/sophygeneva","https:\/\/www.youtube.com\/channel\/UCHd7DXSLnPG1SngLqMh4cAA"]}]},"product_brand":"Marina C by Sophy Geneva","product_price_amount":"259.00","product_price_currency":"CHF","og_availability":"instock","product_availability":"instock","product_retailer_item_id":"682298-FWP","product_condition":"new"},"jetpack_sharing_enabled":true,"jetpack-related-posts":[],"_links":{"self":[{"href":"https:\/\/www.sophygeneva.eu\/de\/wp-json\/wp\/v2\/product\/6085","targetHints":{"allow":["GET"]}}],"collection":[{"href":"https:\/\/www.sophygeneva.eu\/de\/wp-json\/wp\/v2\/product"}],"about":[{"href":"https:\/\/www.sophygeneva.eu\/de\/wp-json\/wp\/v2\/types\/product"}],"version-history":[{"count":1,"href":"https:\/\/www.sophygeneva.eu\/de\/wp-json\/wp\/v2\/product\/6085\/revisions"}],"predecessor-version":[{"id":6087,"href":"https:\/\/www.sophygeneva.eu\/de\/wp-json\/wp\/v2\/product\/6085\/revisions\/6087"}],"wp:featuredmedia":[{"embeddable":true,"href":"https:\/\/www.sophygeneva.eu\/de\/wp-json\/wp\/v2\/media\/6086"}],"wp:attachment":[{"href":"https:\/\/www.sophygeneva.eu\/de\/wp-json\/wp\/v2\/media?parent=6085"}],"wp:term":[{"taxonomy":"product_cat","embeddable":true,"href":"https:\/\/www.sophygeneva.eu\/de\/wp-json\/wp\/v2\/product_cat?post=6085"},{"taxonomy":"product_tag","embeddable":true,"href":"https:\/\/www.sophygeneva.eu\/de\/wp-json\/wp\/v2\/product_tag?post=6085"}],"curies":[{"name":"wp","href":"https:\/\/api.w.org\/{rel}","templated":true}]}}