{"id":5091,"date":"2021-07-16T03:54:40","date_gmt":"2021-07-16T01:54:40","guid":{"rendered":"https:\/\/www.sophygeneva.eu\/?post_type=product&#038;p=5091"},"modified":"2022-04-28T12:18:36","modified_gmt":"2022-04-28T10:18:36","slug":"aaa-quality-south-sea-golden-pearl-bracelets-8-5-10-mm","status":"publish","type":"product","link":"https:\/\/www.sophygeneva.eu\/de\/item\/aaa-quality-south-sea-golden-pearl-bracelets-8-5-10-mm\/","title":{"rendered":"AAA Qualit\u00e4t S\u00fcdsee Goldene Perlenarmb\u00e4nder 8,5-10 mm"},"content":{"rendered":"","protected":false},"excerpt":{"rendered":"<p style=\"text-align: justify;\">Perlen k\u00f6nnen jedem Outfit einen Hauch von Eleganz verleihen. Naturperlen sind so einzigartig wie Sie! Diese wundersch\u00f6ne goldene Perlenkette in den sch\u00f6nsten goldenen S\u00fcdseeperlen ist perfekt und elegant f\u00fcr Ihre besonderen Anl\u00e4sse, eine unverzichtbare Erg\u00e4nzung f\u00fcr jede Schmuckkollektion. Alle unsere Perlenschmuckst\u00fccke werden auf Bestellung handgefertigt und jede Perle wird in der Schweiz professionell und individuell von Hand auf Seidenfaden gekn\u00fcpft, um die h\u00f6chste Qualit\u00e4t zu gew\u00e4hrleisten, die jemals vertreten wurde.<br \/>\n<span style=\"color: #2c76ba; font-size: 14pt;\">100% Hergestellt in der Schweiz: <\/span><span style=\"font-size: 12pt;\">Diese wundersch\u00f6nen, gl\u00e4nzenden S\u00fcdsee-Goldperlenarmb\u00e4nder in AAA-Qualit\u00e4t sind aus Kommen<\/span><span style=\"font-size: 12pt;\">\u00a0aus einem Sophy Genfer Schmuckatelier in Lausanne. Die Perlen haben einen Durchmesser von 8,5-9 cm, die Verschl\u00fcsse Fine Yellow oder White 18k Gold sind massiv gl\u00e4nzend, von denen eine ge\u00f6ffnet werden kann. Das Armband kann auch verwendet werden, um die L\u00e4nge der Perlenkette auf fast 55 cm zu verl\u00e4ngern, sodass sie \u00fcber dem Hals getragen werden kann, als Verl\u00e4ngerung, wenn eine zus\u00e4tzliche L\u00e4nge ben\u00f6tigt wird.<\/span><\/p>","protected":false},"featured_media":5094,"template":"","meta":[],"product_cat":[348],"product_tag":[48],"class_list":{"0":"post-5091","1":"product","2":"type-product","3":"status-publish","4":"has-post-thumbnail","6":"product_cat-pearl-collection","7":"product_tag-18k-gold-jewellery","8":"pa_color-silver","9":"pa_color-yellow-gold","10":"pa_estimated-time-of-dispatch-2-3-days","11":"pa_product-brand-marina-c-by-sophy-geneva","12":"pa_product-gemstone-pearl","13":"pa_product-pearl-kind-south-sea","14":"pa_product-pearl-shape-near-round","16":"first","17":"instock","18":"purchasable","19":"product-type-simple"},"yoast_head":"<!-- This site is optimized with the Yoast SEO Premium plugin v18.1 (Yoast SEO v24.1) - https:\/\/yoast.com\/wordpress\/plugins\/seo\/ -->\n<title>AAA Quality South Sea Golden Pearl Bracelets 8.5-10 mm - Sophy Geneva Jewellery<\/title>\n<meta name=\"description\" content=\"Finest Collection of High-Quality Pearl Jewelry. Free &amp; Fast Delivery. Expert Swiss Craftsmanship, Exceptional Quality, Unbeatable Prices, Stunning Collection, Beautiful Designs.\" \/>\n<meta name=\"robots\" content=\"index, follow, max-snippet:-1, max-image-preview:large, max-video-preview:-1\" \/>\n<link rel=\"canonical\" href=\"https:\/\/www.sophygeneva.eu\/de\/item\/aaa-quality-south-sea-golden-pearl-bracelets-8-5-10-mm\/\" \/>\n<meta property=\"og:locale\" content=\"de_DE\" \/>\n<meta property=\"og:type\" content=\"article\" \/>\n<meta property=\"og:title\" content=\"AAA Quality South Sea Golden Pearl Bracelets 8.5-10 mm - Sophy Geneva Jewellery\" \/>\n<meta property=\"og:description\" content=\"Sophy Geneva presents you its Iconic, Glamorous Fine jewelry &amp; watches. Discover our fabulous collections, with a possibility to Virtually try on. Let&#039;s shine\" \/>\n<meta property=\"og:url\" content=\"https:\/\/www.sophygeneva.eu\/de\/item\/aaa-quality-south-sea-golden-pearl-bracelets-8-5-10-mm\/\" \/>\n<meta property=\"og:site_name\" content=\"Sophy Geneva Jewellery\" \/>\n<meta property=\"article:publisher\" content=\"https:\/\/facebook.com\/sophygeneva\" \/>\n<meta property=\"article:modified_time\" content=\"2022-04-28T10:18:36+00:00\" \/>\n<meta property=\"og:image\" content=\"https:\/\/www.sophygeneva.eu\/web\/wp-content\/uploads\/2021\/07\/8.0-10.0-mm-AAA-Golden-South-See-round-pearls-Bracelet-by-Sophy-Geneva-Yellow-Gold-18K.jpg\" \/>\n\t<meta property=\"og:image:width\" content=\"1500\" \/>\n\t<meta property=\"og:image:height\" content=\"1500\" \/>\n\t<meta property=\"og:image:type\" content=\"image\/jpeg\" \/>\n<meta name=\"twitter:card\" content=\"summary_large_image\" \/>\n<meta name=\"twitter:site\" content=\"@sophygeneva\" \/>\n<meta name=\"twitter:label1\" content=\"Price\" \/>\n\t<meta name=\"twitter:data1\" content=\"&#067;&#072;&#070;&nbsp;3&#039;340.00\" \/>\n\t<meta name=\"twitter:label2\" content=\"Availability\" \/>\n\t<meta name=\"twitter:data2\" content=\"In stock\" \/>\n<script type=\"application\/ld+json\" class=\"yoast-schema-graph\">{\"@context\":\"https:\/\/schema.org\",\"@graph\":[{\"@type\":[\"WebPage\",\"ItemPage\"],\"@id\":\"https:\/\/www.sophygeneva.eu\/item\/aaa-quality-south-sea-golden-pearl-bracelets-8-5-10-mm\/\",\"url\":\"https:\/\/www.sophygeneva.eu\/item\/aaa-quality-south-sea-golden-pearl-bracelets-8-5-10-mm\/\",\"name\":\"AAA Quality South Sea Golden Pearl Bracelets 8.5-10 mm - Sophy Geneva Jewellery\",\"isPartOf\":{\"@id\":\"https:\/\/www.sophygeneva.eu\/ru\/#website\"},\"primaryImageOfPage\":{\"@id\":\"https:\/\/www.sophygeneva.eu\/item\/aaa-quality-south-sea-golden-pearl-bracelets-8-5-10-mm\/#primaryimage\"},\"image\":{\"@id\":\"https:\/\/www.sophygeneva.eu\/item\/aaa-quality-south-sea-golden-pearl-bracelets-8-5-10-mm\/#primaryimage\"},\"thumbnailUrl\":\"https:\/\/www.sophygeneva.eu\/web\/wp-content\/uploads\/2021\/07\/8.0-10.0-mm-AAA-Golden-South-See-round-pearls-Bracelet-by-Sophy-Geneva-Yellow-Gold-18K.jpg\",\"datePublished\":\"2021-07-16T01:54:40+00:00\",\"dateModified\":\"2022-04-28T10:18:36+00:00\",\"description\":\"Finest Collection of High-Quality Pearl Jewelry. Free & Fast Delivery. Expert Swiss Craftsmanship, Exceptional Quality, Unbeatable Prices, Stunning Collection, Beautiful Designs.\",\"breadcrumb\":{\"@id\":\"https:\/\/www.sophygeneva.eu\/item\/aaa-quality-south-sea-golden-pearl-bracelets-8-5-10-mm\/#breadcrumb\"},\"inLanguage\":\"de-CH\",\"potentialAction\":[{\"@type\":\"ReadAction\",\"target\":[\"https:\/\/www.sophygeneva.eu\/item\/aaa-quality-south-sea-golden-pearl-bracelets-8-5-10-mm\/\"]}]},{\"@type\":\"ImageObject\",\"inLanguage\":\"de-CH\",\"@id\":\"https:\/\/www.sophygeneva.eu\/item\/aaa-quality-south-sea-golden-pearl-bracelets-8-5-10-mm\/#primaryimage\",\"url\":\"https:\/\/www.sophygeneva.eu\/web\/wp-content\/uploads\/2021\/07\/8.0-10.0-mm-AAA-Golden-South-See-round-pearls-Bracelet-by-Sophy-Geneva-Yellow-Gold-18K.jpg\",\"contentUrl\":\"https:\/\/www.sophygeneva.eu\/web\/wp-content\/uploads\/2021\/07\/8.0-10.0-mm-AAA-Golden-South-See-round-pearls-Bracelet-by-Sophy-Geneva-Yellow-Gold-18K.jpg\",\"width\":1500,\"height\":1500},{\"@type\":\"BreadcrumbList\",\"@id\":\"https:\/\/www.sophygeneva.eu\/item\/aaa-quality-south-sea-golden-pearl-bracelets-8-5-10-mm\/#breadcrumb\",\"itemListElement\":[{\"@type\":\"ListItem\",\"position\":1,\"name\":\"Home\",\"item\":\"https:\/\/www.sophygeneva.eu\/\"},{\"@type\":\"ListItem\",\"position\":2,\"name\":\"Shop\",\"item\":\"https:\/\/www.sophygeneva.eu\/shop\/\"},{\"@type\":\"ListItem\",\"position\":3,\"name\":\"Women Jewelry\",\"item\":\"https:\/\/www.sophygeneva.eu\/products\/women-jewelry\/\"},{\"@type\":\"ListItem\",\"position\":4,\"name\":\"Sets\",\"item\":\"https:\/\/www.sophygeneva.eu\/products\/women-jewelry\/sets\/\"},{\"@type\":\"ListItem\",\"position\":5,\"name\":\"AAA Quality South Sea Golden Pearl Bracelets 8.5-10 mm\"}]},{\"@type\":\"WebSite\",\"@id\":\"https:\/\/www.sophygeneva.eu\/ru\/#website\",\"url\":\"https:\/\/www.sophygeneva.eu\/ru\/\",\"name\":\"Sophy Geneva Jewellery\",\"description\":\"Fine Gold, Diamond, Gems &amp; Watches - Online Swiss Store | Be Wise\",\"publisher\":{\"@id\":\"https:\/\/www.sophygeneva.eu\/ru\/#organization\"},\"potentialAction\":[{\"@type\":\"SearchAction\",\"target\":{\"@type\":\"EntryPoint\",\"urlTemplate\":\"https:\/\/www.sophygeneva.eu\/ru\/?s={search_term_string}\"},\"query-input\":{\"@type\":\"PropertyValueSpecification\",\"valueRequired\":true,\"valueName\":\"search_term_string\"}}],\"inLanguage\":\"de-CH\"},{\"@type\":\"Organization\",\"@id\":\"https:\/\/www.sophygeneva.eu\/ru\/#organization\",\"name\":\"Sophy Geneva\",\"url\":\"https:\/\/www.sophygeneva.eu\/ru\/\",\"logo\":{\"@type\":\"ImageObject\",\"inLanguage\":\"de-CH\",\"@id\":\"https:\/\/www.sophygeneva.eu\/ru\/#\/schema\/logo\/image\/\",\"url\":\"https:\/\/www.sophygeneva.eu\/web\/wp-content\/uploads\/2021\/07\/sophy-geneva-logo-full.png\",\"contentUrl\":\"https:\/\/www.sophygeneva.eu\/web\/wp-content\/uploads\/2021\/07\/sophy-geneva-logo-full.png\",\"width\":2525,\"height\":673,\"caption\":\"Sophy Geneva\"},\"image\":{\"@id\":\"https:\/\/www.sophygeneva.eu\/ru\/#\/schema\/logo\/image\/\"},\"sameAs\":[\"https:\/\/facebook.com\/sophygeneva\",\"https:\/\/x.com\/sophygeneva\",\"https:\/\/instagram.com\/sophygeneva\",\"https:\/\/pinterest.com\/sophygeneva\",\"https:\/\/www.youtube.com\/channel\/UCHd7DXSLnPG1SngLqMh4cAA\"]}]}<\/script>\n<meta property=\"product:brand\" content=\"Marina C by Sophy Geneva\" \/>\n<meta property=\"product:price:amount\" content=\"3340.00\" \/>\n<meta property=\"product:price:currency\" content=\"CHF\" \/>\n<meta property=\"og:availability\" content=\"instock\" \/>\n<meta property=\"product:availability\" content=\"instock\" \/>\n<meta property=\"product:retailer_item_id\" content=\"SGB8.10SSPY-Y18k\" \/>\n<meta property=\"product:condition\" content=\"new\" \/>\n<!-- \/ Yoast SEO Premium plugin. -->","yoast_head_json":{"title":"AAA Quality South Sea Golden Pearl Bracelets 8.5-10 mm - Sophy Geneva Jewellery","description":"Finest Collection of High-Quality Pearl Jewelry. Free & Fast Delivery. Expert Swiss Craftsmanship, Exceptional Quality, Unbeatable Prices, Stunning Collection, Beautiful Designs.","robots":{"index":"index","follow":"follow","max-snippet":"max-snippet:-1","max-image-preview":"max-image-preview:large","max-video-preview":"max-video-preview:-1"},"canonical":"https:\/\/www.sophygeneva.eu\/de\/item\/aaa-quality-south-sea-golden-pearl-bracelets-8-5-10-mm\/","og_locale":"de_DE","og_type":"article","og_title":"AAA Quality South Sea Golden Pearl Bracelets 8.5-10 mm - Sophy Geneva Jewellery","og_description":"Sophy Geneva presents you its Iconic, Glamorous Fine jewelry & watches. Discover our fabulous collections, with a possibility to Virtually try on. Let's shine","og_url":"https:\/\/www.sophygeneva.eu\/de\/item\/aaa-quality-south-sea-golden-pearl-bracelets-8-5-10-mm\/","og_site_name":"Sophy Geneva Jewellery","article_publisher":"https:\/\/facebook.com\/sophygeneva","article_modified_time":"2022-04-28T10:18:36+00:00","og_image":[{"width":1500,"height":1500,"url":"https:\/\/www.sophygeneva.eu\/web\/wp-content\/uploads\/2021\/07\/8.0-10.0-mm-AAA-Golden-South-See-round-pearls-Bracelet-by-Sophy-Geneva-Yellow-Gold-18K.jpg","type":"image\/jpeg"}],"twitter_card":"summary_large_image","twitter_site":"@sophygeneva","twitter_misc":{"Price":"&#67;&#72;&#70;&nbsp;3'340.00","Availability":"In stock"},"schema":{"@context":"https:\/\/schema.org","@graph":[{"@type":["WebPage","ItemPage"],"@id":"https:\/\/www.sophygeneva.eu\/item\/aaa-quality-south-sea-golden-pearl-bracelets-8-5-10-mm\/","url":"https:\/\/www.sophygeneva.eu\/item\/aaa-quality-south-sea-golden-pearl-bracelets-8-5-10-mm\/","name":"AAA Quality South Sea Golden Pearl Bracelets 8.5-10 mm - Sophy Geneva Jewellery","isPartOf":{"@id":"https:\/\/www.sophygeneva.eu\/ru\/#website"},"primaryImageOfPage":{"@id":"https:\/\/www.sophygeneva.eu\/item\/aaa-quality-south-sea-golden-pearl-bracelets-8-5-10-mm\/#primaryimage"},"image":{"@id":"https:\/\/www.sophygeneva.eu\/item\/aaa-quality-south-sea-golden-pearl-bracelets-8-5-10-mm\/#primaryimage"},"thumbnailUrl":"https:\/\/www.sophygeneva.eu\/web\/wp-content\/uploads\/2021\/07\/8.0-10.0-mm-AAA-Golden-South-See-round-pearls-Bracelet-by-Sophy-Geneva-Yellow-Gold-18K.jpg","datePublished":"2021-07-16T01:54:40+00:00","dateModified":"2022-04-28T10:18:36+00:00","description":"Finest Collection of High-Quality Pearl Jewelry. Free & Fast Delivery. Expert Swiss Craftsmanship, Exceptional Quality, Unbeatable Prices, Stunning Collection, Beautiful Designs.","breadcrumb":{"@id":"https:\/\/www.sophygeneva.eu\/item\/aaa-quality-south-sea-golden-pearl-bracelets-8-5-10-mm\/#breadcrumb"},"inLanguage":"de-CH","potentialAction":[{"@type":"ReadAction","target":["https:\/\/www.sophygeneva.eu\/item\/aaa-quality-south-sea-golden-pearl-bracelets-8-5-10-mm\/"]}]},{"@type":"ImageObject","inLanguage":"de-CH","@id":"https:\/\/www.sophygeneva.eu\/item\/aaa-quality-south-sea-golden-pearl-bracelets-8-5-10-mm\/#primaryimage","url":"https:\/\/www.sophygeneva.eu\/web\/wp-content\/uploads\/2021\/07\/8.0-10.0-mm-AAA-Golden-South-See-round-pearls-Bracelet-by-Sophy-Geneva-Yellow-Gold-18K.jpg","contentUrl":"https:\/\/www.sophygeneva.eu\/web\/wp-content\/uploads\/2021\/07\/8.0-10.0-mm-AAA-Golden-South-See-round-pearls-Bracelet-by-Sophy-Geneva-Yellow-Gold-18K.jpg","width":1500,"height":1500},{"@type":"BreadcrumbList","@id":"https:\/\/www.sophygeneva.eu\/item\/aaa-quality-south-sea-golden-pearl-bracelets-8-5-10-mm\/#breadcrumb","itemListElement":[{"@type":"ListItem","position":1,"name":"Home","item":"https:\/\/www.sophygeneva.eu\/"},{"@type":"ListItem","position":2,"name":"Shop","item":"https:\/\/www.sophygeneva.eu\/shop\/"},{"@type":"ListItem","position":3,"name":"Women Jewelry","item":"https:\/\/www.sophygeneva.eu\/products\/women-jewelry\/"},{"@type":"ListItem","position":4,"name":"Sets","item":"https:\/\/www.sophygeneva.eu\/products\/women-jewelry\/sets\/"},{"@type":"ListItem","position":5,"name":"AAA Quality South Sea Golden Pearl Bracelets 8.5-10 mm"}]},{"@type":"WebSite","@id":"https:\/\/www.sophygeneva.eu\/ru\/#website","url":"https:\/\/www.sophygeneva.eu\/ru\/","name":"Sophy Geneva Jewellery","description":"Fine Gold, Diamond, Gems &amp; Watches - Online Swiss Store | Be Wise","publisher":{"@id":"https:\/\/www.sophygeneva.eu\/ru\/#organization"},"potentialAction":[{"@type":"SearchAction","target":{"@type":"EntryPoint","urlTemplate":"https:\/\/www.sophygeneva.eu\/ru\/?s={search_term_string}"},"query-input":{"@type":"PropertyValueSpecification","valueRequired":true,"valueName":"search_term_string"}}],"inLanguage":"de-CH"},{"@type":"Organization","@id":"https:\/\/www.sophygeneva.eu\/ru\/#organization","name":"Sophy Geneva","url":"https:\/\/www.sophygeneva.eu\/ru\/","logo":{"@type":"ImageObject","inLanguage":"de-CH","@id":"https:\/\/www.sophygeneva.eu\/ru\/#\/schema\/logo\/image\/","url":"https:\/\/www.sophygeneva.eu\/web\/wp-content\/uploads\/2021\/07\/sophy-geneva-logo-full.png","contentUrl":"https:\/\/www.sophygeneva.eu\/web\/wp-content\/uploads\/2021\/07\/sophy-geneva-logo-full.png","width":2525,"height":673,"caption":"Sophy Geneva"},"image":{"@id":"https:\/\/www.sophygeneva.eu\/ru\/#\/schema\/logo\/image\/"},"sameAs":["https:\/\/facebook.com\/sophygeneva","https:\/\/x.com\/sophygeneva","https:\/\/instagram.com\/sophygeneva","https:\/\/pinterest.com\/sophygeneva","https:\/\/www.youtube.com\/channel\/UCHd7DXSLnPG1SngLqMh4cAA"]}]},"product_brand":"Marina C by Sophy Geneva","product_price_amount":"3340.00","product_price_currency":"CHF","og_availability":"instock","product_availability":"instock","product_retailer_item_id":"SGB8.10SSPY-Y18k","product_condition":"new"},"jetpack_sharing_enabled":true,"jetpack-related-posts":[],"_links":{"self":[{"href":"https:\/\/www.sophygeneva.eu\/de\/wp-json\/wp\/v2\/product\/5091","targetHints":{"allow":["GET"]}}],"collection":[{"href":"https:\/\/www.sophygeneva.eu\/de\/wp-json\/wp\/v2\/product"}],"about":[{"href":"https:\/\/www.sophygeneva.eu\/de\/wp-json\/wp\/v2\/types\/product"}],"version-history":[{"count":1,"href":"https:\/\/www.sophygeneva.eu\/de\/wp-json\/wp\/v2\/product\/5091\/revisions"}],"predecessor-version":[{"id":5095,"href":"https:\/\/www.sophygeneva.eu\/de\/wp-json\/wp\/v2\/product\/5091\/revisions\/5095"}],"wp:featuredmedia":[{"embeddable":true,"href":"https:\/\/www.sophygeneva.eu\/de\/wp-json\/wp\/v2\/media\/5094"}],"wp:attachment":[{"href":"https:\/\/www.sophygeneva.eu\/de\/wp-json\/wp\/v2\/media?parent=5091"}],"wp:term":[{"taxonomy":"product_cat","embeddable":true,"href":"https:\/\/www.sophygeneva.eu\/de\/wp-json\/wp\/v2\/product_cat?post=5091"},{"taxonomy":"product_tag","embeddable":true,"href":"https:\/\/www.sophygeneva.eu\/de\/wp-json\/wp\/v2\/product_tag?post=5091"}],"curies":[{"name":"wp","href":"https:\/\/api.w.org\/{rel}","templated":true}]}}