{"id":4399,"date":"2021-07-11T13:57:06","date_gmt":"2021-07-11T11:57:06","guid":{"rendered":"https:\/\/www.sophygeneva.eu\/?post_type=product&#038;p=4399"},"modified":"2022-04-28T12:04:41","modified_gmt":"2022-04-28T10:04:41","slug":"lucky-clover-earrings-in-18k-white-gold","status":"publish","type":"product","link":"https:\/\/www.sophygeneva.eu\/de\/item\/lucky-clover-earrings-in-18k-white-gold\/","title":{"rendered":"Gl\u00fccksklee Ohrringe aus 750er Wei\u00dfgold"},"content":{"rendered":"","protected":false},"excerpt":{"rendered":"<p>Die seltene Perfektion eines vierbl\u00e4ttrigen Kleeblatts ist in diesem Gl\u00fccksohrring verkapselt! Ein zierlicher vierbl\u00e4ttriger Kleeblatt-Ohrring ist eine sch\u00f6ne Art, Gl\u00fcck mit Ihnen zu bringen, wohin Sie auch gehen, ein atemberaubendes Schmuckst\u00fcck, das das perfekte Geschenk f\u00fcr jeden besonderen Anlass oder einfach nur um sich selbst zu verw\u00f6hnen, Sie haben es sich verdient!<\/p>","protected":false},"featured_media":4401,"template":"","meta":[],"product_cat":[272,264],"product_tag":[48,52,386,317],"class_list":{"0":"post-4399","1":"product","2":"type-product","3":"status-publish","4":"has-post-thumbnail","6":"product_cat-earrings","7":"product_cat-exclusive-collections","8":"product_tag-18k-gold-jewellery","9":"product_tag-diamond-jewellery","10":"product_tag-white-diamond","11":"product_tag-white-gold","12":"pa_color-yellow-gold","13":"pa_estimated-time-of-dispatch-4-to-5-weeks","14":"pa_jewellery-art-earrings","15":"pa_jewellery-material-gold-18k-750","16":"pa_made-for-ladies","17":"pa_product-brand-fine-jewellery-by-sophy-geneva","18":"pa_product-gemstone-diamond","20":"first","21":"instock","22":"purchasable","23":"product-type-simple"},"yoast_head":"<!-- This site is optimized with the Yoast SEO Premium plugin v18.1 (Yoast SEO v24.1) - https:\/\/yoast.com\/wordpress\/plugins\/seo\/ -->\n<title>Lucky clover Earrings in 18k white-gold - Sophy Geneva Jewellery<\/title>\n<meta name=\"description\" content=\"The perfection of a four-leaf clover is encapsulated in this lucky necklace! Check out our Swiss Design lucky clover jewelry selection\" \/>\n<meta name=\"robots\" content=\"index, follow, max-snippet:-1, max-image-preview:large, max-video-preview:-1\" \/>\n<link rel=\"canonical\" href=\"https:\/\/www.sophygeneva.eu\/de\/item\/lucky-clover-earrings-in-18k-white-gold\/\" \/>\n<meta property=\"og:locale\" content=\"de_DE\" \/>\n<meta property=\"og:type\" content=\"article\" \/>\n<meta property=\"og:title\" content=\"Lucky clover Earrings in 18k white-gold - Sophy Geneva Jewellery\" \/>\n<meta property=\"og:description\" content=\"Sophy Geneva presents you its Iconic, Glamorous Fine jewelry &amp; watches. Discover our fabulous collections, with a possibility to Virtually try on. Let&#039;s shine\" \/>\n<meta property=\"og:url\" content=\"https:\/\/www.sophygeneva.eu\/de\/item\/lucky-clover-earrings-in-18k-white-gold\/\" \/>\n<meta property=\"og:site_name\" content=\"Sophy Geneva Jewellery\" \/>\n<meta property=\"article:publisher\" content=\"https:\/\/facebook.com\/sophygeneva\" \/>\n<meta property=\"article:modified_time\" content=\"2022-04-28T10:04:41+00:00\" \/>\n<meta property=\"og:image\" content=\"https:\/\/www.sophygeneva.eu\/web\/wp-content\/uploads\/2021\/07\/WP-E-112934-W-18K.png\" \/>\n\t<meta property=\"og:image:width\" content=\"930\" \/>\n\t<meta property=\"og:image:height\" content=\"1030\" \/>\n\t<meta property=\"og:image:type\" content=\"image\/png\" \/>\n<meta name=\"twitter:card\" content=\"summary_large_image\" \/>\n<meta name=\"twitter:site\" content=\"@sophygeneva\" \/>\n<meta name=\"twitter:label1\" content=\"Price\" \/>\n\t<meta name=\"twitter:data1\" content=\"&#067;&#072;&#070;&nbsp;790.00\" \/>\n\t<meta name=\"twitter:label2\" content=\"Availability\" \/>\n\t<meta name=\"twitter:data2\" content=\"In stock\" \/>\n<script type=\"application\/ld+json\" class=\"yoast-schema-graph\">{\"@context\":\"https:\/\/schema.org\",\"@graph\":[{\"@type\":[\"WebPage\",\"ItemPage\"],\"@id\":\"https:\/\/www.sophygeneva.eu\/item\/lucky-clover-earrings-in-18k-white-gold\/\",\"url\":\"https:\/\/www.sophygeneva.eu\/item\/lucky-clover-earrings-in-18k-white-gold\/\",\"name\":\"Lucky clover Earrings in 18k white-gold - Sophy Geneva Jewellery\",\"isPartOf\":{\"@id\":\"https:\/\/www.sophygeneva.eu\/ru\/#website\"},\"primaryImageOfPage\":{\"@id\":\"https:\/\/www.sophygeneva.eu\/item\/lucky-clover-earrings-in-18k-white-gold\/#primaryimage\"},\"image\":{\"@id\":\"https:\/\/www.sophygeneva.eu\/item\/lucky-clover-earrings-in-18k-white-gold\/#primaryimage\"},\"thumbnailUrl\":\"https:\/\/www.sophygeneva.eu\/web\/wp-content\/uploads\/2021\/07\/WP-E-112934-W-18K.png\",\"datePublished\":\"2021-07-11T11:57:06+00:00\",\"dateModified\":\"2022-04-28T10:04:41+00:00\",\"description\":\"The perfection of a four-leaf clover is encapsulated in this lucky necklace! Check out our Swiss Design lucky clover jewelry selection\",\"breadcrumb\":{\"@id\":\"https:\/\/www.sophygeneva.eu\/item\/lucky-clover-earrings-in-18k-white-gold\/#breadcrumb\"},\"inLanguage\":\"de-CH\",\"potentialAction\":[{\"@type\":\"ReadAction\",\"target\":[\"https:\/\/www.sophygeneva.eu\/item\/lucky-clover-earrings-in-18k-white-gold\/\"]}]},{\"@type\":\"ImageObject\",\"inLanguage\":\"de-CH\",\"@id\":\"https:\/\/www.sophygeneva.eu\/item\/lucky-clover-earrings-in-18k-white-gold\/#primaryimage\",\"url\":\"https:\/\/www.sophygeneva.eu\/web\/wp-content\/uploads\/2021\/07\/WP-E-112934-W-18K.png\",\"contentUrl\":\"https:\/\/www.sophygeneva.eu\/web\/wp-content\/uploads\/2021\/07\/WP-E-112934-W-18K.png\",\"width\":930,\"height\":1030},{\"@type\":\"BreadcrumbList\",\"@id\":\"https:\/\/www.sophygeneva.eu\/item\/lucky-clover-earrings-in-18k-white-gold\/#breadcrumb\",\"itemListElement\":[{\"@type\":\"ListItem\",\"position\":1,\"name\":\"Home\",\"item\":\"https:\/\/www.sophygeneva.eu\/\"},{\"@type\":\"ListItem\",\"position\":2,\"name\":\"Shop\",\"item\":\"https:\/\/www.sophygeneva.eu\/shop\/\"},{\"@type\":\"ListItem\",\"position\":3,\"name\":\"Women Jewelry\",\"item\":\"https:\/\/www.sophygeneva.eu\/products\/women-jewelry\/\"},{\"@type\":\"ListItem\",\"position\":4,\"name\":\"Earrings\",\"item\":\"https:\/\/www.sophygeneva.eu\/products\/women-jewelry\/earrings\/\"},{\"@type\":\"ListItem\",\"position\":5,\"name\":\"Lucky clover Earrings in 18k white-gold\"}]},{\"@type\":\"WebSite\",\"@id\":\"https:\/\/www.sophygeneva.eu\/ru\/#website\",\"url\":\"https:\/\/www.sophygeneva.eu\/ru\/\",\"name\":\"Sophy Geneva Jewellery\",\"description\":\"Fine Gold, Diamond, Gems &amp; Watches - Online Swiss Store | Be Wise\",\"publisher\":{\"@id\":\"https:\/\/www.sophygeneva.eu\/ru\/#organization\"},\"potentialAction\":[{\"@type\":\"SearchAction\",\"target\":{\"@type\":\"EntryPoint\",\"urlTemplate\":\"https:\/\/www.sophygeneva.eu\/ru\/?s={search_term_string}\"},\"query-input\":{\"@type\":\"PropertyValueSpecification\",\"valueRequired\":true,\"valueName\":\"search_term_string\"}}],\"inLanguage\":\"de-CH\"},{\"@type\":\"Organization\",\"@id\":\"https:\/\/www.sophygeneva.eu\/ru\/#organization\",\"name\":\"Sophy Geneva\",\"url\":\"https:\/\/www.sophygeneva.eu\/ru\/\",\"logo\":{\"@type\":\"ImageObject\",\"inLanguage\":\"de-CH\",\"@id\":\"https:\/\/www.sophygeneva.eu\/ru\/#\/schema\/logo\/image\/\",\"url\":\"https:\/\/www.sophygeneva.eu\/web\/wp-content\/uploads\/2021\/07\/sophy-geneva-logo-full.png\",\"contentUrl\":\"https:\/\/www.sophygeneva.eu\/web\/wp-content\/uploads\/2021\/07\/sophy-geneva-logo-full.png\",\"width\":2525,\"height\":673,\"caption\":\"Sophy Geneva\"},\"image\":{\"@id\":\"https:\/\/www.sophygeneva.eu\/ru\/#\/schema\/logo\/image\/\"},\"sameAs\":[\"https:\/\/facebook.com\/sophygeneva\",\"https:\/\/x.com\/sophygeneva\",\"https:\/\/instagram.com\/sophygeneva\",\"https:\/\/pinterest.com\/sophygeneva\",\"https:\/\/www.youtube.com\/channel\/UCHd7DXSLnPG1SngLqMh4cAA\"]}]}<\/script>\n<meta property=\"product:brand\" content=\"Fine Jewellery by Sophy Geneva\" \/>\n<meta property=\"product:price:amount\" content=\"790.00\" \/>\n<meta property=\"product:price:currency\" content=\"CHF\" \/>\n<meta property=\"og:availability\" content=\"instock\" \/>\n<meta property=\"product:availability\" content=\"instock\" \/>\n<meta property=\"product:retailer_item_id\" content=\"WPE112934-W18\" \/>\n<meta property=\"product:condition\" content=\"new\" \/>\n<!-- \/ Yoast SEO Premium plugin. -->","yoast_head_json":{"title":"Lucky clover Earrings in 18k white-gold - Sophy Geneva Jewellery","description":"The perfection of a four-leaf clover is encapsulated in this lucky necklace! Check out our Swiss Design lucky clover jewelry selection","robots":{"index":"index","follow":"follow","max-snippet":"max-snippet:-1","max-image-preview":"max-image-preview:large","max-video-preview":"max-video-preview:-1"},"canonical":"https:\/\/www.sophygeneva.eu\/de\/item\/lucky-clover-earrings-in-18k-white-gold\/","og_locale":"de_DE","og_type":"article","og_title":"Lucky clover Earrings in 18k white-gold - Sophy Geneva Jewellery","og_description":"Sophy Geneva presents you its Iconic, Glamorous Fine jewelry & watches. Discover our fabulous collections, with a possibility to Virtually try on. Let's shine","og_url":"https:\/\/www.sophygeneva.eu\/de\/item\/lucky-clover-earrings-in-18k-white-gold\/","og_site_name":"Sophy Geneva Jewellery","article_publisher":"https:\/\/facebook.com\/sophygeneva","article_modified_time":"2022-04-28T10:04:41+00:00","og_image":[{"width":930,"height":1030,"url":"https:\/\/www.sophygeneva.eu\/web\/wp-content\/uploads\/2021\/07\/WP-E-112934-W-18K.png","type":"image\/png"}],"twitter_card":"summary_large_image","twitter_site":"@sophygeneva","twitter_misc":{"Price":"&#67;&#72;&#70;&nbsp;790.00","Availability":"In stock"},"schema":{"@context":"https:\/\/schema.org","@graph":[{"@type":["WebPage","ItemPage"],"@id":"https:\/\/www.sophygeneva.eu\/item\/lucky-clover-earrings-in-18k-white-gold\/","url":"https:\/\/www.sophygeneva.eu\/item\/lucky-clover-earrings-in-18k-white-gold\/","name":"Lucky clover Earrings in 18k white-gold - Sophy Geneva Jewellery","isPartOf":{"@id":"https:\/\/www.sophygeneva.eu\/ru\/#website"},"primaryImageOfPage":{"@id":"https:\/\/www.sophygeneva.eu\/item\/lucky-clover-earrings-in-18k-white-gold\/#primaryimage"},"image":{"@id":"https:\/\/www.sophygeneva.eu\/item\/lucky-clover-earrings-in-18k-white-gold\/#primaryimage"},"thumbnailUrl":"https:\/\/www.sophygeneva.eu\/web\/wp-content\/uploads\/2021\/07\/WP-E-112934-W-18K.png","datePublished":"2021-07-11T11:57:06+00:00","dateModified":"2022-04-28T10:04:41+00:00","description":"The perfection of a four-leaf clover is encapsulated in this lucky necklace! Check out our Swiss Design lucky clover jewelry selection","breadcrumb":{"@id":"https:\/\/www.sophygeneva.eu\/item\/lucky-clover-earrings-in-18k-white-gold\/#breadcrumb"},"inLanguage":"de-CH","potentialAction":[{"@type":"ReadAction","target":["https:\/\/www.sophygeneva.eu\/item\/lucky-clover-earrings-in-18k-white-gold\/"]}]},{"@type":"ImageObject","inLanguage":"de-CH","@id":"https:\/\/www.sophygeneva.eu\/item\/lucky-clover-earrings-in-18k-white-gold\/#primaryimage","url":"https:\/\/www.sophygeneva.eu\/web\/wp-content\/uploads\/2021\/07\/WP-E-112934-W-18K.png","contentUrl":"https:\/\/www.sophygeneva.eu\/web\/wp-content\/uploads\/2021\/07\/WP-E-112934-W-18K.png","width":930,"height":1030},{"@type":"BreadcrumbList","@id":"https:\/\/www.sophygeneva.eu\/item\/lucky-clover-earrings-in-18k-white-gold\/#breadcrumb","itemListElement":[{"@type":"ListItem","position":1,"name":"Home","item":"https:\/\/www.sophygeneva.eu\/"},{"@type":"ListItem","position":2,"name":"Shop","item":"https:\/\/www.sophygeneva.eu\/shop\/"},{"@type":"ListItem","position":3,"name":"Women Jewelry","item":"https:\/\/www.sophygeneva.eu\/products\/women-jewelry\/"},{"@type":"ListItem","position":4,"name":"Earrings","item":"https:\/\/www.sophygeneva.eu\/products\/women-jewelry\/earrings\/"},{"@type":"ListItem","position":5,"name":"Lucky clover Earrings in 18k white-gold"}]},{"@type":"WebSite","@id":"https:\/\/www.sophygeneva.eu\/ru\/#website","url":"https:\/\/www.sophygeneva.eu\/ru\/","name":"Sophy Geneva Jewellery","description":"Fine Gold, Diamond, Gems &amp; Watches - Online Swiss Store | Be Wise","publisher":{"@id":"https:\/\/www.sophygeneva.eu\/ru\/#organization"},"potentialAction":[{"@type":"SearchAction","target":{"@type":"EntryPoint","urlTemplate":"https:\/\/www.sophygeneva.eu\/ru\/?s={search_term_string}"},"query-input":{"@type":"PropertyValueSpecification","valueRequired":true,"valueName":"search_term_string"}}],"inLanguage":"de-CH"},{"@type":"Organization","@id":"https:\/\/www.sophygeneva.eu\/ru\/#organization","name":"Sophy Geneva","url":"https:\/\/www.sophygeneva.eu\/ru\/","logo":{"@type":"ImageObject","inLanguage":"de-CH","@id":"https:\/\/www.sophygeneva.eu\/ru\/#\/schema\/logo\/image\/","url":"https:\/\/www.sophygeneva.eu\/web\/wp-content\/uploads\/2021\/07\/sophy-geneva-logo-full.png","contentUrl":"https:\/\/www.sophygeneva.eu\/web\/wp-content\/uploads\/2021\/07\/sophy-geneva-logo-full.png","width":2525,"height":673,"caption":"Sophy Geneva"},"image":{"@id":"https:\/\/www.sophygeneva.eu\/ru\/#\/schema\/logo\/image\/"},"sameAs":["https:\/\/facebook.com\/sophygeneva","https:\/\/x.com\/sophygeneva","https:\/\/instagram.com\/sophygeneva","https:\/\/pinterest.com\/sophygeneva","https:\/\/www.youtube.com\/channel\/UCHd7DXSLnPG1SngLqMh4cAA"]}]},"product_brand":"Fine Jewellery by Sophy Geneva","product_price_amount":"790.00","product_price_currency":"CHF","og_availability":"instock","product_availability":"instock","product_retailer_item_id":"WPE112934-W18","product_condition":"new"},"jetpack_sharing_enabled":true,"jetpack-related-posts":[],"_links":{"self":[{"href":"https:\/\/www.sophygeneva.eu\/de\/wp-json\/wp\/v2\/product\/4399","targetHints":{"allow":["GET"]}}],"collection":[{"href":"https:\/\/www.sophygeneva.eu\/de\/wp-json\/wp\/v2\/product"}],"about":[{"href":"https:\/\/www.sophygeneva.eu\/de\/wp-json\/wp\/v2\/types\/product"}],"version-history":[{"count":2,"href":"https:\/\/www.sophygeneva.eu\/de\/wp-json\/wp\/v2\/product\/4399\/revisions"}],"predecessor-version":[{"id":4406,"href":"https:\/\/www.sophygeneva.eu\/de\/wp-json\/wp\/v2\/product\/4399\/revisions\/4406"}],"wp:featuredmedia":[{"embeddable":true,"href":"https:\/\/www.sophygeneva.eu\/de\/wp-json\/wp\/v2\/media\/4401"}],"wp:attachment":[{"href":"https:\/\/www.sophygeneva.eu\/de\/wp-json\/wp\/v2\/media?parent=4399"}],"wp:term":[{"taxonomy":"product_cat","embeddable":true,"href":"https:\/\/www.sophygeneva.eu\/de\/wp-json\/wp\/v2\/product_cat?post=4399"},{"taxonomy":"product_tag","embeddable":true,"href":"https:\/\/www.sophygeneva.eu\/de\/wp-json\/wp\/v2\/product_tag?post=4399"}],"curies":[{"name":"wp","href":"https:\/\/api.w.org\/{rel}","templated":true}]}}