{"id":3723,"date":"2021-07-03T04:31:06","date_gmt":"2021-07-03T02:31:06","guid":{"rendered":"https:\/\/www.sophygeneva.eu\/?post_type=product&#038;p=3723"},"modified":"2022-05-01T00:15:39","modified_gmt":"2022-04-30T22:15:39","slug":"stunning-princess-cut-genuine-pink-sapphire-earrings","status":"publish","type":"product","link":"https:\/\/www.sophygeneva.eu\/de\/item\/stunning-princess-cut-genuine-pink-sapphire-earrings\/","title":{"rendered":"Atemberaubende echte rosa Saphir-Ohrringe im Prinzessschliff"},"content":{"rendered":"","protected":false},"excerpt":{"rendered":"<p>Atemberaubende echte rosa Saphir-Ohrringe sind aus hochwertigen Edelsteinen und feiner Handwerkskunst hergestellt, mit 18 Karat Wei\u00dfgold, um Ihren Tag oder Ihre Veranstaltungen mit wundersch\u00f6nen Farben aufzuhellen, erh\u00e4ltlich auch in Blau, Gr\u00fcn und Gelb, Sophy Geneva Schmuck wird aus echtem, nat\u00fcrlichem, nicht erhitztem Saphir hergestellt, daher ist diese Farbe die wahre Farbe, die ewig halten wird.<\/p>\n<p>Dies sind nat\u00fcrliche blaue Saphire, die genau so verkauft werden, wie sie von Mutter Natur abgebaut \/ produziert wurden. Diese Saphire werden nur vom Menschen facettiert, aber ihre nat\u00fcrliche Sch\u00f6nheit und Eigenschaften werden in keiner Weise verbessert. Bei Sophy Geneva haben wir nur den besten nat\u00fcrlichen Saphir.<\/p>","protected":false},"featured_media":3681,"template":"","meta":[],"product_cat":[272,264],"product_tag":[48,364,353,317],"class_list":{"0":"post-3723","1":"product","2":"type-product","3":"status-publish","4":"has-post-thumbnail","6":"product_cat-earrings","7":"product_cat-exclusive-collections","8":"product_tag-18k-gold-jewellery","9":"product_tag-pink-sapphire","10":"product_tag-solitaire-earrings","11":"product_tag-white-gold","12":"pa_color-white-gold","13":"pa_estimated-time-of-dispatch-2-3-days","14":"pa_jewellery-art-earrings","15":"pa_jewellery-material-gold-18k-750","16":"pa_made-for-ladies","17":"pa_product-brand-fine-jewellery-by-sophy-geneva","18":"pa_product-color-product-color-pink","19":"pa_product-cut-styles-round-diamonds","20":"pa_product-gemstone-pink-sapphire","21":"pa_solitaire-solitaire-earring","22":"pa_solitaire-diamond-carat-5-mm","24":"first","25":"instock","26":"taxable","27":"shipping-taxable","28":"purchasable","29":"product-type-simple"},"yoast_head":"<!-- This site is optimized with the Yoast SEO Premium plugin v18.1 (Yoast SEO v24.1) - https:\/\/yoast.com\/wordpress\/plugins\/seo\/ -->\n<title>Stunning princess cut genuine pink Sapphire earrings - Sophy Geneva Jewellery<\/title>\n<meta name=\"description\" content=\"Glamorous Iconic Fine jewelry &amp; watches. Discover our fabulous collections, with a possibility to Virtually try on.\" \/>\n<meta name=\"robots\" content=\"index, follow, max-snippet:-1, max-image-preview:large, max-video-preview:-1\" \/>\n<link rel=\"canonical\" href=\"https:\/\/www.sophygeneva.eu\/de\/item\/stunning-princess-cut-genuine-pink-sapphire-earrings\/\" \/>\n<meta property=\"og:locale\" content=\"de_DE\" \/>\n<meta property=\"og:type\" content=\"article\" \/>\n<meta property=\"og:title\" content=\"Stunning princess cut genuine pink Sapphire earrings - Sophy Geneva Jewellery\" \/>\n<meta property=\"og:description\" content=\"Sophy Geneva presents you its Iconic, Glamorous Fine jewelry &amp; watches. Discover our fabulous collections, with a possibility to Virtually try on. Let&#039;s shine\" \/>\n<meta property=\"og:url\" content=\"https:\/\/www.sophygeneva.eu\/de\/item\/stunning-princess-cut-genuine-pink-sapphire-earrings\/\" \/>\n<meta property=\"og:site_name\" content=\"Sophy Geneva Jewellery\" \/>\n<meta property=\"article:publisher\" content=\"https:\/\/facebook.com\/sophygeneva\" \/>\n<meta property=\"article:modified_time\" content=\"2022-04-30T22:15:39+00:00\" \/>\n<meta property=\"og:image\" content=\"https:\/\/www.sophygeneva.eu\/web\/wp-content\/uploads\/2021\/07\/Sophy-Geneva-pink-sapphire-Square-cut-solitaire-white-18k-Gold-Basket-Stud-Earrings.jpg\" \/>\n\t<meta property=\"og:image:width\" content=\"666\" \/>\n\t<meta property=\"og:image:height\" content=\"666\" \/>\n\t<meta property=\"og:image:type\" content=\"image\/jpeg\" \/>\n<meta name=\"twitter:card\" content=\"summary_large_image\" \/>\n<meta name=\"twitter:site\" content=\"@sophygeneva\" \/>\n<meta name=\"twitter:label1\" content=\"Price\" \/>\n\t<meta name=\"twitter:data1\" content=\"&#067;&#072;&#070;&nbsp;595.00 Incl. Tax\" \/>\n\t<meta name=\"twitter:label2\" content=\"Availability\" \/>\n\t<meta name=\"twitter:data2\" content=\"In stock\" \/>\n<script type=\"application\/ld+json\" class=\"yoast-schema-graph\">{\"@context\":\"https:\/\/schema.org\",\"@graph\":[{\"@type\":[\"WebPage\",\"ItemPage\"],\"@id\":\"https:\/\/www.sophygeneva.eu\/item\/stunning-princess-cut-genuine-pink-sapphire-earrings\/\",\"url\":\"https:\/\/www.sophygeneva.eu\/item\/stunning-princess-cut-genuine-pink-sapphire-earrings\/\",\"name\":\"Stunning princess cut genuine pink Sapphire earrings - Sophy Geneva Jewellery\",\"isPartOf\":{\"@id\":\"https:\/\/www.sophygeneva.eu\/ru\/#website\"},\"primaryImageOfPage\":{\"@id\":\"https:\/\/www.sophygeneva.eu\/item\/stunning-princess-cut-genuine-pink-sapphire-earrings\/#primaryimage\"},\"image\":{\"@id\":\"https:\/\/www.sophygeneva.eu\/item\/stunning-princess-cut-genuine-pink-sapphire-earrings\/#primaryimage\"},\"thumbnailUrl\":\"https:\/\/www.sophygeneva.eu\/web\/wp-content\/uploads\/2021\/07\/Sophy-Geneva-pink-sapphire-Square-cut-solitaire-white-18k-Gold-Basket-Stud-Earrings.jpg\",\"datePublished\":\"2021-07-03T02:31:06+00:00\",\"dateModified\":\"2022-04-30T22:15:39+00:00\",\"description\":\"Glamorous Iconic Fine jewelry & watches. Discover our fabulous collections, with a possibility to Virtually try on.\",\"breadcrumb\":{\"@id\":\"https:\/\/www.sophygeneva.eu\/item\/stunning-princess-cut-genuine-pink-sapphire-earrings\/#breadcrumb\"},\"inLanguage\":\"de-CH\",\"potentialAction\":[{\"@type\":\"ReadAction\",\"target\":[\"https:\/\/www.sophygeneva.eu\/item\/stunning-princess-cut-genuine-pink-sapphire-earrings\/\"]}]},{\"@type\":\"ImageObject\",\"inLanguage\":\"de-CH\",\"@id\":\"https:\/\/www.sophygeneva.eu\/item\/stunning-princess-cut-genuine-pink-sapphire-earrings\/#primaryimage\",\"url\":\"https:\/\/www.sophygeneva.eu\/web\/wp-content\/uploads\/2021\/07\/Sophy-Geneva-pink-sapphire-Square-cut-solitaire-white-18k-Gold-Basket-Stud-Earrings.jpg\",\"contentUrl\":\"https:\/\/www.sophygeneva.eu\/web\/wp-content\/uploads\/2021\/07\/Sophy-Geneva-pink-sapphire-Square-cut-solitaire-white-18k-Gold-Basket-Stud-Earrings.jpg\",\"width\":666,\"height\":666},{\"@type\":\"BreadcrumbList\",\"@id\":\"https:\/\/www.sophygeneva.eu\/item\/stunning-princess-cut-genuine-pink-sapphire-earrings\/#breadcrumb\",\"itemListElement\":[{\"@type\":\"ListItem\",\"position\":1,\"name\":\"Home\",\"item\":\"https:\/\/www.sophygeneva.eu\/\"},{\"@type\":\"ListItem\",\"position\":2,\"name\":\"Shop\",\"item\":\"https:\/\/www.sophygeneva.eu\/shop\/\"},{\"@type\":\"ListItem\",\"position\":3,\"name\":\"Exclusive Collections\",\"item\":\"https:\/\/www.sophygeneva.eu\/en\/products\/exclusive-collections\/\"},{\"@type\":\"ListItem\",\"position\":4,\"name\":\"Stunning princess cut genuine pink Sapphire earrings\"}]},{\"@type\":\"WebSite\",\"@id\":\"https:\/\/www.sophygeneva.eu\/ru\/#website\",\"url\":\"https:\/\/www.sophygeneva.eu\/ru\/\",\"name\":\"Sophy Geneva Jewellery\",\"description\":\"Fine Gold, Diamond, Gems &amp; Watches - Online Swiss Store | Be Wise\",\"publisher\":{\"@id\":\"https:\/\/www.sophygeneva.eu\/ru\/#organization\"},\"potentialAction\":[{\"@type\":\"SearchAction\",\"target\":{\"@type\":\"EntryPoint\",\"urlTemplate\":\"https:\/\/www.sophygeneva.eu\/ru\/?s={search_term_string}\"},\"query-input\":{\"@type\":\"PropertyValueSpecification\",\"valueRequired\":true,\"valueName\":\"search_term_string\"}}],\"inLanguage\":\"de-CH\"},{\"@type\":\"Organization\",\"@id\":\"https:\/\/www.sophygeneva.eu\/ru\/#organization\",\"name\":\"Sophy Geneva\",\"url\":\"https:\/\/www.sophygeneva.eu\/ru\/\",\"logo\":{\"@type\":\"ImageObject\",\"inLanguage\":\"de-CH\",\"@id\":\"https:\/\/www.sophygeneva.eu\/ru\/#\/schema\/logo\/image\/\",\"url\":\"https:\/\/www.sophygeneva.eu\/web\/wp-content\/uploads\/2021\/07\/sophy-geneva-logo-full.png\",\"contentUrl\":\"https:\/\/www.sophygeneva.eu\/web\/wp-content\/uploads\/2021\/07\/sophy-geneva-logo-full.png\",\"width\":2525,\"height\":673,\"caption\":\"Sophy Geneva\"},\"image\":{\"@id\":\"https:\/\/www.sophygeneva.eu\/ru\/#\/schema\/logo\/image\/\"},\"sameAs\":[\"https:\/\/facebook.com\/sophygeneva\",\"https:\/\/x.com\/sophygeneva\",\"https:\/\/instagram.com\/sophygeneva\",\"https:\/\/pinterest.com\/sophygeneva\",\"https:\/\/www.youtube.com\/channel\/UCHd7DXSLnPG1SngLqMh4cAA\"]}]}<\/script>\n<meta property=\"product:brand\" content=\"Fine Jewellery by Sophy Geneva\" \/>\n<meta property=\"product:price:amount\" content=\"595.00\" \/>\n<meta property=\"product:price:currency\" content=\"CHF\" \/>\n<meta property=\"og:availability\" content=\"instock\" \/>\n<meta property=\"product:availability\" content=\"instock\" \/>\n<meta property=\"product:retailer_item_id\" content=\"ER23789-W18SG\" \/>\n<meta property=\"product:condition\" content=\"new\" \/>\n<!-- \/ Yoast SEO Premium plugin. -->","yoast_head_json":{"title":"Stunning princess cut genuine pink Sapphire earrings - Sophy Geneva Jewellery","description":"Glamorous Iconic Fine jewelry & watches. Discover our fabulous collections, with a possibility to Virtually try on.","robots":{"index":"index","follow":"follow","max-snippet":"max-snippet:-1","max-image-preview":"max-image-preview:large","max-video-preview":"max-video-preview:-1"},"canonical":"https:\/\/www.sophygeneva.eu\/de\/item\/stunning-princess-cut-genuine-pink-sapphire-earrings\/","og_locale":"de_DE","og_type":"article","og_title":"Stunning princess cut genuine pink Sapphire earrings - Sophy Geneva Jewellery","og_description":"Sophy Geneva presents you its Iconic, Glamorous Fine jewelry & watches. Discover our fabulous collections, with a possibility to Virtually try on. Let's shine","og_url":"https:\/\/www.sophygeneva.eu\/de\/item\/stunning-princess-cut-genuine-pink-sapphire-earrings\/","og_site_name":"Sophy Geneva Jewellery","article_publisher":"https:\/\/facebook.com\/sophygeneva","article_modified_time":"2022-04-30T22:15:39+00:00","og_image":[{"width":666,"height":666,"url":"https:\/\/www.sophygeneva.eu\/web\/wp-content\/uploads\/2021\/07\/Sophy-Geneva-pink-sapphire-Square-cut-solitaire-white-18k-Gold-Basket-Stud-Earrings.jpg","type":"image\/jpeg"}],"twitter_card":"summary_large_image","twitter_site":"@sophygeneva","twitter_misc":{"Price":"&#67;&#72;&#70;&nbsp;595.00 Incl. Tax","Availability":"In stock"},"schema":{"@context":"https:\/\/schema.org","@graph":[{"@type":["WebPage","ItemPage"],"@id":"https:\/\/www.sophygeneva.eu\/item\/stunning-princess-cut-genuine-pink-sapphire-earrings\/","url":"https:\/\/www.sophygeneva.eu\/item\/stunning-princess-cut-genuine-pink-sapphire-earrings\/","name":"Stunning princess cut genuine pink Sapphire earrings - Sophy Geneva Jewellery","isPartOf":{"@id":"https:\/\/www.sophygeneva.eu\/ru\/#website"},"primaryImageOfPage":{"@id":"https:\/\/www.sophygeneva.eu\/item\/stunning-princess-cut-genuine-pink-sapphire-earrings\/#primaryimage"},"image":{"@id":"https:\/\/www.sophygeneva.eu\/item\/stunning-princess-cut-genuine-pink-sapphire-earrings\/#primaryimage"},"thumbnailUrl":"https:\/\/www.sophygeneva.eu\/web\/wp-content\/uploads\/2021\/07\/Sophy-Geneva-pink-sapphire-Square-cut-solitaire-white-18k-Gold-Basket-Stud-Earrings.jpg","datePublished":"2021-07-03T02:31:06+00:00","dateModified":"2022-04-30T22:15:39+00:00","description":"Glamorous Iconic Fine jewelry & watches. Discover our fabulous collections, with a possibility to Virtually try on.","breadcrumb":{"@id":"https:\/\/www.sophygeneva.eu\/item\/stunning-princess-cut-genuine-pink-sapphire-earrings\/#breadcrumb"},"inLanguage":"de-CH","potentialAction":[{"@type":"ReadAction","target":["https:\/\/www.sophygeneva.eu\/item\/stunning-princess-cut-genuine-pink-sapphire-earrings\/"]}]},{"@type":"ImageObject","inLanguage":"de-CH","@id":"https:\/\/www.sophygeneva.eu\/item\/stunning-princess-cut-genuine-pink-sapphire-earrings\/#primaryimage","url":"https:\/\/www.sophygeneva.eu\/web\/wp-content\/uploads\/2021\/07\/Sophy-Geneva-pink-sapphire-Square-cut-solitaire-white-18k-Gold-Basket-Stud-Earrings.jpg","contentUrl":"https:\/\/www.sophygeneva.eu\/web\/wp-content\/uploads\/2021\/07\/Sophy-Geneva-pink-sapphire-Square-cut-solitaire-white-18k-Gold-Basket-Stud-Earrings.jpg","width":666,"height":666},{"@type":"BreadcrumbList","@id":"https:\/\/www.sophygeneva.eu\/item\/stunning-princess-cut-genuine-pink-sapphire-earrings\/#breadcrumb","itemListElement":[{"@type":"ListItem","position":1,"name":"Home","item":"https:\/\/www.sophygeneva.eu\/"},{"@type":"ListItem","position":2,"name":"Shop","item":"https:\/\/www.sophygeneva.eu\/shop\/"},{"@type":"ListItem","position":3,"name":"Exclusive Collections","item":"https:\/\/www.sophygeneva.eu\/en\/products\/exclusive-collections\/"},{"@type":"ListItem","position":4,"name":"Stunning princess cut genuine pink Sapphire earrings"}]},{"@type":"WebSite","@id":"https:\/\/www.sophygeneva.eu\/ru\/#website","url":"https:\/\/www.sophygeneva.eu\/ru\/","name":"Sophy Geneva Jewellery","description":"Fine Gold, Diamond, Gems &amp; Watches - Online Swiss Store | Be Wise","publisher":{"@id":"https:\/\/www.sophygeneva.eu\/ru\/#organization"},"potentialAction":[{"@type":"SearchAction","target":{"@type":"EntryPoint","urlTemplate":"https:\/\/www.sophygeneva.eu\/ru\/?s={search_term_string}"},"query-input":{"@type":"PropertyValueSpecification","valueRequired":true,"valueName":"search_term_string"}}],"inLanguage":"de-CH"},{"@type":"Organization","@id":"https:\/\/www.sophygeneva.eu\/ru\/#organization","name":"Sophy Geneva","url":"https:\/\/www.sophygeneva.eu\/ru\/","logo":{"@type":"ImageObject","inLanguage":"de-CH","@id":"https:\/\/www.sophygeneva.eu\/ru\/#\/schema\/logo\/image\/","url":"https:\/\/www.sophygeneva.eu\/web\/wp-content\/uploads\/2021\/07\/sophy-geneva-logo-full.png","contentUrl":"https:\/\/www.sophygeneva.eu\/web\/wp-content\/uploads\/2021\/07\/sophy-geneva-logo-full.png","width":2525,"height":673,"caption":"Sophy Geneva"},"image":{"@id":"https:\/\/www.sophygeneva.eu\/ru\/#\/schema\/logo\/image\/"},"sameAs":["https:\/\/facebook.com\/sophygeneva","https:\/\/x.com\/sophygeneva","https:\/\/instagram.com\/sophygeneva","https:\/\/pinterest.com\/sophygeneva","https:\/\/www.youtube.com\/channel\/UCHd7DXSLnPG1SngLqMh4cAA"]}]},"product_brand":"Fine Jewellery by Sophy Geneva","product_price_amount":"595.00","product_price_currency":"CHF","og_availability":"instock","product_availability":"instock","product_retailer_item_id":"ER23789-W18SG","product_condition":"new"},"jetpack_sharing_enabled":true,"jetpack-related-posts":[],"_links":{"self":[{"href":"https:\/\/www.sophygeneva.eu\/de\/wp-json\/wp\/v2\/product\/3723","targetHints":{"allow":["GET"]}}],"collection":[{"href":"https:\/\/www.sophygeneva.eu\/de\/wp-json\/wp\/v2\/product"}],"about":[{"href":"https:\/\/www.sophygeneva.eu\/de\/wp-json\/wp\/v2\/types\/product"}],"version-history":[{"count":2,"href":"https:\/\/www.sophygeneva.eu\/de\/wp-json\/wp\/v2\/product\/3723\/revisions"}],"predecessor-version":[{"id":3757,"href":"https:\/\/www.sophygeneva.eu\/de\/wp-json\/wp\/v2\/product\/3723\/revisions\/3757"}],"wp:featuredmedia":[{"embeddable":true,"href":"https:\/\/www.sophygeneva.eu\/de\/wp-json\/wp\/v2\/media\/3681"}],"wp:attachment":[{"href":"https:\/\/www.sophygeneva.eu\/de\/wp-json\/wp\/v2\/media?parent=3723"}],"wp:term":[{"taxonomy":"product_cat","embeddable":true,"href":"https:\/\/www.sophygeneva.eu\/de\/wp-json\/wp\/v2\/product_cat?post=3723"},{"taxonomy":"product_tag","embeddable":true,"href":"https:\/\/www.sophygeneva.eu\/de\/wp-json\/wp\/v2\/product_tag?post=3723"}],"curies":[{"name":"wp","href":"https:\/\/api.w.org\/{rel}","templated":true}]}}