{"id":15625,"date":"2022-03-13T23:34:03","date_gmt":"2022-03-13T22:34:03","guid":{"rendered":"https:\/\/www.sophygeneva.eu\/?post_type=product&#038;p=15625"},"modified":"2022-05-01T22:35:02","modified_gmt":"2022-05-01T20:35:02","slug":"new-exclusive-solitaire-earrings-0-20cts-white-diamond-in18k-white-gold","status":"publish","type":"product","link":"https:\/\/www.sophygeneva.eu\/de\/item\/new-exclusive-solitaire-earrings-0-20cts-white-diamond-in18k-white-gold\/","title":{"rendered":"Neu exklusiv: Solit\u00e4r-Ohrringe 0,20 Karat wei\u00dfer Diamant in 18 Karat Wei\u00dfgold."},"content":{"rendered":"","protected":false},"excerpt":{"rendered":"<p><span style=\"font-family: 'times new roman', times, serif;\">Die Sophy Geneva Exclusive Solitaire Ohrstecker sind eine moderne Interpretation eines zeitlosen Stils.<span style=\"color: #ffffff;\"> <span style=\"background-color: #ff0000;\">Bester Preis garantiert<\/span>\u00a0<\/span><\/span><br \/>\n<span style=\"font-family: 'times new roman', times, serif;\">Eine besondere Kombination aus <span style=\"background-color: #999999; color: #ffffff;\">Wei\u00dfer Diamant in 18 Karat Wei\u00dfgold<\/span>\u00a0Rahmen f\u00fcr eine extreme Eleganz<\/span><br \/>\n<span style=\"font-family: 'times new roman', times, serif;\">Unsere raffinierte Fassung wurde entwickelt, um eine elegante Silhouette zu schaffen, und zieht absichtlich Licht aus allen Winkeln ein, um die Brillanz Ihres Diamanten hervorzuheben.<\/span><\/p>","protected":false},"featured_media":15616,"template":"","meta":[],"product_cat":[272,264],"product_tag":[48,52,353,386,1652],"class_list":{"0":"post-15625","1":"product","2":"type-product","3":"status-publish","4":"has-post-thumbnail","6":"product_cat-earrings","7":"product_cat-exclusive-collections","8":"product_tag-18k-gold-jewellery","9":"product_tag-diamond-jewellery","10":"product_tag-solitaire-earrings","11":"product_tag-white-diamond","12":"product_tag-yellow-diamond","13":"pa_color-white-gold","14":"pa_earrings-type-style-stud-earrings","15":"pa_jewellery-art-earrings","16":"pa_jewellery-material-gold-18k-750","17":"pa_made-for-ladies","18":"pa_product-brand-fine-jewellery-by-sophy-geneva","19":"pa_product-clarity-vs","20":"pa_product-color-product-color-white","21":"pa_product-cut-styles-round-diamonds","22":"pa_product-gemstone-diamond","23":"pa_solitaire-solitaire-earring","24":"pa_solitaire-diamond-carat-0-20-ct","26":"first","27":"instock","28":"taxable","29":"shipping-taxable","30":"purchasable","31":"product-type-simple"},"yoast_head":"<!-- This site is optimized with the Yoast SEO Premium plugin v18.1 (Yoast SEO v24.1) - https:\/\/yoast.com\/wordpress\/plugins\/seo\/ -->\n<title>New exclusive: Solitaire Earrings 0.20cts White Diamond in18K White Gold. - Sophy Geneva Jewellery<\/title>\n<meta name=\"description\" content=\"Exclusive Solitaire White Diamond in18K White Gold studs Earrings a modern interpretation of a timeless style at the best price ever.\" \/>\n<meta name=\"robots\" content=\"index, follow, max-snippet:-1, max-image-preview:large, max-video-preview:-1\" \/>\n<link rel=\"canonical\" href=\"https:\/\/www.sophygeneva.eu\/de\/item\/new-exclusive-solitaire-earrings-0-20cts-white-diamond-in18k-white-gold\/\" \/>\n<meta property=\"og:locale\" content=\"de_DE\" \/>\n<meta property=\"og:type\" content=\"article\" \/>\n<meta property=\"og:title\" content=\"New exclusive: Solitaire Earrings 0.20cts White Diamond in18K White Gold. - Sophy Geneva Jewellery\" \/>\n<meta property=\"og:description\" content=\"Sophy Geneva presents you its Iconic, Glamorous Fine jewelry &amp; watches. Discover our fabulous collections, with a possibility to Virtually try on. Let&#039;s shine\" \/>\n<meta property=\"og:url\" content=\"https:\/\/www.sophygeneva.eu\/de\/item\/new-exclusive-solitaire-earrings-0-20cts-white-diamond-in18k-white-gold\/\" \/>\n<meta property=\"og:site_name\" content=\"Sophy Geneva Jewellery\" \/>\n<meta property=\"article:publisher\" content=\"https:\/\/facebook.com\/sophygeneva\" \/>\n<meta property=\"article:modified_time\" content=\"2022-05-01T20:35:02+00:00\" \/>\n<meta property=\"og:image\" content=\"https:\/\/www.sophygeneva.eu\/web\/wp-content\/uploads\/2022\/03\/White_diamond_solitaire_earrings_in_18k_white_gold_from_Sophy_Geneva.jpg\" \/>\n\t<meta property=\"og:image:width\" content=\"600\" \/>\n\t<meta property=\"og:image:height\" content=\"600\" \/>\n\t<meta property=\"og:image:type\" content=\"image\/jpeg\" \/>\n<meta name=\"twitter:card\" content=\"summary_large_image\" \/>\n<meta name=\"twitter:site\" content=\"@sophygeneva\" \/>\n<meta name=\"twitter:label1\" content=\"Price\" \/>\n\t<meta name=\"twitter:data1\" content=\"&#067;&#072;&#070;&nbsp;695.00 Incl. Tax\" \/>\n\t<meta name=\"twitter:label2\" content=\"Availability\" \/>\n\t<meta name=\"twitter:data2\" content=\"In stock\" \/>\n<script type=\"application\/ld+json\" class=\"yoast-schema-graph\">{\"@context\":\"https:\/\/schema.org\",\"@graph\":[{\"@type\":[\"WebPage\",\"ItemPage\"],\"@id\":\"https:\/\/www.sophygeneva.eu\/item\/new-exclusive-solitaire-earrings-0-20cts-white-diamond-in18k-white-gold\/\",\"url\":\"https:\/\/www.sophygeneva.eu\/item\/new-exclusive-solitaire-earrings-0-20cts-white-diamond-in18k-white-gold\/\",\"name\":\"New exclusive: Solitaire Earrings 0.20cts White Diamond in18K White Gold. - Sophy Geneva Jewellery\",\"isPartOf\":{\"@id\":\"https:\/\/www.sophygeneva.eu\/ru\/#website\"},\"primaryImageOfPage\":{\"@id\":\"https:\/\/www.sophygeneva.eu\/item\/new-exclusive-solitaire-earrings-0-20cts-white-diamond-in18k-white-gold\/#primaryimage\"},\"image\":{\"@id\":\"https:\/\/www.sophygeneva.eu\/item\/new-exclusive-solitaire-earrings-0-20cts-white-diamond-in18k-white-gold\/#primaryimage\"},\"thumbnailUrl\":\"https:\/\/www.sophygeneva.eu\/web\/wp-content\/uploads\/2022\/03\/White_diamond_solitaire_earrings_in_18k_white_gold_from_Sophy_Geneva.jpg\",\"datePublished\":\"2022-03-13T22:34:03+00:00\",\"dateModified\":\"2022-05-01T20:35:02+00:00\",\"description\":\"Exclusive Solitaire White Diamond in18K White Gold studs Earrings a modern interpretation of a timeless style at the best price ever.\",\"breadcrumb\":{\"@id\":\"https:\/\/www.sophygeneva.eu\/item\/new-exclusive-solitaire-earrings-0-20cts-white-diamond-in18k-white-gold\/#breadcrumb\"},\"inLanguage\":\"de-CH\",\"potentialAction\":[{\"@type\":\"ReadAction\",\"target\":[\"https:\/\/www.sophygeneva.eu\/item\/new-exclusive-solitaire-earrings-0-20cts-white-diamond-in18k-white-gold\/\"]}]},{\"@type\":\"ImageObject\",\"inLanguage\":\"de-CH\",\"@id\":\"https:\/\/www.sophygeneva.eu\/item\/new-exclusive-solitaire-earrings-0-20cts-white-diamond-in18k-white-gold\/#primaryimage\",\"url\":\"https:\/\/www.sophygeneva.eu\/web\/wp-content\/uploads\/2022\/03\/White_diamond_solitaire_earrings_in_18k_white_gold_from_Sophy_Geneva.jpg\",\"contentUrl\":\"https:\/\/www.sophygeneva.eu\/web\/wp-content\/uploads\/2022\/03\/White_diamond_solitaire_earrings_in_18k_white_gold_from_Sophy_Geneva.jpg\",\"width\":600,\"height\":600},{\"@type\":\"BreadcrumbList\",\"@id\":\"https:\/\/www.sophygeneva.eu\/item\/new-exclusive-solitaire-earrings-0-20cts-white-diamond-in18k-white-gold\/#breadcrumb\",\"itemListElement\":[{\"@type\":\"ListItem\",\"position\":1,\"name\":\"Home\",\"item\":\"https:\/\/www.sophygeneva.eu\/\"},{\"@type\":\"ListItem\",\"position\":2,\"name\":\"Shop\",\"item\":\"https:\/\/www.sophygeneva.eu\/shop\/\"},{\"@type\":\"ListItem\",\"position\":3,\"name\":\"Women Jewelry\",\"item\":\"https:\/\/www.sophygeneva.eu\/products\/women-jewelry\/\"},{\"@type\":\"ListItem\",\"position\":4,\"name\":\"Earrings\",\"item\":\"https:\/\/www.sophygeneva.eu\/products\/women-jewelry\/earrings\/\"},{\"@type\":\"ListItem\",\"position\":5,\"name\":\"New exclusive: Solitaire Earrings 0.20cts White Diamond in18K White Gold.\"}]},{\"@type\":\"WebSite\",\"@id\":\"https:\/\/www.sophygeneva.eu\/ru\/#website\",\"url\":\"https:\/\/www.sophygeneva.eu\/ru\/\",\"name\":\"Sophy Geneva Jewellery\",\"description\":\"Fine Gold, Diamond, Gems &amp; Watches - Online Swiss Store | Be Wise\",\"publisher\":{\"@id\":\"https:\/\/www.sophygeneva.eu\/ru\/#organization\"},\"potentialAction\":[{\"@type\":\"SearchAction\",\"target\":{\"@type\":\"EntryPoint\",\"urlTemplate\":\"https:\/\/www.sophygeneva.eu\/ru\/?s={search_term_string}\"},\"query-input\":{\"@type\":\"PropertyValueSpecification\",\"valueRequired\":true,\"valueName\":\"search_term_string\"}}],\"inLanguage\":\"de-CH\"},{\"@type\":\"Organization\",\"@id\":\"https:\/\/www.sophygeneva.eu\/ru\/#organization\",\"name\":\"Sophy Geneva\",\"url\":\"https:\/\/www.sophygeneva.eu\/ru\/\",\"logo\":{\"@type\":\"ImageObject\",\"inLanguage\":\"de-CH\",\"@id\":\"https:\/\/www.sophygeneva.eu\/ru\/#\/schema\/logo\/image\/\",\"url\":\"https:\/\/www.sophygeneva.eu\/web\/wp-content\/uploads\/2021\/07\/sophy-geneva-logo-full.png\",\"contentUrl\":\"https:\/\/www.sophygeneva.eu\/web\/wp-content\/uploads\/2021\/07\/sophy-geneva-logo-full.png\",\"width\":2525,\"height\":673,\"caption\":\"Sophy Geneva\"},\"image\":{\"@id\":\"https:\/\/www.sophygeneva.eu\/ru\/#\/schema\/logo\/image\/\"},\"sameAs\":[\"https:\/\/facebook.com\/sophygeneva\",\"https:\/\/x.com\/sophygeneva\",\"https:\/\/instagram.com\/sophygeneva\",\"https:\/\/pinterest.com\/sophygeneva\",\"https:\/\/www.youtube.com\/channel\/UCHd7DXSLnPG1SngLqMh4cAA\"]}]}<\/script>\n<meta property=\"product:brand\" content=\"Fine Jewellery by Sophy Geneva\" \/>\n<meta property=\"product:price:amount\" content=\"695.00\" \/>\n<meta property=\"product:price:currency\" content=\"CHF\" \/>\n<meta property=\"og:availability\" content=\"instock\" \/>\n<meta property=\"product:availability\" content=\"instock\" \/>\n<meta property=\"product:retailer_item_id\" content=\"23795-18KW\" \/>\n<meta property=\"product:condition\" content=\"new\" \/>\n<!-- \/ Yoast SEO Premium plugin. -->","yoast_head_json":{"title":"New exclusive: Solitaire Earrings 0.20cts White Diamond in18K White Gold. - Sophy Geneva Jewellery","description":"Exclusive Solitaire White Diamond in18K White Gold studs Earrings a modern interpretation of a timeless style at the best price ever.","robots":{"index":"index","follow":"follow","max-snippet":"max-snippet:-1","max-image-preview":"max-image-preview:large","max-video-preview":"max-video-preview:-1"},"canonical":"https:\/\/www.sophygeneva.eu\/de\/item\/new-exclusive-solitaire-earrings-0-20cts-white-diamond-in18k-white-gold\/","og_locale":"de_DE","og_type":"article","og_title":"New exclusive: Solitaire Earrings 0.20cts White Diamond in18K White Gold. - Sophy Geneva Jewellery","og_description":"Sophy Geneva presents you its Iconic, Glamorous Fine jewelry & watches. Discover our fabulous collections, with a possibility to Virtually try on. Let's shine","og_url":"https:\/\/www.sophygeneva.eu\/de\/item\/new-exclusive-solitaire-earrings-0-20cts-white-diamond-in18k-white-gold\/","og_site_name":"Sophy Geneva Jewellery","article_publisher":"https:\/\/facebook.com\/sophygeneva","article_modified_time":"2022-05-01T20:35:02+00:00","og_image":[{"width":600,"height":600,"url":"https:\/\/www.sophygeneva.eu\/web\/wp-content\/uploads\/2022\/03\/White_diamond_solitaire_earrings_in_18k_white_gold_from_Sophy_Geneva.jpg","type":"image\/jpeg"}],"twitter_card":"summary_large_image","twitter_site":"@sophygeneva","twitter_misc":{"Price":"&#67;&#72;&#70;&nbsp;695.00 Incl. Tax","Availability":"In stock"},"schema":{"@context":"https:\/\/schema.org","@graph":[{"@type":["WebPage","ItemPage"],"@id":"https:\/\/www.sophygeneva.eu\/item\/new-exclusive-solitaire-earrings-0-20cts-white-diamond-in18k-white-gold\/","url":"https:\/\/www.sophygeneva.eu\/item\/new-exclusive-solitaire-earrings-0-20cts-white-diamond-in18k-white-gold\/","name":"New exclusive: Solitaire Earrings 0.20cts White Diamond in18K White Gold. - Sophy Geneva Jewellery","isPartOf":{"@id":"https:\/\/www.sophygeneva.eu\/ru\/#website"},"primaryImageOfPage":{"@id":"https:\/\/www.sophygeneva.eu\/item\/new-exclusive-solitaire-earrings-0-20cts-white-diamond-in18k-white-gold\/#primaryimage"},"image":{"@id":"https:\/\/www.sophygeneva.eu\/item\/new-exclusive-solitaire-earrings-0-20cts-white-diamond-in18k-white-gold\/#primaryimage"},"thumbnailUrl":"https:\/\/www.sophygeneva.eu\/web\/wp-content\/uploads\/2022\/03\/White_diamond_solitaire_earrings_in_18k_white_gold_from_Sophy_Geneva.jpg","datePublished":"2022-03-13T22:34:03+00:00","dateModified":"2022-05-01T20:35:02+00:00","description":"Exclusive Solitaire White Diamond in18K White Gold studs Earrings a modern interpretation of a timeless style at the best price ever.","breadcrumb":{"@id":"https:\/\/www.sophygeneva.eu\/item\/new-exclusive-solitaire-earrings-0-20cts-white-diamond-in18k-white-gold\/#breadcrumb"},"inLanguage":"de-CH","potentialAction":[{"@type":"ReadAction","target":["https:\/\/www.sophygeneva.eu\/item\/new-exclusive-solitaire-earrings-0-20cts-white-diamond-in18k-white-gold\/"]}]},{"@type":"ImageObject","inLanguage":"de-CH","@id":"https:\/\/www.sophygeneva.eu\/item\/new-exclusive-solitaire-earrings-0-20cts-white-diamond-in18k-white-gold\/#primaryimage","url":"https:\/\/www.sophygeneva.eu\/web\/wp-content\/uploads\/2022\/03\/White_diamond_solitaire_earrings_in_18k_white_gold_from_Sophy_Geneva.jpg","contentUrl":"https:\/\/www.sophygeneva.eu\/web\/wp-content\/uploads\/2022\/03\/White_diamond_solitaire_earrings_in_18k_white_gold_from_Sophy_Geneva.jpg","width":600,"height":600},{"@type":"BreadcrumbList","@id":"https:\/\/www.sophygeneva.eu\/item\/new-exclusive-solitaire-earrings-0-20cts-white-diamond-in18k-white-gold\/#breadcrumb","itemListElement":[{"@type":"ListItem","position":1,"name":"Home","item":"https:\/\/www.sophygeneva.eu\/"},{"@type":"ListItem","position":2,"name":"Shop","item":"https:\/\/www.sophygeneva.eu\/shop\/"},{"@type":"ListItem","position":3,"name":"Women Jewelry","item":"https:\/\/www.sophygeneva.eu\/products\/women-jewelry\/"},{"@type":"ListItem","position":4,"name":"Earrings","item":"https:\/\/www.sophygeneva.eu\/products\/women-jewelry\/earrings\/"},{"@type":"ListItem","position":5,"name":"New exclusive: Solitaire Earrings 0.20cts White Diamond in18K White Gold."}]},{"@type":"WebSite","@id":"https:\/\/www.sophygeneva.eu\/ru\/#website","url":"https:\/\/www.sophygeneva.eu\/ru\/","name":"Sophy Geneva Jewellery","description":"Fine Gold, Diamond, Gems &amp; Watches - Online Swiss Store | Be Wise","publisher":{"@id":"https:\/\/www.sophygeneva.eu\/ru\/#organization"},"potentialAction":[{"@type":"SearchAction","target":{"@type":"EntryPoint","urlTemplate":"https:\/\/www.sophygeneva.eu\/ru\/?s={search_term_string}"},"query-input":{"@type":"PropertyValueSpecification","valueRequired":true,"valueName":"search_term_string"}}],"inLanguage":"de-CH"},{"@type":"Organization","@id":"https:\/\/www.sophygeneva.eu\/ru\/#organization","name":"Sophy Geneva","url":"https:\/\/www.sophygeneva.eu\/ru\/","logo":{"@type":"ImageObject","inLanguage":"de-CH","@id":"https:\/\/www.sophygeneva.eu\/ru\/#\/schema\/logo\/image\/","url":"https:\/\/www.sophygeneva.eu\/web\/wp-content\/uploads\/2021\/07\/sophy-geneva-logo-full.png","contentUrl":"https:\/\/www.sophygeneva.eu\/web\/wp-content\/uploads\/2021\/07\/sophy-geneva-logo-full.png","width":2525,"height":673,"caption":"Sophy Geneva"},"image":{"@id":"https:\/\/www.sophygeneva.eu\/ru\/#\/schema\/logo\/image\/"},"sameAs":["https:\/\/facebook.com\/sophygeneva","https:\/\/x.com\/sophygeneva","https:\/\/instagram.com\/sophygeneva","https:\/\/pinterest.com\/sophygeneva","https:\/\/www.youtube.com\/channel\/UCHd7DXSLnPG1SngLqMh4cAA"]}]},"product_brand":"Fine Jewellery by Sophy Geneva","product_price_amount":"695.00","product_price_currency":"CHF","og_availability":"instock","product_availability":"instock","product_retailer_item_id":"23795-18KW","product_condition":"new"},"jetpack_sharing_enabled":true,"jetpack-related-posts":[],"_links":{"self":[{"href":"https:\/\/www.sophygeneva.eu\/de\/wp-json\/wp\/v2\/product\/15625","targetHints":{"allow":["GET"]}}],"collection":[{"href":"https:\/\/www.sophygeneva.eu\/de\/wp-json\/wp\/v2\/product"}],"about":[{"href":"https:\/\/www.sophygeneva.eu\/de\/wp-json\/wp\/v2\/types\/product"}],"version-history":[{"count":1,"href":"https:\/\/www.sophygeneva.eu\/de\/wp-json\/wp\/v2\/product\/15625\/revisions"}],"predecessor-version":[{"id":15626,"href":"https:\/\/www.sophygeneva.eu\/de\/wp-json\/wp\/v2\/product\/15625\/revisions\/15626"}],"wp:featuredmedia":[{"embeddable":true,"href":"https:\/\/www.sophygeneva.eu\/de\/wp-json\/wp\/v2\/media\/15616"}],"wp:attachment":[{"href":"https:\/\/www.sophygeneva.eu\/de\/wp-json\/wp\/v2\/media?parent=15625"}],"wp:term":[{"taxonomy":"product_cat","embeddable":true,"href":"https:\/\/www.sophygeneva.eu\/de\/wp-json\/wp\/v2\/product_cat?post=15625"},{"taxonomy":"product_tag","embeddable":true,"href":"https:\/\/www.sophygeneva.eu\/de\/wp-json\/wp\/v2\/product_tag?post=15625"}],"curies":[{"name":"wp","href":"https:\/\/api.w.org\/{rel}","templated":true}]}}