{"id":2485,"date":"2021-06-25T14:01:53","date_gmt":"2021-06-25T12:01:53","guid":{"rendered":"https:\/\/www.sophygeneva.eu\/?page_id=2485"},"modified":"2021-07-15T08:16:44","modified_gmt":"2021-07-15T06:16:44","slug":"terms-and-conditions","status":"publish","type":"page","link":"https:\/\/www.sophygeneva.eu\/de\/terms-and-conditions\/","title":{"rendered":"Gesch\u00e4ftsbedingungen"},"content":{"rendered":"<p><span style=\"color: #8dc8e8;\">GESCH\u00c4FTSBEDINGUNGEN<\/span><\/p>\n<p>Allgemeine Gesch\u00e4ftsbedingungen f\u00fcr die Lieferung von Waren \u00fcber den Online-Shop von Sophy Geneva Jewellery (sophygeneva.eu). Diese Allgemeinen Gesch\u00e4ftsbedingungen gelten f\u00fcr alle Vertr\u00e4ge, die von Sophy Genf (nachfolgend \u201eSophy Genf\u201c, \u201eunser\u201c oder \u201ewir\u201c) abgeschlossen werden. Indem Sie Ihre Bestellung bei uns aufgeben, akzeptieren Sie diese Allgemeinen Gesch\u00e4ftsbedingungen. Wenn Sie diese Allgemeinen Gesch\u00e4ftsbedingungen nicht vollst\u00e4ndig akzeptieren, haben Sie keine Berechtigung zum Zugriff auf die Inhalte dieser Website und sollten deren Nutzung sofort einstellen.<\/p>\n<p>Indem Sie unsere Website besuchen und\/oder etwas von uns kaufen, nehmen Sie an unserem \u201eService\u201c teil und stimmen zu, an die folgenden Allgemeinen Gesch\u00e4ftsbedingungen (\u201eNutzungsbedingungen\u201c, \u201eAllgemeine Gesch\u00e4ftsbedingungen\u201c), einschlie\u00dflich dieser zus\u00e4tzlichen Gesch\u00e4ftsbedingungen, gebunden zu sein und Richtlinien, auf die hierin Bezug genommen wird und\/oder die \u00fcber einen Hyperlink verf\u00fcgbar sind. Diese Nutzungsbedingungen gelten f\u00fcr alle Benutzer der Website, einschlie\u00dflich und ohne Einschr\u00e4nkung Benutzer, die Browser, Anbieter, Kunden, H\u00e4ndler und\/oder Beitragende von Inhalten sind.<\/p>\n<p>Bitte lesen Sie diese Nutzungsbedingungen sorgf\u00e4ltig durch, bevor Sie auf unsere Website zugreifen oder diese nutzen. Durch den Zugriff auf oder die Nutzung eines Teils der Website erkl\u00e4ren Sie sich mit diesen Allgemeinen Gesch\u00e4ftsbedingungen einverstanden. Wenn Sie nicht allen Bedingungen dieser Vereinbarung zustimmen, d\u00fcrfen Sie nicht auf die Website zugreifen oder Dienste nutzen.<\/p>\n<p>Unser Shop wird auf WooCommerce gehostet. Sie stellen uns eine Online-E-Commerce-Plattform zur Verf\u00fcgung, die es uns erm\u00f6glicht, unsere Produkte und Dienstleistungen an Sie zu verkaufen.<\/p>\n<p><span style=\"color: #2c76ba;\">SITE-ZUGRIFF UND \u00c4NDERUNGEN<\/span><\/p>\n<p>Unsere Website \u00e4ndert sich regelm\u00e4\u00dfig und der Zugriff auf diese Website ist vor\u00fcbergehend gestattet. Wir sind bestrebt, unsere Website regelm\u00e4\u00dfig zu aktualisieren und k\u00f6nnen den Inhalt jederzeit \u00e4ndern, einschlie\u00dflich der Produktdetails und Preise ohne vorherige Ank\u00fcndigung. Bei Bedarf k\u00f6nnen wir den Zugriff auf unsere Website aussetzen oder auf unbestimmte Zeit schlie\u00dfen. Jegliches Material auf unserer Website kann zu einem bestimmten Zeitpunkt veraltet sein, und wir sind nicht verpflichtet, dieses Material zu aktualisieren. das Goldgewicht kann sich von -+2% \u00e4ndern auch das Diamantkarat. Sie sind auch daf\u00fcr verantwortlich sicherzustellen, dass alle Personen, die \u00fcber Ihre Internetverbindung auf unsere Site zugreifen, diese Bedingungen kennen und einhalten.<\/p>\n<p><span style=\"color: #2c76ba;\">VERTRAG<\/span><\/p>\n<p>Zwischen Ihnen und Sophy Geneva Jewellery besteht kein Vertrag \u00fcber den Verkauf eines Produkts, es sei denn und bis Sophy Geneva Jewellery Ihre Bestellung mit einer Best\u00e4tigungs-E-Mail angenommen hat und die vollst\u00e4ndige Zahlung von Ihrer Kredit-\/Debitkarte oder \u00fcber Paypal oder eine unserer Zahlungsmethoden abgebucht wurde , Unsere Annahme Ihrer Bestellung begr\u00fcndet einen rechtsverbindlichen Vertrag zwischen uns. Nur Erwachsene (Personen ab 18 Jahren) sind berechtigt, rechtsverbindliche Vertr\u00e4ge abzuschlie\u00dfen.<\/p>\n<p>Sophy Geneva Jewellery beh\u00e4lt sich das Recht vor, Ihre Bestellung nicht anzunehmen, falls wir keine Zahlungsgenehmigung einholen k\u00f6nnen, wenn f\u00fcr einen bestimmten Artikel Versandbeschr\u00e4nkungen gelten, wenn der bestellte Artikel nicht unseren Qualit\u00e4tskontrollstandards entspricht und zur\u00fcckgezogen wird Lagerbestand oder bei Preis- oder Inhaltsfehlern. Wir k\u00f6nnen auch die Verarbeitung und daher die Annahme einer Transaktion aus irgendeinem Grund verweigern oder den Service jederzeit nach unserem alleinigen Ermessen verweigern. Wir haften nicht f\u00fcr indirekte Verluste oder Folgesch\u00e4den, Sch\u00e4den oder Ausgaben, die aus der Nichtannahme Ihrer Bestellung entstehen, und wir haften Ihnen gegen\u00fcber nicht als Entsch\u00e4digung, au\u00dfer f\u00fcr die R\u00fcckerstattung des f\u00fcr die fraglichen Ware bezahlten Betrags.<\/p>\n<p><span style=\"color: #2c76ba;\">ZAHLUNG<\/span><\/p>\n<p>Durch den Kauf auf dieser Website best\u00e4tigen Sie, dass das Paypal-Konto oder die Kredit-\/Debitkarte oder eine beliebige Zahlungsmethode verwendet wurde, die von Ihnen verwendet wird oder dass Sie vom Inhaber des Paypal-Kontos oder der Kredit-\/Debitkarte ausdr\u00fccklich autorisiert wurden, benutze es. Alle Kredit-\/Debitkarteninhaber unterliegen Validierungspr\u00fcfungen und Autorisierungen durch den Kartenaussteller. Wenn der Aussteller Ihrer Zahlungskarte die Autorisierung der Zahlung verweigert, haften wir nicht f\u00fcr Verz\u00f6gerungen oder Nichtlieferungen. Die Zahlung kann per Paypal oder \u00fcber Ihre Kredit-\/Debitkarte erfolgen, die mit Ihrem Paypal-Konto verkn\u00fcpft ist. Auch durch andere Methoden, die auf unserer Website beworben werden k\u00f6nnen.<\/p>","protected":false},"excerpt":{"rendered":"<p>ALLGEMEINE GESCH\u00c4FTSBEDINGUNGEN Allgemeine Gesch\u00e4ftsbedingungen f\u00fcr die Lieferung von Waren \u00fcber den Online-Shop von Sophy Geneva Jewellery (sophygeneva.eu). Diese Bedingungen<\/p>","protected":false},"author":1,"featured_media":0,"parent":0,"menu_order":0,"comment_status":"closed","ping_status":"closed","template":"","meta":{"footnotes":""},"class_list":["post-2485","page","type-page","status-publish","hentry"],"yoast_head":"<!-- This site is optimized with the Yoast SEO Premium plugin v18.1 (Yoast SEO v24.1) - https:\/\/yoast.com\/wordpress\/plugins\/seo\/ -->\n<title>Terms and Conditions - Sophy Geneva Jewellery<\/title>\n<meta name=\"robots\" content=\"index, follow, max-snippet:-1, max-image-preview:large, max-video-preview:-1\" \/>\n<link rel=\"canonical\" href=\"https:\/\/www.sophygeneva.eu\/de\/nl\/terms-and-conditions\/\" \/>\n<meta property=\"og:locale\" content=\"de_DE\" \/>\n<meta property=\"og:type\" content=\"article\" \/>\n<meta property=\"og:title\" content=\"Terms and Conditions - Sophy Geneva Jewellery\" \/>\n<meta property=\"og:description\" content=\"TERMS AND CONDITIONS Terms and conditions for the supply of goods through Sophy Geneva Jewellery online store (sophygeneva.eu). These Terms\" \/>\n<meta property=\"og:url\" content=\"https:\/\/www.sophygeneva.eu\/de\/nl\/terms-and-conditions\/\" \/>\n<meta property=\"og:site_name\" content=\"Sophy Geneva Jewellery\" \/>\n<meta property=\"article:publisher\" content=\"https:\/\/facebook.com\/sophygeneva\" \/>\n<meta property=\"article:modified_time\" content=\"2021-07-15T06:16:44+00:00\" \/>\n<meta property=\"og:image\" content=\"https:\/\/www.sophygeneva.eu\/web\/wp-content\/uploads\/2021\/07\/sophy-geneva-logo-full.png\" \/>\n\t<meta property=\"og:image:width\" content=\"2525\" \/>\n\t<meta property=\"og:image:height\" content=\"673\" \/>\n\t<meta property=\"og:image:type\" content=\"image\/png\" \/>\n<meta name=\"twitter:card\" content=\"summary_large_image\" \/>\n<meta name=\"twitter:site\" content=\"@sophygeneva\" \/>\n<meta name=\"twitter:label1\" content=\"Gesch\u00e4tzte Lesezeit\" \/>\n\t<meta name=\"twitter:data1\" content=\"3\u00a0Minuten\" \/>\n<script type=\"application\/ld+json\" class=\"yoast-schema-graph\">{\"@context\":\"https:\/\/schema.org\",\"@graph\":[{\"@type\":\"WebPage\",\"@id\":\"https:\/\/www.sophygeneva.eu\/nl\/terms-and-conditions\/\",\"url\":\"https:\/\/www.sophygeneva.eu\/nl\/terms-and-conditions\/\",\"name\":\"Terms and Conditions - Sophy Geneva Jewellery\",\"isPartOf\":{\"@id\":\"https:\/\/www.sophygeneva.eu\/ru\/#website\"},\"datePublished\":\"2021-06-25T12:01:53+00:00\",\"dateModified\":\"2021-07-15T06:16:44+00:00\",\"breadcrumb\":{\"@id\":\"https:\/\/www.sophygeneva.eu\/nl\/terms-and-conditions\/#breadcrumb\"},\"inLanguage\":\"de-CH\",\"potentialAction\":[{\"@type\":\"ReadAction\",\"target\":[\"https:\/\/www.sophygeneva.eu\/nl\/terms-and-conditions\/\"]}]},{\"@type\":\"BreadcrumbList\",\"@id\":\"https:\/\/www.sophygeneva.eu\/nl\/terms-and-conditions\/#breadcrumb\",\"itemListElement\":[{\"@type\":\"ListItem\",\"position\":1,\"name\":\"Home\",\"item\":\"https:\/\/www.sophygeneva.eu\/\"},{\"@type\":\"ListItem\",\"position\":2,\"name\":\"Terms and Conditions\"}]},{\"@type\":\"WebSite\",\"@id\":\"https:\/\/www.sophygeneva.eu\/ru\/#website\",\"url\":\"https:\/\/www.sophygeneva.eu\/ru\/\",\"name\":\"Sophy Geneva Jewellery\",\"description\":\"Fine Gold, Diamond, Gems &amp; Watches - Online Swiss Store | Be Wise\",\"publisher\":{\"@id\":\"https:\/\/www.sophygeneva.eu\/ru\/#organization\"},\"potentialAction\":[{\"@type\":\"SearchAction\",\"target\":{\"@type\":\"EntryPoint\",\"urlTemplate\":\"https:\/\/www.sophygeneva.eu\/ru\/?s={search_term_string}\"},\"query-input\":{\"@type\":\"PropertyValueSpecification\",\"valueRequired\":true,\"valueName\":\"search_term_string\"}}],\"inLanguage\":\"de-CH\"},{\"@type\":\"Organization\",\"@id\":\"https:\/\/www.sophygeneva.eu\/ru\/#organization\",\"name\":\"Sophy Geneva\",\"url\":\"https:\/\/www.sophygeneva.eu\/ru\/\",\"logo\":{\"@type\":\"ImageObject\",\"inLanguage\":\"de-CH\",\"@id\":\"https:\/\/www.sophygeneva.eu\/ru\/#\/schema\/logo\/image\/\",\"url\":\"https:\/\/www.sophygeneva.eu\/web\/wp-content\/uploads\/2021\/07\/sophy-geneva-logo-full.png\",\"contentUrl\":\"https:\/\/www.sophygeneva.eu\/web\/wp-content\/uploads\/2021\/07\/sophy-geneva-logo-full.png\",\"width\":2525,\"height\":673,\"caption\":\"Sophy Geneva\"},\"image\":{\"@id\":\"https:\/\/www.sophygeneva.eu\/ru\/#\/schema\/logo\/image\/\"},\"sameAs\":[\"https:\/\/facebook.com\/sophygeneva\",\"https:\/\/x.com\/sophygeneva\",\"https:\/\/instagram.com\/sophygeneva\",\"https:\/\/pinterest.com\/sophygeneva\",\"https:\/\/www.youtube.com\/channel\/UCHd7DXSLnPG1SngLqMh4cAA\"]}]}<\/script>\n<!-- \/ Yoast SEO Premium plugin. -->","yoast_head_json":{"title":"Terms and Conditions - Sophy Geneva Jewellery","robots":{"index":"index","follow":"follow","max-snippet":"max-snippet:-1","max-image-preview":"max-image-preview:large","max-video-preview":"max-video-preview:-1"},"canonical":"https:\/\/www.sophygeneva.eu\/de\/nl\/terms-and-conditions\/","og_locale":"de_DE","og_type":"article","og_title":"Terms and Conditions - Sophy Geneva Jewellery","og_description":"TERMS AND CONDITIONS Terms and conditions for the supply of goods through Sophy Geneva Jewellery online store (sophygeneva.eu). These Terms","og_url":"https:\/\/www.sophygeneva.eu\/de\/nl\/terms-and-conditions\/","og_site_name":"Sophy Geneva Jewellery","article_publisher":"https:\/\/facebook.com\/sophygeneva","article_modified_time":"2021-07-15T06:16:44+00:00","og_image":[{"width":2525,"height":673,"url":"https:\/\/www.sophygeneva.eu\/web\/wp-content\/uploads\/2021\/07\/sophy-geneva-logo-full.png","type":"image\/png"}],"twitter_card":"summary_large_image","twitter_site":"@sophygeneva","twitter_misc":{"Gesch\u00e4tzte Lesezeit":"3\u00a0Minuten"},"schema":{"@context":"https:\/\/schema.org","@graph":[{"@type":"WebPage","@id":"https:\/\/www.sophygeneva.eu\/nl\/terms-and-conditions\/","url":"https:\/\/www.sophygeneva.eu\/nl\/terms-and-conditions\/","name":"Terms and Conditions - Sophy Geneva Jewellery","isPartOf":{"@id":"https:\/\/www.sophygeneva.eu\/ru\/#website"},"datePublished":"2021-06-25T12:01:53+00:00","dateModified":"2021-07-15T06:16:44+00:00","breadcrumb":{"@id":"https:\/\/www.sophygeneva.eu\/nl\/terms-and-conditions\/#breadcrumb"},"inLanguage":"de-CH","potentialAction":[{"@type":"ReadAction","target":["https:\/\/www.sophygeneva.eu\/nl\/terms-and-conditions\/"]}]},{"@type":"BreadcrumbList","@id":"https:\/\/www.sophygeneva.eu\/nl\/terms-and-conditions\/#breadcrumb","itemListElement":[{"@type":"ListItem","position":1,"name":"Home","item":"https:\/\/www.sophygeneva.eu\/"},{"@type":"ListItem","position":2,"name":"Terms and Conditions"}]},{"@type":"WebSite","@id":"https:\/\/www.sophygeneva.eu\/ru\/#website","url":"https:\/\/www.sophygeneva.eu\/ru\/","name":"Sophy Geneva Jewellery","description":"Fine Gold, Diamond, Gems &amp; Watches - Online Swiss Store | Be Wise","publisher":{"@id":"https:\/\/www.sophygeneva.eu\/ru\/#organization"},"potentialAction":[{"@type":"SearchAction","target":{"@type":"EntryPoint","urlTemplate":"https:\/\/www.sophygeneva.eu\/ru\/?s={search_term_string}"},"query-input":{"@type":"PropertyValueSpecification","valueRequired":true,"valueName":"search_term_string"}}],"inLanguage":"de-CH"},{"@type":"Organization","@id":"https:\/\/www.sophygeneva.eu\/ru\/#organization","name":"Sophy Geneva","url":"https:\/\/www.sophygeneva.eu\/ru\/","logo":{"@type":"ImageObject","inLanguage":"de-CH","@id":"https:\/\/www.sophygeneva.eu\/ru\/#\/schema\/logo\/image\/","url":"https:\/\/www.sophygeneva.eu\/web\/wp-content\/uploads\/2021\/07\/sophy-geneva-logo-full.png","contentUrl":"https:\/\/www.sophygeneva.eu\/web\/wp-content\/uploads\/2021\/07\/sophy-geneva-logo-full.png","width":2525,"height":673,"caption":"Sophy Geneva"},"image":{"@id":"https:\/\/www.sophygeneva.eu\/ru\/#\/schema\/logo\/image\/"},"sameAs":["https:\/\/facebook.com\/sophygeneva","https:\/\/x.com\/sophygeneva","https:\/\/instagram.com\/sophygeneva","https:\/\/pinterest.com\/sophygeneva","https:\/\/www.youtube.com\/channel\/UCHd7DXSLnPG1SngLqMh4cAA"]}]}},"jetpack_sharing_enabled":true,"jetpack-related-posts":[],"_links":{"self":[{"href":"https:\/\/www.sophygeneva.eu\/de\/wp-json\/wp\/v2\/pages\/2485","targetHints":{"allow":["GET"]}}],"collection":[{"href":"https:\/\/www.sophygeneva.eu\/de\/wp-json\/wp\/v2\/pages"}],"about":[{"href":"https:\/\/www.sophygeneva.eu\/de\/wp-json\/wp\/v2\/types\/page"}],"author":[{"embeddable":true,"href":"https:\/\/www.sophygeneva.eu\/de\/wp-json\/wp\/v2\/users\/1"}],"replies":[{"embeddable":true,"href":"https:\/\/www.sophygeneva.eu\/de\/wp-json\/wp\/v2\/comments?post=2485"}],"version-history":[{"count":4,"href":"https:\/\/www.sophygeneva.eu\/de\/wp-json\/wp\/v2\/pages\/2485\/revisions"}],"predecessor-version":[{"id":4882,"href":"https:\/\/www.sophygeneva.eu\/de\/wp-json\/wp\/v2\/pages\/2485\/revisions\/4882"}],"wp:attachment":[{"href":"https:\/\/www.sophygeneva.eu\/de\/wp-json\/wp\/v2\/media?parent=2485"}],"curies":[{"name":"wp","href":"https:\/\/api.w.org\/{rel}","templated":true}]}}